{"id":7724,"date":"2025-07-21T14:52:19","date_gmt":"2025-07-21T14:52:19","guid":{"rendered":"https:\/\/www.ca-autofinance.ch\/le-nostre-promozioni-leasing\/"},"modified":"2026-02-19T13:29:08","modified_gmt":"2026-02-19T13:29:08","slug":"le-nostre-promozioni-leasing","status":"publish","type":"page","link":"https:\/\/www.ca-autofinance.ch\/it\/le-nostre-promozioni-leasing\/","title":{"rendered":"Le nostre promozioni leasing"},"content":{"rendered":"\n        <div\n            id=\"block_42f55137-2db4-4065-888a-666ddb6bbfe9\"\n            class=\"wp-block internal-header-block \"\n                    >\n\n        <h1><strong>Le nostre promozioni<\/strong><br \/>\r\nleasing<\/h1>\n    <div class=\"cms-txt\"><p>Scopri ora le nostre attraenti offerte di leasing e realizza il tuo desiderio di un veicolo nuovo \u2013 con CA Auto Finance, il tuo forte partner per finanziamenti su misura.<\/p>\n<\/div>\n\n\n        <\/div>\n    \n\n\n\n\n\n\n        <div\n            id=\"block_34dbab22-4267-41b6-9a55-edda5e22b099\"\n            class=\"wp-block two-columns-container-masonry-block \"\n                        data-block-js-component=\"twoColumnsContainerMasonryBlock\"\n                    >\n\n        \n\n    \n\n        <div\n            id=\"block_47a8e02b-7271-4791-8e31-65d26a34a3a4\"\n            class=\"wp-block content-preview-card-block innerfriendly \"\n                    >\n\n        \n    <div class=\"card content-inner-friendly  bgcolor bgcolor-fuchsia hovercard \">\n                <a\n            target=\"_self\"\n            href=\"https:\/\/www.ca-autofinance.ch\/it\/le-nostre-promozioni-leasing\/fiat-abarth\/\"\n            aria-label=\"SCOPRI LE PROMOZIONI\"                    >\n                        <div class=\"card-body\">\n                                                                <h3 class=\"card-title\n                text-style-uppercase\n                text-weight-bold\n                text-size-bigger\"\n                >\n                    Fiat &amp; Abarth                <\/h3>\n\n                <div class=\"card-text cms-txt\"><p>Le tue avventure urbane ti chiamano!<br \/>\nVivi il fascino italiano e le prestazioni vivaci di Fiat e Abarth. Scopri le nostre esclusive offerte di leasing per la tua prossima vettura. Sia che tu cerchi agilit\u00e0 in citt\u00e0 o sportivit\u00e0 su strada \u2013 abbiamo la soluzione giusta per te.<\/p>\n<\/div>\n                                                            <p\n                            class=\"cta--simple cta--simple--white \"\n                            aria-label=\"SCOPRI LE PROMOZIONI\"                        >\n                            SCOPRI LE PROMOZIONI                        <\/p>\n                                                <\/div>\n                    <\/a>\n    \n    <\/div>\n\n\n        <\/div>\n    \n\n\n\n\n\n\n        <div\n            id=\"block_e4cbf1e4-00cd-4680-b00e-1d5556c728aa\"\n            class=\"wp-block highlight-text-block innerfriendly \"\n                    >\n\n        \n<p class=\"content-inner-friendly\n        text-weight-light\n        text-lh-small\n        text-green\"\n>\nLa tua corsa dei sogni inizia qui.<\/p>\n\n\n        <\/div>\n    \n\n\n\n\n\n\n        <div\n            id=\"block_f3bec30a-fd44-4d80-9a53-9395e1a127bf\"\n            class=\"wp-block content-preview-card-block innerfriendly \"\n                    >\n\n        \n    <div class=\"card content-inner-friendly  bgcolor bgcolor-white hovercard align-items-start\">\n                <a\n            target=\"_self\"\n            href=\"https:\/\/www.ca-autofinance.ch\/it\/le-nostre-promozioni-leasing\/alfa-romeo\/\"\n            aria-label=\"SCOPRI LE PROMOZIONI\"                    >\n                        <div class=\"card-body\">\n                                    <img decoding=\"async\" loading=\"lazy\" class=\"card-img-top\" src=\"https:\/\/www.ca-autofinance.ch\/wp-content\/uploads\/sites\/14\/2025\/07\/660x400_AlfaRomeo.png\" alt=\"\"\/>\n                                                                <h3 class=\"card-title\n                text-style-uppercase\n                text-weight-bold\n                text-size-bigger\"\n                >\n                    Alfa Romeo                <\/h3>\n\n                <div class=\"card-text cms-txt\"><p>Guida la passione!<br \/>\nImmergiti nel mondo di Alfa Romeo e senti la pura passione di guida italiana. Con le nostre offerte di leasing ti avvicini al tuo sogno di un&#8217;Alfa Romeo sportiva ed elegante.<\/p>\n<\/div>\n                                                            <p\n                            class=\"cta--simple \"\n                            aria-label=\"SCOPRI LE PROMOZIONI\"                        >\n                            SCOPRI LE PROMOZIONI                        <\/p>\n                                                <\/div>\n                    <\/a>\n    \n    <\/div>\n\n\n        <\/div>\n    \n\n\n\n\n\n\n        <div\n            id=\"block_9ceef940-5476-488d-b61f-825436e3ce94\"\n            class=\"wp-block content-preview-card-block innerfriendly \"\n                    >\n\n        \n    <div class=\"card content-inner-friendly  bgcolor bgcolor-white hovercard align-items-start\">\n                <a\n            target=\"_self\"\n            href=\"https:\/\/www.ca-autofinance.ch\/it\/le-nostre-promozioni-leasing\/jeep\/\"\n            aria-label=\"SCOPRI LE PROMOZIONI\"                    >\n                        <div class=\"card-body\">\n                                    <img decoding=\"async\" loading=\"lazy\" class=\"card-img-top\" src=\"https:\/\/www.ca-autofinance.ch\/wp-content\/uploads\/sites\/14\/2026\/02\/660x400_Jeep.webp\" alt=\"\"\/>\n                                                                <h3 class=\"card-title\n                text-style-uppercase\n                text-weight-bold\n                text-size-bigger\"\n                >\n                    Jeep                <\/h3>\n\n                <div class=\"card-text cms-txt\"><p>Pronto per ogni avventura?<br \/>\nScopri la libert\u00e0 e la robustezza di una Jeep. Con le nostre attraenti offerte di leasing sei equipaggiato al meglio per ogni terreno. Vivi un design iconico e prestazioni insuperabili.<\/p>\n<\/div>\n                                                            <p\n                            class=\"cta--simple \"\n                            aria-label=\"SCOPRI LE PROMOZIONI\"                        >\n                            SCOPRI LE PROMOZIONI                        <\/p>\n                                                <\/div>\n                    <\/a>\n    \n    <\/div>\n\n\n        <\/div>\n    \n\n\n\n\n\n\n        <div\n            id=\"block_68718e67-cfb8-4f5a-bb85-87c8166fdcd0\"\n            class=\"wp-block content-preview-card-block innerfriendly \"\n                    >\n\n        \n    <div class=\"card content-inner-friendly  bgcolor bgcolor-gray-dark hovercard \">\n                <a\n            target=\"_self\"\n            href=\"https:\/\/www.ca-autofinance.ch\/it\/le-nostre-promozioni-leasing\/mg\/\"\n            aria-label=\"SCOPRI LE PROMOZIONI\"                    >\n                        <div class=\"card-body\">\n                                                                <h3 class=\"card-title\n                text-style-uppercase\n                text-weight-bold\n                text-size-bigger\"\n                >\n                    MG                <\/h3>\n\n                <div class=\"card-text cms-txt\"><p>Pronto per ogni avventura?<br \/>\nScopri la libert\u00e0 e la robustezza di una MG. Con le nostre attraenti offerte di leasing sei equipaggiato al meglio per ogni terreno. Vivi un design iconico e prestazioni insuperabili.<\/p>\n<\/div>\n                                                            <p\n                            class=\"cta--simple cta--simple--white \"\n                            aria-label=\"SCOPRI LE PROMOZIONI\"                        >\n                            SCOPRI LE PROMOZIONI                        <\/p>\n                                                <\/div>\n                    <\/a>\n    \n    <\/div>\n\n\n        <\/div>\n    \n\n\n\n\n\n\n        <\/div>\n    \n\n\n\n","protected":false},"excerpt":{"rendered":"","protected":false},"author":35,"featured_media":0,"parent":0,"menu_order":0,"comment_status":"closed","ping_status":"closed","template":"templates\/template-ch-qr-offers-frontpage.php","meta":{"_acf_changed":false,"_relevanssi_hide_post":"","_relevanssi_hide_content":"","_relevanssi_pin_for_all":"","_relevanssi_pin_keywords":"","_relevanssi_unpin_keywords":"","_relevanssi_related_keywords":"","_relevanssi_related_include_ids":"","_relevanssi_related_exclude_ids":"","_relevanssi_related_no_append":"","_relevanssi_related_not_related":"","_relevanssi_related_posts":"","_relevanssi_noindex_reason":"","footnotes":""},"class_list":["post-7724","page","type-page","status-publish","hentry"],"acf":[],"yoast_head":"<!-- This site is optimized with the Yoast SEO plugin v26.9 - https:\/\/yoast.com\/product\/yoast-seo-wordpress\/ -->\n<title>Le nostre promozioni leasing - CA Auto Finance Suisse SA<\/title>\n<meta name=\"robots\" content=\"index, follow, max-snippet:-1, max-image-preview:large, max-video-preview:-1\" \/>\n<link rel=\"canonical\" href=\"https:\/\/www.ca-autofinance.ch\/it\/le-nostre-promozioni-leasing\/\" \/>\n<meta property=\"og:locale\" content=\"it_IT\" \/>\n<meta property=\"og:type\" content=\"article\" \/>\n<meta property=\"og:title\" content=\"Le nostre promozioni leasing - CA Auto Finance Suisse SA\" \/>\n<meta property=\"og:url\" content=\"https:\/\/www.ca-autofinance.ch\/it\/le-nostre-promozioni-leasing\/\" \/>\n<meta property=\"og:site_name\" content=\"CA Auto Finance Suisse SA\" \/>\n<meta property=\"article:modified_time\" content=\"2026-02-19T13:29:08+00:00\" \/>\n<meta property=\"og:image\" content=\"https:\/\/www.ca-autofinance.ch\/wp-content\/uploads\/sites\/14\/2023\/04\/LOGO-CA-AUTO-FINANCE_1200x675.png\" \/>\n\t<meta property=\"og:image:width\" content=\"1200\" \/>\n\t<meta property=\"og:image:height\" content=\"675\" \/>\n\t<meta property=\"og:image:type\" content=\"image\/png\" \/>\n<meta name=\"twitter:card\" content=\"summary_large_image\" \/>\n<script type=\"application\/ld+json\" class=\"yoast-schema-graph\">{\"@context\":\"https:\/\/schema.org\",\"@graph\":[{\"@type\":\"WebPage\",\"@id\":\"https:\/\/www.ca-autofinance.ch\/it\/le-nostre-promozioni-leasing\/\",\"url\":\"https:\/\/www.ca-autofinance.ch\/it\/le-nostre-promozioni-leasing\/\",\"name\":\"Le nostre promozioni leasing - CA Auto Finance Suisse SA\",\"isPartOf\":{\"@id\":\"https:\/\/www.ca-autofinance.ch\/it\/#website\"},\"datePublished\":\"2025-07-21T14:52:19+00:00\",\"dateModified\":\"2026-02-19T13:29:08+00:00\",\"breadcrumb\":{\"@id\":\"https:\/\/www.ca-autofinance.ch\/it\/le-nostre-promozioni-leasing\/#breadcrumb\"},\"inLanguage\":\"it-IT\",\"potentialAction\":[{\"@type\":\"ReadAction\",\"target\":[\"https:\/\/www.ca-autofinance.ch\/it\/le-nostre-promozioni-leasing\/\"]}]},{\"@type\":\"BreadcrumbList\",\"@id\":\"https:\/\/www.ca-autofinance.ch\/it\/le-nostre-promozioni-leasing\/#breadcrumb\",\"itemListElement\":[{\"@type\":\"ListItem\",\"position\":1,\"name\":\"Home\",\"item\":\"https:\/\/www.ca-autofinance.ch\/it\/\"},{\"@type\":\"ListItem\",\"position\":2,\"name\":\"Le nostre promozioni leasing\"}]},{\"@type\":\"WebSite\",\"@id\":\"https:\/\/www.ca-autofinance.ch\/it\/#website\",\"url\":\"https:\/\/www.ca-autofinance.ch\/it\/\",\"name\":\"CA Auto Finance Suisse SA\",\"description\":\"\",\"publisher\":{\"@id\":\"https:\/\/www.ca-autofinance.ch\/it\/#organization\"},\"potentialAction\":[{\"@type\":\"SearchAction\",\"target\":{\"@type\":\"EntryPoint\",\"urlTemplate\":\"https:\/\/www.ca-autofinance.ch\/it\/?s={search_term_string}\"},\"query-input\":{\"@type\":\"PropertyValueSpecification\",\"valueRequired\":true,\"valueName\":\"search_term_string\"}}],\"inLanguage\":\"it-IT\"},{\"@type\":\"Organization\",\"@id\":\"https:\/\/www.ca-autofinance.ch\/it\/#organization\",\"name\":\"CA Auto Finance Suisse SA\",\"url\":\"https:\/\/www.ca-autofinance.ch\/it\/\",\"logo\":{\"@type\":\"ImageObject\",\"inLanguage\":\"it-IT\",\"@id\":\"https:\/\/www.ca-autofinance.ch\/it\/#\/schema\/logo\/image\/\",\"url\":\"https:\/\/www.ca-autofinance.ch\/wp-content\/uploads\/sites\/14\/2023\/04\/LOGO-CA-AUTO-FINANCE_696x696.png\",\"contentUrl\":\"https:\/\/www.ca-autofinance.ch\/wp-content\/uploads\/sites\/14\/2023\/04\/LOGO-CA-AUTO-FINANCE_696x696.png\",\"width\":696,\"height\":696,\"caption\":\"CA Auto Finance Suisse SA\"},\"image\":{\"@id\":\"https:\/\/www.ca-autofinance.ch\/it\/#\/schema\/logo\/image\/\"}}]}<\/script>\n<!-- \/ Yoast SEO plugin. -->","yoast_head_json":{"title":"Le nostre promozioni leasing - CA Auto Finance Suisse SA","robots":{"index":"index","follow":"follow","max-snippet":"max-snippet:-1","max-image-preview":"max-image-preview:large","max-video-preview":"max-video-preview:-1"},"canonical":"https:\/\/www.ca-autofinance.ch\/it\/le-nostre-promozioni-leasing\/","og_locale":"it_IT","og_type":"article","og_title":"Le nostre promozioni leasing - CA Auto Finance Suisse SA","og_url":"https:\/\/www.ca-autofinance.ch\/it\/le-nostre-promozioni-leasing\/","og_site_name":"CA Auto Finance Suisse SA","article_modified_time":"2026-02-19T13:29:08+00:00","og_image":[{"width":1200,"height":675,"url":"https:\/\/www.ca-autofinance.ch\/wp-content\/uploads\/sites\/14\/2023\/04\/LOGO-CA-AUTO-FINANCE_1200x675.png","type":"image\/png"}],"twitter_card":"summary_large_image","schema":{"@context":"https:\/\/schema.org","@graph":[{"@type":"WebPage","@id":"https:\/\/www.ca-autofinance.ch\/it\/le-nostre-promozioni-leasing\/","url":"https:\/\/www.ca-autofinance.ch\/it\/le-nostre-promozioni-leasing\/","name":"Le nostre promozioni leasing - CA Auto Finance Suisse SA","isPartOf":{"@id":"https:\/\/www.ca-autofinance.ch\/it\/#website"},"datePublished":"2025-07-21T14:52:19+00:00","dateModified":"2026-02-19T13:29:08+00:00","breadcrumb":{"@id":"https:\/\/www.ca-autofinance.ch\/it\/le-nostre-promozioni-leasing\/#breadcrumb"},"inLanguage":"it-IT","potentialAction":[{"@type":"ReadAction","target":["https:\/\/www.ca-autofinance.ch\/it\/le-nostre-promozioni-leasing\/"]}]},{"@type":"BreadcrumbList","@id":"https:\/\/www.ca-autofinance.ch\/it\/le-nostre-promozioni-leasing\/#breadcrumb","itemListElement":[{"@type":"ListItem","position":1,"name":"Home","item":"https:\/\/www.ca-autofinance.ch\/it\/"},{"@type":"ListItem","position":2,"name":"Le nostre promozioni leasing"}]},{"@type":"WebSite","@id":"https:\/\/www.ca-autofinance.ch\/it\/#website","url":"https:\/\/www.ca-autofinance.ch\/it\/","name":"CA Auto Finance Suisse SA","description":"","publisher":{"@id":"https:\/\/www.ca-autofinance.ch\/it\/#organization"},"potentialAction":[{"@type":"SearchAction","target":{"@type":"EntryPoint","urlTemplate":"https:\/\/www.ca-autofinance.ch\/it\/?s={search_term_string}"},"query-input":{"@type":"PropertyValueSpecification","valueRequired":true,"valueName":"search_term_string"}}],"inLanguage":"it-IT"},{"@type":"Organization","@id":"https:\/\/www.ca-autofinance.ch\/it\/#organization","name":"CA Auto Finance Suisse SA","url":"https:\/\/www.ca-autofinance.ch\/it\/","logo":{"@type":"ImageObject","inLanguage":"it-IT","@id":"https:\/\/www.ca-autofinance.ch\/it\/#\/schema\/logo\/image\/","url":"https:\/\/www.ca-autofinance.ch\/wp-content\/uploads\/sites\/14\/2023\/04\/LOGO-CA-AUTO-FINANCE_696x696.png","contentUrl":"https:\/\/www.ca-autofinance.ch\/wp-content\/uploads\/sites\/14\/2023\/04\/LOGO-CA-AUTO-FINANCE_696x696.png","width":696,"height":696,"caption":"CA Auto Finance Suisse SA"},"image":{"@id":"https:\/\/www.ca-autofinance.ch\/it\/#\/schema\/logo\/image\/"}}]}},"_links":{"self":[{"href":"https:\/\/www.ca-autofinance.ch\/it\/wp-json\/wp\/v2\/pages\/7724","targetHints":{"allow":["GET"]}}],"collection":[{"href":"https:\/\/www.ca-autofinance.ch\/it\/wp-json\/wp\/v2\/pages"}],"about":[{"href":"https:\/\/www.ca-autofinance.ch\/it\/wp-json\/wp\/v2\/types\/page"}],"author":[{"embeddable":true,"href":"https:\/\/www.ca-autofinance.ch\/it\/wp-json\/wp\/v2\/users\/35"}],"replies":[{"embeddable":true,"href":"https:\/\/www.ca-autofinance.ch\/it\/wp-json\/wp\/v2\/comments?post=7724"}],"version-history":[{"count":4,"href":"https:\/\/www.ca-autofinance.ch\/it\/wp-json\/wp\/v2\/pages\/7724\/revisions"}],"predecessor-version":[{"id":10403,"href":"https:\/\/www.ca-autofinance.ch\/it\/wp-json\/wp\/v2\/pages\/7724\/revisions\/10403"}],"wp:attachment":[{"href":"https:\/\/www.ca-autofinance.ch\/it\/wp-json\/wp\/v2\/media?parent=7724"}],"curies":[{"name":"wp","href":"https:\/\/api.w.org\/{rel}","templated":true}]}}