{"id":637,"date":"2023-02-20T16:02:31","date_gmt":"2023-02-20T16:02:31","guid":{"rendered":"https:\/\/www.ca-autofinance.ch\/finanziamenti-servizi\/"},"modified":"2023-03-24T09:16:03","modified_gmt":"2023-03-24T09:16:03","slug":"finanziamenti","status":"publish","type":"page","link":"https:\/\/www.ca-autofinance.ch\/it\/finanziamenti\/","title":{"rendered":"Finanziamenti"},"content":{"rendered":"\n        <div\n            id=\"block_c9618c2d-f7f4-4815-a7b1-2aff36c10747\"\n            class=\"wp-block heroarea-block \"\n                    >\n\n        \n\n<div class=\"hero-item\" style=\"background-image: url('https:\/\/www.ca-autofinance.ch\/wp-content\/uploads\/sites\/14\/2023\/03\/FinancingServices_B1_desktop-1440x700.jpg')\">\n    <div class=\"generic-wrapper generic-wrapper--lg-full\">\n    <div class=\"hero-item__image\">\n        <picture>\n            <source media=\"(min-width: 730px)\"\n                    srcset=\"https:\/\/www.ca-autofinance.ch\/wp-content\/uploads\/sites\/14\/2023\/03\/FinancingServices_B1_desktop-1440x700.jpg\" \/>\n                <img decoding=\"async\"\n                    src=\"https:\/\/www.ca-autofinance.ch\/wp-content\/uploads\/sites\/14\/2023\/03\/FINANZIAMENTI-E-SERVIZI_OVERVIEW_MOB_V3.jpg\"\n                                            alt=\"\"\n                                    \/>\n        <\/picture>\n            <\/div>\n\n    <div class=\"blurred blurred--light\" style=\"background-image: url('https:\/\/www.ca-autofinance.ch\/wp-content\/uploads\/sites\/14\/2023\/03\/FinancingServices_B1_desktop-1440x700.jpg')\"><\/div>\n    <div class=\"hero-item-content color-light\">\n\n        <div class=\"hero-item-content-inner hero-item-text-light\">\n\n        <div class=\"breadcrumbs\"><span><span><a href=\"https:\/\/www.ca-autofinance.ch\/it\/\">Home<\/a><\/span><\/span><\/div>\n                \n                                                                    \n\n\n                <h1 class=\"text-style-uppercase text-weight-light\">\n                    <strong>Finanziamenti<\/strong>                <\/h1>\n\n                \n                                                                    \n                                    <div class=\"cms-txt custom-lh\">\n                        <p>Scopri tutte le soluzioni finanziarie pensate per la tua mobilit\u00e0 o per supportare il tuo business, firmate <span class=\"text-nowrap\">CA Auto Finance<\/span>. Puoi anche costruire la copertura assicurativa pi\u00f9 in linea con le tue esigenze, scegliendo tra i servizi accessori abbinabili.<\/p>\n                    <\/div>\n                \n                <div class=\"hero-item-ctas double\">\n\n                               <\/div>\n\n                \n\n                                    <div class=\"mini-spacer\"><\/div>\n                \n        <\/div>\n    <\/div>\n<\/div>\n<\/div>\n\n        <\/div>\n    \n\n\n\n\n\n\n        <div\n            id=\"block_4235cbf5-5bf0-4fb4-860d-3560e350d4c6\"\n            class=\"wp-block section-block \"\n                    >\n\n        \n<section\n    id=\"section-8ca949fa-9aa7-428a-b716-39e0301d5ad7\"\n    data-anchor=\"\"\n    data-title=\"\"\n    class=\"bg-color-aqua\"\n>\n    \n\n        <div\n            id=\"block_971e189e-7819-440a-8a40-0e66482833f7\"\n            class=\"wp-block spacer-block \"\n                    >\n\n        \n<div class=\"spacer-50\"><\/div>\n\n\n        <\/div>\n    \n\n\n\n\n\n\n        <div\n            id=\"block_de12c293-6b52-47c7-9792-28b176f57163\"\n            class=\"wp-block title-section-block \"\n                    >\n\n        <h2><strong>Finanziamenti<\/strong><br \/>\r\nveicoli<\/h2>\n\n\n        <\/div>\n    \n\n\n\n\n\n\n        <div\n            id=\"block_5c4dab0c-c370-4240-93cc-7333ff49182a\"\n            class=\"wp-block spacer-block \"\n                    >\n\n        \n<div class=\"spacer-50\"><\/div>\n\n\n        <\/div>\n    \n\n\n\n\n\n\n        <div\n            id=\"block_92a50212-48e5-4581-a6f5-b887b579baca\"\n            class=\"wp-block two-columns-container-masonry-block \"\n                        data-block-js-component=\"twoColumnsContainerMasonryBlock\"\n                    >\n\n        \n\n    \n\n        <div\n            id=\"block_36f66156-2f20-4882-9614-cde48e86f707\"\n            class=\"wp-block content-preview-card-block innerfriendly \"\n                    >\n\n        \n    <div class=\"card content-inner-friendly  standard hovercard\">\n                <a\n            target=\"_self\"\n            href=\"https:\/\/www.ca-autofinance.ch\/it\/finanziamenti-servizi\/auto\/\"\n                                >\n                                        <img decoding=\"async\" loading=\"lazy\" class=\"card-img-top\" src=\"https:\/\/www.ca-autofinance.ch\/wp-content\/uploads\/sites\/14\/2023\/02\/FINANZIAMENTI-E-SERVIZI_AUTO.jpg\" alt=\"\"\/>\n                        <div class=\"card-body\">\n                                                <h3 class=\"card-title\n                text-style-uppercase\n                text-weight-bold\n                text-size-bigger\"\n                >\n                    Auto                <\/h3>\n\n                <div class=\"card-text cms-txt\"><p>Trova la modalit\u00e0 di acquisto della tua nuova auto pi\u00f9 coerente con le tue necessit\u00e0: <span class=\"text-nowrap\">CA Auto Finance<\/span> ha costruito un\u2019ampia gamma di offerte finanziarie intorno a te.<\/p>\n<\/div>\n                                                            <p\n                            class=\"cta--simple\"\n                                                    >\n                            Scopri di pi\u00f9                        <\/p>\n                                                <\/div>\n                    <\/a>\n    \n    <\/div>\n\n\n        <\/div>\n    \n\n\n\n\n\n\n        <div\n            id=\"block_5e0a847c-deca-4cb8-a621-34910e9fbc84\"\n            class=\"wp-block highlight-text-block innerfriendly \"\n                    >\n\n        \n<p class=\"content-inner-friendly\n        text-weight-light\n        text-lh-small\n        text-green\"\n>\nSoluzioni finanziarie per la tua mobilit\u00e0 e per il tuo business.<\/p>\n\n\n        <\/div>\n    \n\n\n\n\n\n\n        <div\n            id=\"block_4ac568ab-9f60-4729-afb2-b0dc3e434daf\"\n            class=\"wp-block content-preview-card-block innerfriendly \"\n                    >\n\n        \n    <div class=\"card content-inner-friendly  bgcolor bgcolor-fuchsia hovercard\">\n                <a\n            target=\"_self\"\n            href=\"https:\/\/www.ca-autofinance.ch\/it\/finanziamenti-servizi\/roulotte-e-camper\/\"\n                                >\n                                    <div class=\"card-body\">\n                                                <h3 class=\"card-title\n                text-style-uppercase\n                text-weight-bold\n                text-size-bigger\"\n                >\n                    Roulotte e Camper                <\/h3>\n\n                <div class=\"card-text cms-txt\"><p>Le proposte di <span class=\"text-nowrap\">CA Auto Finance<\/span> rappresentano una modalit\u00e0 di accesso facilitato a questo mondo: potrai avere il Caravan o Camper dei tuoi sogni, nel modo pi\u00f9 semplice e versatile.<\/p>\n<\/div>\n                                                            <p\n                            class=\"cta--simple cta--simple--white\"\n                                                    >\n                            Scopri di pi\u00f9                        <\/p>\n                                                <\/div>\n                    <\/a>\n    \n    <\/div>\n\n\n        <\/div>\n    \n\n\n\n\n\n\n        <div\n            id=\"block_eb11f519-c0ba-4531-8b66-d9144268f1b0\"\n            class=\"wp-block content-preview-card-block innerfriendly \"\n                    >\n\n        \n    <div class=\"card content-inner-friendly  standard hovercard\">\n                <a\n            target=\"_self\"\n            href=\"https:\/\/www.ca-autofinance.ch\/it\/finanziamenti-servizi\/moto\/\"\n                                >\n                                        <img decoding=\"async\" loading=\"lazy\" class=\"card-img-top\" src=\"https:\/\/www.ca-autofinance.ch\/wp-content\/uploads\/sites\/14\/2023\/02\/FINANZIAMENTI-E-SERVIZI_MOTOCICLI.jpg\" alt=\"\"\/>\n                        <div class=\"card-body\">\n                                                <h3 class=\"card-title\n                text-style-uppercase\n                text-weight-bold\n                text-size-bigger\"\n                >\n                    Motocicli                <\/h3>\n\n                <div class=\"card-text cms-txt\"><p>Scegli la soluzione finanziaria pi\u00f9 adatta a te fra le tante dedicate all\u2019acquisto del tuo motociclo. Troverai proposte semplici e vantaggiose studiate su misura per la moto dei tuoi sogni.<\/p>\n<\/div>\n                                                            <p\n                            class=\"cta--simple\"\n                                                    >\n                            Scopri di pi\u00f9                        <\/p>\n                                                <\/div>\n                    <\/a>\n    \n    <\/div>\n\n\n        <\/div>\n    \n\n\n\n\n\n\n        <div\n            id=\"block_2cb2e4a8-cace-477d-978a-86b98b33c903\"\n            class=\"wp-block content-preview-card-block innerfriendly \"\n                    >\n\n        \n    <div class=\"card content-inner-friendly  bgcolor bgcolor-green-light hovercard\">\n                <a\n            target=\"_self\"\n            href=\"https:\/\/www.ca-autofinance.ch\/it\/assicurazioni\/\"\n                                >\n                                    <div class=\"card-body\">\n                                                <h3 class=\"card-title\n                text-style-uppercase\n                text-weight-bold\n                text-size-bigger\"\n                >\n                    SERVIZI ASSICURATIVI                <\/h3>\n\n                <div class=\"card-text cms-txt\"><p>Costruisci la copertura assicurativa pi\u00f9 adatta alle tue esigenze: scegli tra i servizi accessori abbinabili all\u2019offerta finanziaria di <span class=\"text-nowrap\">CA Auto Finance<\/span>.<\/p>\n<\/div>\n                                                            <p\n                            class=\"cta--simple cta--simple--white\"\n                                                    >\n                            Scopri di pi\u00f9                        <\/p>\n                                                <\/div>\n                    <\/a>\n    \n    <\/div>\n\n\n        <\/div>\n    \n\n\n\n\n\n\n        <\/div>\n    \n\n\n\n\n\n\n        <div\n            id=\"block_8a3a3813-0096-46da-856c-daa86c86498d\"\n            class=\"wp-block spacer-block \"\n                    >\n\n        \n<div class=\"spacer-100\"><\/div>\n\n\n        <\/div>\n    \n\n\n\n\n\n<\/section>\n\n        <\/div>\n    \n\n\n\n","protected":false},"excerpt":{"rendered":"","protected":false},"author":35,"featured_media":0,"parent":0,"menu_order":0,"comment_status":"closed","ping_status":"closed","template":"templates\/template-productpage.php","meta":{"_acf_changed":false,"_relevanssi_hide_post":"","_relevanssi_hide_content":"","_relevanssi_pin_for_all":"","_relevanssi_pin_keywords":"","_relevanssi_unpin_keywords":"","_relevanssi_related_keywords":"","_relevanssi_related_include_ids":"","_relevanssi_related_exclude_ids":"","_relevanssi_related_no_append":"","_relevanssi_related_not_related":"","_relevanssi_related_posts":"","_relevanssi_noindex_reason":"","footnotes":""},"class_list":["post-637","page","type-page","status-publish","hentry"],"acf":[],"yoast_head":"<!-- This site is optimized with the Yoast SEO plugin v25.6 - https:\/\/yoast.com\/wordpress\/plugins\/seo\/ -->\n<title>Finanziamenti - CA Auto Finance Suisse SA<\/title>\n<meta name=\"robots\" content=\"index, follow, max-snippet:-1, max-image-preview:large, max-video-preview:-1\" \/>\n<link rel=\"canonical\" href=\"https:\/\/www.ca-autofinance.ch\/it\/finanziamenti\/\" \/>\n<meta property=\"og:locale\" content=\"it_IT\" \/>\n<meta property=\"og:type\" content=\"article\" \/>\n<meta property=\"og:title\" content=\"Finanziamenti - CA Auto Finance Suisse SA\" \/>\n<meta property=\"og:url\" content=\"https:\/\/www.ca-autofinance.ch\/it\/finanziamenti\/\" \/>\n<meta property=\"og:site_name\" content=\"CA Auto Finance Suisse SA\" \/>\n<meta property=\"article:modified_time\" content=\"2023-03-24T09:16:03+00:00\" \/>\n<meta property=\"og:image\" content=\"https:\/\/www.ca-autofinance.ch\/wp-content\/uploads\/sites\/14\/2023\/04\/LOGO-CA-AUTO-FINANCE_1200x675.png\" \/>\n\t<meta property=\"og:image:width\" content=\"1200\" \/>\n\t<meta property=\"og:image:height\" content=\"675\" \/>\n\t<meta property=\"og:image:type\" content=\"image\/png\" \/>\n<meta name=\"twitter:card\" content=\"summary_large_image\" \/>\n<script type=\"application\/ld+json\" class=\"yoast-schema-graph\">{\"@context\":\"https:\/\/schema.org\",\"@graph\":[{\"@type\":\"WebPage\",\"@id\":\"https:\/\/www.ca-autofinance.ch\/it\/finanziamenti\/\",\"url\":\"https:\/\/www.ca-autofinance.ch\/it\/finanziamenti\/\",\"name\":\"Finanziamenti - CA Auto Finance Suisse SA\",\"isPartOf\":{\"@id\":\"https:\/\/www.ca-autofinance.ch\/it\/#website\"},\"datePublished\":\"2023-02-20T16:02:31+00:00\",\"dateModified\":\"2023-03-24T09:16:03+00:00\",\"breadcrumb\":{\"@id\":\"https:\/\/www.ca-autofinance.ch\/it\/finanziamenti\/#breadcrumb\"},\"inLanguage\":\"it-IT\",\"potentialAction\":[{\"@type\":\"ReadAction\",\"target\":[\"https:\/\/www.ca-autofinance.ch\/it\/finanziamenti\/\"]}]},{\"@type\":\"BreadcrumbList\",\"@id\":\"https:\/\/www.ca-autofinance.ch\/it\/finanziamenti\/#breadcrumb\",\"itemListElement\":[{\"@type\":\"ListItem\",\"position\":1,\"name\":\"Home\",\"item\":\"https:\/\/www.ca-autofinance.ch\/it\/\"},{\"@type\":\"ListItem\",\"position\":2,\"name\":\"Finanziamenti\"}]},{\"@type\":\"WebSite\",\"@id\":\"https:\/\/www.ca-autofinance.ch\/it\/#website\",\"url\":\"https:\/\/www.ca-autofinance.ch\/it\/\",\"name\":\"CA Auto Finance Suisse SA\",\"description\":\"\",\"publisher\":{\"@id\":\"https:\/\/www.ca-autofinance.ch\/it\/#organization\"},\"potentialAction\":[{\"@type\":\"SearchAction\",\"target\":{\"@type\":\"EntryPoint\",\"urlTemplate\":\"https:\/\/www.ca-autofinance.ch\/it\/?s={search_term_string}\"},\"query-input\":{\"@type\":\"PropertyValueSpecification\",\"valueRequired\":true,\"valueName\":\"search_term_string\"}}],\"inLanguage\":\"it-IT\"},{\"@type\":\"Organization\",\"@id\":\"https:\/\/www.ca-autofinance.ch\/it\/#organization\",\"name\":\"CA Auto Finance Suisse SA\",\"url\":\"https:\/\/www.ca-autofinance.ch\/it\/\",\"logo\":{\"@type\":\"ImageObject\",\"inLanguage\":\"it-IT\",\"@id\":\"https:\/\/www.ca-autofinance.ch\/it\/#\/schema\/logo\/image\/\",\"url\":\"https:\/\/www.ca-autofinance.ch\/wp-content\/uploads\/sites\/14\/2023\/04\/LOGO-CA-AUTO-FINANCE_696x696.png\",\"contentUrl\":\"https:\/\/www.ca-autofinance.ch\/wp-content\/uploads\/sites\/14\/2023\/04\/LOGO-CA-AUTO-FINANCE_696x696.png\",\"width\":696,\"height\":696,\"caption\":\"CA Auto Finance Suisse SA\"},\"image\":{\"@id\":\"https:\/\/www.ca-autofinance.ch\/it\/#\/schema\/logo\/image\/\"}}]}<\/script>\n<!-- \/ Yoast SEO plugin. -->","yoast_head_json":{"title":"Finanziamenti - CA Auto Finance Suisse SA","robots":{"index":"index","follow":"follow","max-snippet":"max-snippet:-1","max-image-preview":"max-image-preview:large","max-video-preview":"max-video-preview:-1"},"canonical":"https:\/\/www.ca-autofinance.ch\/it\/finanziamenti\/","og_locale":"it_IT","og_type":"article","og_title":"Finanziamenti - CA Auto Finance Suisse SA","og_url":"https:\/\/www.ca-autofinance.ch\/it\/finanziamenti\/","og_site_name":"CA Auto Finance Suisse SA","article_modified_time":"2023-03-24T09:16:03+00:00","og_image":[{"width":1200,"height":675,"url":"https:\/\/www.ca-autofinance.ch\/wp-content\/uploads\/sites\/14\/2023\/04\/LOGO-CA-AUTO-FINANCE_1200x675.png","type":"image\/png"}],"twitter_card":"summary_large_image","schema":{"@context":"https:\/\/schema.org","@graph":[{"@type":"WebPage","@id":"https:\/\/www.ca-autofinance.ch\/it\/finanziamenti\/","url":"https:\/\/www.ca-autofinance.ch\/it\/finanziamenti\/","name":"Finanziamenti - CA Auto Finance Suisse SA","isPartOf":{"@id":"https:\/\/www.ca-autofinance.ch\/it\/#website"},"datePublished":"2023-02-20T16:02:31+00:00","dateModified":"2023-03-24T09:16:03+00:00","breadcrumb":{"@id":"https:\/\/www.ca-autofinance.ch\/it\/finanziamenti\/#breadcrumb"},"inLanguage":"it-IT","potentialAction":[{"@type":"ReadAction","target":["https:\/\/www.ca-autofinance.ch\/it\/finanziamenti\/"]}]},{"@type":"BreadcrumbList","@id":"https:\/\/www.ca-autofinance.ch\/it\/finanziamenti\/#breadcrumb","itemListElement":[{"@type":"ListItem","position":1,"name":"Home","item":"https:\/\/www.ca-autofinance.ch\/it\/"},{"@type":"ListItem","position":2,"name":"Finanziamenti"}]},{"@type":"WebSite","@id":"https:\/\/www.ca-autofinance.ch\/it\/#website","url":"https:\/\/www.ca-autofinance.ch\/it\/","name":"CA Auto Finance Suisse SA","description":"","publisher":{"@id":"https:\/\/www.ca-autofinance.ch\/it\/#organization"},"potentialAction":[{"@type":"SearchAction","target":{"@type":"EntryPoint","urlTemplate":"https:\/\/www.ca-autofinance.ch\/it\/?s={search_term_string}"},"query-input":{"@type":"PropertyValueSpecification","valueRequired":true,"valueName":"search_term_string"}}],"inLanguage":"it-IT"},{"@type":"Organization","@id":"https:\/\/www.ca-autofinance.ch\/it\/#organization","name":"CA Auto Finance Suisse SA","url":"https:\/\/www.ca-autofinance.ch\/it\/","logo":{"@type":"ImageObject","inLanguage":"it-IT","@id":"https:\/\/www.ca-autofinance.ch\/it\/#\/schema\/logo\/image\/","url":"https:\/\/www.ca-autofinance.ch\/wp-content\/uploads\/sites\/14\/2023\/04\/LOGO-CA-AUTO-FINANCE_696x696.png","contentUrl":"https:\/\/www.ca-autofinance.ch\/wp-content\/uploads\/sites\/14\/2023\/04\/LOGO-CA-AUTO-FINANCE_696x696.png","width":696,"height":696,"caption":"CA Auto Finance Suisse SA"},"image":{"@id":"https:\/\/www.ca-autofinance.ch\/it\/#\/schema\/logo\/image\/"}}]}},"_links":{"self":[{"href":"https:\/\/www.ca-autofinance.ch\/it\/wp-json\/wp\/v2\/pages\/637","targetHints":{"allow":["GET"]}}],"collection":[{"href":"https:\/\/www.ca-autofinance.ch\/it\/wp-json\/wp\/v2\/pages"}],"about":[{"href":"https:\/\/www.ca-autofinance.ch\/it\/wp-json\/wp\/v2\/types\/page"}],"author":[{"embeddable":true,"href":"https:\/\/www.ca-autofinance.ch\/it\/wp-json\/wp\/v2\/users\/35"}],"replies":[{"embeddable":true,"href":"https:\/\/www.ca-autofinance.ch\/it\/wp-json\/wp\/v2\/comments?post=637"}],"version-history":[{"count":0,"href":"https:\/\/www.ca-autofinance.ch\/it\/wp-json\/wp\/v2\/pages\/637\/revisions"}],"wp:attachment":[{"href":"https:\/\/www.ca-autofinance.ch\/it\/wp-json\/wp\/v2\/media?parent=637"}],"curies":[{"name":"wp","href":"https:\/\/api.w.org\/{rel}","templated":true}]}}