{"id":7721,"date":"2025-07-21T14:52:19","date_gmt":"2025-07-21T14:52:19","guid":{"rendered":"https:\/\/www.ca-autofinance.ch\/nos-actions-de-leasing\/"},"modified":"2026-02-25T14:14:50","modified_gmt":"2026-02-25T14:14:50","slug":"nos-actions-de-leasing","status":"publish","type":"page","link":"https:\/\/www.ca-autofinance.ch\/fr\/nos-actions-de-leasing\/","title":{"rendered":"Nos actions de leasing"},"content":{"rendered":"\n        <div\n            id=\"block_5d4d181f-bafc-4bc7-bdaa-41ac7f2dd731\"\n            class=\"wp-block internal-header-block \"\n                    >\n\n        <h1><strong>Nos actions de<\/strong><br \/>\r\nleasing<\/h1>\n    <div class=\"cms-txt\"><p>D\u00e9couvrez maintenant nos offres de leasing attractives et r\u00e9alisez votre souhait d&rsquo;un nouveau v\u00e9hicule \u2013 avec CA Auto Finance, votre partenaire solide pour des financements sur mesure.<\/p>\n<\/div>\n\n\n        <\/div>\n    \n\n\n\n\n\n\n        <div\n            id=\"block_cedeb9b5-96ed-4244-8946-405039aef443\"\n            class=\"wp-block two-columns-container-masonry-block \"\n                        data-block-js-component=\"twoColumnsContainerMasonryBlock\"\n                    >\n\n        \n\n    \n\n        <div\n            id=\"block_7e66ab33-d53a-4db3-9be0-a5f2e8e9b5c4\"\n            class=\"wp-block content-preview-card-block innerfriendly \"\n                    >\n\n        \n    <div class=\"card content-inner-friendly  bgcolor bgcolor-fuchsia hovercard \">\n                <a\n            target=\"_self\"\n            href=\"https:\/\/www.ca-autofinance.ch\/fr\/nos-actions-de-leasing\/fiat-abarth\/\"\n            aria-label=\"VERS LES ACTIONS\"                    >\n                        <div class=\"card-body\">\n                                                                <h3 class=\"card-title\n                text-style-uppercase\n                text-weight-bold\n                text-size-bigger\"\n                >\n                    Fiat &amp; Abarth                <\/h3>\n\n                <div class=\"card-text cms-txt\"><p>Vos aventures urbaines vous appellent !<br \/>\nD\u00e9couvrez le flair italien et la performance p\u00e9tillante de Fiat et Abarth. Explorez nos offres de leasing exclusives pour votre prochain v\u00e9hicule. Que ce soit pour une conduite agile en ville ou sportive sur les routes de campagne \u2013 nous avons la solution qui vous convient.  <\/p>\n<\/div>\n                                                            <p\n                            class=\"cta--simple cta--simple--white \"\n                            aria-label=\"VERS LES ACTIONS\"                        >\n                            VERS LES ACTIONS                        <\/p>\n                                                <\/div>\n                    <\/a>\n    \n    <\/div>\n\n\n        <\/div>\n    \n\n\n\n\n\n\n        <div\n            id=\"block_719ecfd2-6eaf-4e75-936e-42be7e224db4\"\n            class=\"wp-block highlight-text-block innerfriendly \"\n                    >\n\n        \n<p class=\"content-inner-friendly\n        text-weight-light\n        text-lh-small\n        text-green\"\n>\nVotre course de r\u00eave commence ici.<\/p>\n\n\n        <\/div>\n    \n\n\n\n\n\n\n        <div\n            id=\"block_cd62364b-7a87-46fd-a478-72aec190b4b4\"\n            class=\"wp-block content-preview-card-block innerfriendly \"\n                    >\n\n        \n    <div class=\"card content-inner-friendly  bgcolor bgcolor-white hovercard align-items-start\">\n                <a\n            target=\"_self\"\n            href=\"https:\/\/www.ca-autofinance.ch\/fr\/nos-actions-de-leasing\/alfa-romeo\/\"\n            aria-label=\"VERS LES ACTIONS\"                    >\n                        <div class=\"card-body\">\n                                    <img decoding=\"async\" loading=\"lazy\" class=\"card-img-top\" src=\"https:\/\/www.ca-autofinance.ch\/wp-content\/uploads\/sites\/14\/2025\/07\/660x400_AlfaRomeo.png\" alt=\"\"\/>\n                                                                <h3 class=\"card-title\n                text-style-uppercase\n                text-weight-bold\n                text-size-bigger\"\n                >\n                    Alfa Romeo                <\/h3>\n\n                <div class=\"card-text cms-txt\"><p>Conduisez la passion !<br \/>\nPlongez dans le monde d&rsquo;Alfa Romeo et ressentez la pure passion de la conduite italienne. Avec nos offres de leasing, vous vous rapprochez de votre r\u00eave d&rsquo;une Alfa Romeo sportive et \u00e9l\u00e9gante. <\/p>\n<\/div>\n                                                            <p\n                            class=\"cta--simple \"\n                            aria-label=\"VERS LES ACTIONS\"                        >\n                            VERS LES ACTIONS                        <\/p>\n                                                <\/div>\n                    <\/a>\n    \n    <\/div>\n\n\n        <\/div>\n    \n\n\n\n\n\n\n        <div\n            id=\"block_b3b0943c-0ec7-44d5-8bc6-7ee2b220021f\"\n            class=\"wp-block content-preview-card-block innerfriendly \"\n                    >\n\n        \n    <div class=\"card content-inner-friendly  bgcolor bgcolor-white hovercard align-items-start\">\n                <a\n            target=\"_self\"\n            href=\"https:\/\/www.ca-autofinance.ch\/fr\/nos-actions-de-leasing\/jeep\/\"\n            aria-label=\"VERS LES ACTIONS\"                    >\n                        <div class=\"card-body\">\n                                    <img decoding=\"async\" loading=\"lazy\" class=\"card-img-top\" src=\"https:\/\/www.ca-autofinance.ch\/wp-content\/uploads\/sites\/14\/2025\/07\/660x400_Jeep.png\" alt=\"\"\/>\n                                                                <h3 class=\"card-title\n                text-style-uppercase\n                text-weight-bold\n                text-size-bigger\"\n                >\n                    Jeep                <\/h3>\n\n                <div class=\"card-text cms-txt\"><p>Pr\u00eat pour chaque aventure ?<br \/>\nD\u00e9couvrez la libert\u00e9 et la robustesse d&rsquo;une Jeep. Avec nos offres de leasing attractives, vous \u00eates parfaitement \u00e9quip\u00e9 pour chaque terrain. Vivez un design iconique et une performance in\u00e9gal\u00e9e.  <\/p>\n<\/div>\n                                                            <p\n                            class=\"cta--simple \"\n                            aria-label=\"VERS LES ACTIONS\"                        >\n                            VERS LES ACTIONS                        <\/p>\n                                                <\/div>\n                    <\/a>\n    \n    <\/div>\n\n\n        <\/div>\n    \n\n\n\n\n\n\n        <div\n            id=\"block_31e97119-12fa-46a9-aa22-12ac898e7bf7\"\n            class=\"wp-block content-preview-card-block innerfriendly \"\n                    >\n\n        \n    <div class=\"card content-inner-friendly  bgcolor bgcolor-gray-dark hovercard \">\n                <a\n            target=\"_self\"\n            href=\"https:\/\/www.ca-autofinance.ch\/fr\/nos-actions-de-leasing\/mg\/\"\n            aria-label=\"VERS LES ACTIONS\"                    >\n                        <div class=\"card-body\">\n                                                                <h3 class=\"card-title\n                text-style-uppercase\n                text-weight-bold\n                text-size-bigger\"\n                >\n                    MG                <\/h3>\n\n                <div class=\"card-text cms-txt\"><p>Pr\u00eat pour chaque aventure ?<br \/>\nD\u00e9couvrez la libert\u00e9 et la robustesse d&rsquo;une MG. Avec nos offres de leasing attractives, vous \u00eates parfaitement \u00e9quip\u00e9 pour chaque terrain. Vivez un design iconique et une performance in\u00e9gal\u00e9e.<\/p>\n<\/div>\n                                                            <p\n                            class=\"cta--simple cta--simple--white \"\n                            aria-label=\"VERS LES ACTIONS\"                        >\n                            VERS LES ACTIONS                        <\/p>\n                                                <\/div>\n                    <\/a>\n    \n    <\/div>\n\n\n        <\/div>\n    \n\n\n\n\n\n\n        <\/div>\n    \n\n\n\n","protected":false},"excerpt":{"rendered":"","protected":false},"author":35,"featured_media":0,"parent":0,"menu_order":0,"comment_status":"closed","ping_status":"closed","template":"templates\/template-ch-qr-offers-frontpage.php","meta":{"_acf_changed":false,"_relevanssi_hide_post":"","_relevanssi_hide_content":"","_relevanssi_pin_for_all":"","_relevanssi_pin_keywords":"","_relevanssi_unpin_keywords":"","_relevanssi_related_keywords":"","_relevanssi_related_include_ids":"","_relevanssi_related_exclude_ids":"","_relevanssi_related_no_append":"","_relevanssi_related_not_related":"","_relevanssi_related_posts":"","_relevanssi_noindex_reason":"","footnotes":""},"class_list":["post-7721","page","type-page","status-publish","hentry"],"acf":[],"yoast_head":"<!-- This site is optimized with the Yoast SEO plugin v26.9 - https:\/\/yoast.com\/product\/yoast-seo-wordpress\/ -->\n<title>Nos actions de leasing - CA Auto Finance Suisse SA<\/title>\n<meta name=\"robots\" content=\"index, follow, max-snippet:-1, max-image-preview:large, max-video-preview:-1\" \/>\n<link rel=\"canonical\" href=\"https:\/\/www.ca-autofinance.ch\/fr\/nos-actions-de-leasing\/\" \/>\n<meta property=\"og:locale\" content=\"fr_FR\" \/>\n<meta property=\"og:type\" content=\"article\" \/>\n<meta property=\"og:title\" content=\"Nos actions de leasing - CA Auto Finance Suisse SA\" \/>\n<meta property=\"og:url\" content=\"https:\/\/www.ca-autofinance.ch\/fr\/nos-actions-de-leasing\/\" \/>\n<meta property=\"og:site_name\" content=\"CA Auto Finance Suisse SA\" \/>\n<meta property=\"article:modified_time\" content=\"2026-02-25T14:14:50+00:00\" \/>\n<meta property=\"og:image\" content=\"https:\/\/www.ca-autofinance.ch\/wp-content\/uploads\/sites\/14\/2023\/04\/LOGO-CA-AUTO-FINANCE_1200x675.png\" \/>\n\t<meta property=\"og:image:width\" content=\"1200\" \/>\n\t<meta property=\"og:image:height\" content=\"675\" \/>\n\t<meta property=\"og:image:type\" content=\"image\/png\" \/>\n<meta name=\"twitter:card\" content=\"summary_large_image\" \/>\n<script type=\"application\/ld+json\" class=\"yoast-schema-graph\">{\"@context\":\"https:\/\/schema.org\",\"@graph\":[{\"@type\":\"WebPage\",\"@id\":\"https:\/\/www.ca-autofinance.ch\/fr\/nos-actions-de-leasing\/\",\"url\":\"https:\/\/www.ca-autofinance.ch\/fr\/nos-actions-de-leasing\/\",\"name\":\"Nos actions de leasing - CA Auto Finance Suisse SA\",\"isPartOf\":{\"@id\":\"https:\/\/www.ca-autofinance.ch\/fr\/#website\"},\"datePublished\":\"2025-07-21T14:52:19+00:00\",\"dateModified\":\"2026-02-25T14:14:50+00:00\",\"breadcrumb\":{\"@id\":\"https:\/\/www.ca-autofinance.ch\/fr\/nos-actions-de-leasing\/#breadcrumb\"},\"inLanguage\":\"fr-FR\",\"potentialAction\":[{\"@type\":\"ReadAction\",\"target\":[\"https:\/\/www.ca-autofinance.ch\/fr\/nos-actions-de-leasing\/\"]}]},{\"@type\":\"BreadcrumbList\",\"@id\":\"https:\/\/www.ca-autofinance.ch\/fr\/nos-actions-de-leasing\/#breadcrumb\",\"itemListElement\":[{\"@type\":\"ListItem\",\"position\":1,\"name\":\"Accueil\",\"item\":\"https:\/\/www.ca-autofinance.ch\/fr\/\"},{\"@type\":\"ListItem\",\"position\":2,\"name\":\"Nos actions de leasing\"}]},{\"@type\":\"WebSite\",\"@id\":\"https:\/\/www.ca-autofinance.ch\/fr\/#website\",\"url\":\"https:\/\/www.ca-autofinance.ch\/fr\/\",\"name\":\"CA Auto Finance Suisse SA\",\"description\":\"\",\"publisher\":{\"@id\":\"https:\/\/www.ca-autofinance.ch\/fr\/#organization\"},\"potentialAction\":[{\"@type\":\"SearchAction\",\"target\":{\"@type\":\"EntryPoint\",\"urlTemplate\":\"https:\/\/www.ca-autofinance.ch\/fr\/?s={search_term_string}\"},\"query-input\":{\"@type\":\"PropertyValueSpecification\",\"valueRequired\":true,\"valueName\":\"search_term_string\"}}],\"inLanguage\":\"fr-FR\"},{\"@type\":\"Organization\",\"@id\":\"https:\/\/www.ca-autofinance.ch\/fr\/#organization\",\"name\":\"CA Auto Finance Suisse SA\",\"url\":\"https:\/\/www.ca-autofinance.ch\/fr\/\",\"logo\":{\"@type\":\"ImageObject\",\"inLanguage\":\"fr-FR\",\"@id\":\"https:\/\/www.ca-autofinance.ch\/fr\/#\/schema\/logo\/image\/\",\"url\":\"https:\/\/www.ca-autofinance.ch\/wp-content\/uploads\/sites\/14\/2023\/04\/LOGO-CA-AUTO-FINANCE_696x696.png\",\"contentUrl\":\"https:\/\/www.ca-autofinance.ch\/wp-content\/uploads\/sites\/14\/2023\/04\/LOGO-CA-AUTO-FINANCE_696x696.png\",\"width\":696,\"height\":696,\"caption\":\"CA Auto Finance Suisse SA\"},\"image\":{\"@id\":\"https:\/\/www.ca-autofinance.ch\/fr\/#\/schema\/logo\/image\/\"}}]}<\/script>\n<!-- \/ Yoast SEO plugin. -->","yoast_head_json":{"title":"Nos actions de leasing - CA Auto Finance Suisse SA","robots":{"index":"index","follow":"follow","max-snippet":"max-snippet:-1","max-image-preview":"max-image-preview:large","max-video-preview":"max-video-preview:-1"},"canonical":"https:\/\/www.ca-autofinance.ch\/fr\/nos-actions-de-leasing\/","og_locale":"fr_FR","og_type":"article","og_title":"Nos actions de leasing - CA Auto Finance Suisse SA","og_url":"https:\/\/www.ca-autofinance.ch\/fr\/nos-actions-de-leasing\/","og_site_name":"CA Auto Finance Suisse SA","article_modified_time":"2026-02-25T14:14:50+00:00","og_image":[{"width":1200,"height":675,"url":"https:\/\/www.ca-autofinance.ch\/wp-content\/uploads\/sites\/14\/2023\/04\/LOGO-CA-AUTO-FINANCE_1200x675.png","type":"image\/png"}],"twitter_card":"summary_large_image","schema":{"@context":"https:\/\/schema.org","@graph":[{"@type":"WebPage","@id":"https:\/\/www.ca-autofinance.ch\/fr\/nos-actions-de-leasing\/","url":"https:\/\/www.ca-autofinance.ch\/fr\/nos-actions-de-leasing\/","name":"Nos actions de leasing - CA Auto Finance Suisse SA","isPartOf":{"@id":"https:\/\/www.ca-autofinance.ch\/fr\/#website"},"datePublished":"2025-07-21T14:52:19+00:00","dateModified":"2026-02-25T14:14:50+00:00","breadcrumb":{"@id":"https:\/\/www.ca-autofinance.ch\/fr\/nos-actions-de-leasing\/#breadcrumb"},"inLanguage":"fr-FR","potentialAction":[{"@type":"ReadAction","target":["https:\/\/www.ca-autofinance.ch\/fr\/nos-actions-de-leasing\/"]}]},{"@type":"BreadcrumbList","@id":"https:\/\/www.ca-autofinance.ch\/fr\/nos-actions-de-leasing\/#breadcrumb","itemListElement":[{"@type":"ListItem","position":1,"name":"Accueil","item":"https:\/\/www.ca-autofinance.ch\/fr\/"},{"@type":"ListItem","position":2,"name":"Nos actions de leasing"}]},{"@type":"WebSite","@id":"https:\/\/www.ca-autofinance.ch\/fr\/#website","url":"https:\/\/www.ca-autofinance.ch\/fr\/","name":"CA Auto Finance Suisse SA","description":"","publisher":{"@id":"https:\/\/www.ca-autofinance.ch\/fr\/#organization"},"potentialAction":[{"@type":"SearchAction","target":{"@type":"EntryPoint","urlTemplate":"https:\/\/www.ca-autofinance.ch\/fr\/?s={search_term_string}"},"query-input":{"@type":"PropertyValueSpecification","valueRequired":true,"valueName":"search_term_string"}}],"inLanguage":"fr-FR"},{"@type":"Organization","@id":"https:\/\/www.ca-autofinance.ch\/fr\/#organization","name":"CA Auto Finance Suisse SA","url":"https:\/\/www.ca-autofinance.ch\/fr\/","logo":{"@type":"ImageObject","inLanguage":"fr-FR","@id":"https:\/\/www.ca-autofinance.ch\/fr\/#\/schema\/logo\/image\/","url":"https:\/\/www.ca-autofinance.ch\/wp-content\/uploads\/sites\/14\/2023\/04\/LOGO-CA-AUTO-FINANCE_696x696.png","contentUrl":"https:\/\/www.ca-autofinance.ch\/wp-content\/uploads\/sites\/14\/2023\/04\/LOGO-CA-AUTO-FINANCE_696x696.png","width":696,"height":696,"caption":"CA Auto Finance Suisse SA"},"image":{"@id":"https:\/\/www.ca-autofinance.ch\/fr\/#\/schema\/logo\/image\/"}}]}},"_links":{"self":[{"href":"https:\/\/www.ca-autofinance.ch\/fr\/wp-json\/wp\/v2\/pages\/7721","targetHints":{"allow":["GET"]}}],"collection":[{"href":"https:\/\/www.ca-autofinance.ch\/fr\/wp-json\/wp\/v2\/pages"}],"about":[{"href":"https:\/\/www.ca-autofinance.ch\/fr\/wp-json\/wp\/v2\/types\/page"}],"author":[{"embeddable":true,"href":"https:\/\/www.ca-autofinance.ch\/fr\/wp-json\/wp\/v2\/users\/35"}],"replies":[{"embeddable":true,"href":"https:\/\/www.ca-autofinance.ch\/fr\/wp-json\/wp\/v2\/comments?post=7721"}],"version-history":[{"count":3,"href":"https:\/\/www.ca-autofinance.ch\/fr\/wp-json\/wp\/v2\/pages\/7721\/revisions"}],"predecessor-version":[{"id":10433,"href":"https:\/\/www.ca-autofinance.ch\/fr\/wp-json\/wp\/v2\/pages\/7721\/revisions\/10433"}],"wp:attachment":[{"href":"https:\/\/www.ca-autofinance.ch\/fr\/wp-json\/wp\/v2\/media?parent=7721"}],"curies":[{"name":"wp","href":"https:\/\/api.w.org\/{rel}","templated":true}]}}