{"id":648,"date":"2023-02-20T16:07:26","date_gmt":"2023-02-20T16:07:26","guid":{"rendered":"https:\/\/www.ca-autofinance.ch\/credit-prive\/"},"modified":"2023-05-23T10:04:43","modified_gmt":"2023-05-23T10:04:43","slug":"credit-prive","status":"publish","type":"page","link":"https:\/\/www.ca-autofinance.ch\/fr\/credit-prive\/","title":{"rendered":"Cr\u00e9dit priv\u00e9"},"content":{"rendered":"\n        <div\n            id=\"block_44e4530d-8c62-442d-b16c-e39db523d378\"\n            class=\"wp-block heroarea-block \"\n                    >\n\n        \n\n<div class=\"hero-item\" style=\"background-image: url('https:\/\/www.ca-autofinance.ch\/wp-content\/uploads\/sites\/14\/2023\/03\/Personal-loans_HeroArea_v2_desktop-1440x700.jpg')\">\n    <div class=\"generic-wrapper generic-wrapper--lg-full\">\n    <div class=\"hero-item__image\">\n        <picture>\n            <source media=\"(min-width: 730px)\"\n                    srcset=\"https:\/\/www.ca-autofinance.ch\/wp-content\/uploads\/sites\/14\/2023\/03\/Personal-loans_HeroArea_v2_desktop-1440x700.jpg\" \/>\n                <img decoding=\"async\"\n                    src=\"https:\/\/www.ca-autofinance.ch\/wp-content\/uploads\/sites\/14\/2023\/03\/Personal-loans_HeroArea_v2_mobile.jpg\"\n                                            alt=\"\"\n                                    \/>\n        <\/picture>\n            <\/div>\n\n    <div class=\"blurred blurred--light\" style=\"background-image: url('https:\/\/www.ca-autofinance.ch\/wp-content\/uploads\/sites\/14\/2023\/03\/Personal-loans_HeroArea_v2_desktop-1440x700.jpg')\"><\/div>\n    <div class=\"hero-item-content color-light\">\n\n        <div class=\"hero-item-content-inner hero-item-text-light\">\n\n        <div class=\"breadcrumbs\"><span><span><a href=\"https:\/\/www.ca-autofinance.ch\/fr\/\">Accueil<\/a><\/span><\/span><\/div>\n                \n                                                                    \n\n\n                <h1 class=\"text-style-uppercase text-weight-light\">\n                    <strong>CR\u00c9DIT PRIV\u00c9<\/strong>                <\/h1>\n\n                                    <p class=\"subtitle text-size-medium text-style-uppercase text-weight-black\">\n                        Gr\u00e2ce au cr\u00e9dit priv\u00e9, vous r\u00e9alisez vos projets et maintenez votre flexibilit\u00e9 financi\u00e8re.                     <\/p>\n                \n                                                                    \n                                    <div class=\"cms-txt custom-lh\">\n                        <p>Le cr\u00e9dit priv\u00e9 vous permet de r\u00e9aliser vos projets tout en conservant votre flexibilit\u00e9 financi\u00e8re. CA Auto Finance vous offre le meilleur taux d&rsquo;int\u00e9r\u00eat possible.<\/p>\n<ul>\n<li>Versement rapide<\/li>\n<li>\u00c9conomie fiscale<\/li>\n<li>D\u00e9cision d\u2019approbation rapide<\/li>\n<li>Assurance mensualit\u00e9s<\/li>\n<\/ul>\n                    <\/div>\n                \n                <div class=\"hero-item-ctas double\">\n\n                               <\/div>\n\n                \n\n                                    <div class=\"mini-spacer\"><\/div>\n                \n        <\/div>\n    <\/div>\n<\/div>\n<\/div>\n\n        <\/div>\n    \n\n\n\n\n\n\n        <div\n            id=\"block_91790937-8701-4da1-baa5-d842675bfcdb\"\n            class=\"wp-block section-block \"\n                    >\n\n        \n<section\n    id=\"avantageux\"\n    data-anchor=\"avantageux\"\n    data-title=\"Avantageux\"\n    class=\"bg-color-white\"\n>\n    \n\n        <div\n            id=\"block_eedf9b7f-3c3a-4dc5-9040-ea95dc5d7a9b\"\n            class=\"wp-block spacer-block \"\n                    >\n\n        \n<div class=\"spacer-100\"><\/div>\n\n\n        <\/div>\n    \n\n\n\n\n\n\n        <div\n            id=\"block_4456be78-805c-4ed4-9e39-a9d55ae82f04\"\n            class=\"wp-block title-section-block \"\n                    >\n\n        <h2><strong>Avantageux<\/strong><\/h2>\n    <div class=\"cms-txt\"><p>Le cr\u00e9dit priv\u00e9 de <span class=\"text-nowrap\">CA Auto Finance<\/span> vous permet de r\u00e9aliser vos projets tout en conservant votre flexibilit\u00e9 financi\u00e8re.<\/p>\n<\/div>\n\n\n        <\/div>\n    \n\n\n\n\n\n\n        <div\n            id=\"block_e6fbea65-3918-4c93-8aad-eaf92f1668c8\"\n            class=\"wp-block spacer-block \"\n                    >\n\n        \n<div class=\"spacer-50\"><\/div>\n\n\n        <\/div>\n    \n\n\n\n\n\n\n        <div\n            id=\"block_8e9fddd8-98b7-49cd-8536-5aa97f49ec30\"\n            class=\"wp-block rich-text-block rich-text-block-bg-transparent \"\n                    >\n\n        \n<div class=\"cms-txt\"><p>En tant que partenaire de financement, nous vous soutenons lors du choix de votre pr\u00eat et sommes toujours l\u00e0 pour vous.<br \/>\nCette solution vous offre les avantages suivants:<\/p>\n<ul>\n<li>Le traitement est <strong>rapide, discret et simple<\/strong>. Apr\u00e8s un d\u00e9lai de r\u00e9vocation de 14 jours, le montant du cr\u00e9dit est imm\u00e9diatement vers\u00e9 sur votre compte<\/li>\n<li>Gr\u00e2ce \u00e0 des mensualit\u00e9s fixes sur toute la dur\u00e9e du contrat, <strong>vous pouvez facilement planifier le cr\u00e9dit priv\u00e9 dans votre budget<\/strong><\/li>\n<li>Si vous achetez un v\u00e9hicule, <strong>vous en \u00eates le propri\u00e9taire<\/strong>, contrairement au leasing<\/li>\n<\/ul>\n<p>En plus:<\/p>\n<ul>\n<li>Des taux d\u2019int\u00e9r\u00eat <strong>tr\u00e8s avantageux<\/strong><\/li>\n<li><strong>D\u00e9cision d\u2019approbation rapide<\/strong><\/li>\n<li>Dur\u00e9e jusqu\u2019\u00e0 60 Mois<\/li>\n<\/ul>\n<\/div>\n\n\n        <\/div>\n    \n\n<\/section>\n\n        <\/div>\n    \n\n\n\n","protected":false},"excerpt":{"rendered":"","protected":false},"author":35,"featured_media":0,"parent":0,"menu_order":0,"comment_status":"closed","ping_status":"closed","template":"templates\/template-productpage.php","meta":{"_acf_changed":false,"_relevanssi_hide_post":"","_relevanssi_hide_content":"","_relevanssi_pin_for_all":"","_relevanssi_pin_keywords":"","_relevanssi_unpin_keywords":"","_relevanssi_related_keywords":"","_relevanssi_related_include_ids":"","_relevanssi_related_exclude_ids":"","_relevanssi_related_no_append":"","_relevanssi_related_not_related":"","_relevanssi_related_posts":"","_relevanssi_noindex_reason":"","footnotes":""},"class_list":["post-648","page","type-page","status-publish","hentry"],"acf":[],"yoast_head":"<!-- This site is optimized with the Yoast SEO plugin v26.5 - https:\/\/yoast.com\/wordpress\/plugins\/seo\/ -->\n<title>Cr\u00e9dit priv\u00e9 - CA Auto Finance Suisse SA<\/title>\n<meta name=\"robots\" content=\"index, follow, max-snippet:-1, max-image-preview:large, max-video-preview:-1\" \/>\n<link rel=\"canonical\" href=\"https:\/\/www.ca-autofinance.ch\/fr\/credit-prive\/\" \/>\n<meta property=\"og:locale\" content=\"fr_FR\" \/>\n<meta property=\"og:type\" content=\"article\" \/>\n<meta property=\"og:title\" content=\"Cr\u00e9dit priv\u00e9 - CA Auto Finance Suisse SA\" \/>\n<meta property=\"og:url\" content=\"https:\/\/www.ca-autofinance.ch\/fr\/credit-prive\/\" \/>\n<meta property=\"og:site_name\" content=\"CA Auto Finance Suisse SA\" \/>\n<meta property=\"article:modified_time\" content=\"2023-05-23T10:04:43+00:00\" \/>\n<meta property=\"og:image\" content=\"https:\/\/www.ca-autofinance.ch\/wp-content\/uploads\/sites\/14\/2023\/04\/LOGO-CA-AUTO-FINANCE_1200x675.png\" \/>\n\t<meta property=\"og:image:width\" content=\"1200\" \/>\n\t<meta property=\"og:image:height\" content=\"675\" \/>\n\t<meta property=\"og:image:type\" content=\"image\/png\" \/>\n<meta name=\"twitter:card\" content=\"summary_large_image\" \/>\n<script type=\"application\/ld+json\" class=\"yoast-schema-graph\">{\"@context\":\"https:\/\/schema.org\",\"@graph\":[{\"@type\":\"WebPage\",\"@id\":\"https:\/\/www.ca-autofinance.ch\/fr\/credit-prive\/\",\"url\":\"https:\/\/www.ca-autofinance.ch\/fr\/credit-prive\/\",\"name\":\"Cr\u00e9dit priv\u00e9 - CA Auto Finance Suisse SA\",\"isPartOf\":{\"@id\":\"https:\/\/www.ca-autofinance.ch\/fr\/#website\"},\"datePublished\":\"2023-02-20T16:07:26+00:00\",\"dateModified\":\"2023-05-23T10:04:43+00:00\",\"breadcrumb\":{\"@id\":\"https:\/\/www.ca-autofinance.ch\/fr\/credit-prive\/#breadcrumb\"},\"inLanguage\":\"fr-FR\",\"potentialAction\":[{\"@type\":\"ReadAction\",\"target\":[\"https:\/\/www.ca-autofinance.ch\/fr\/credit-prive\/\"]}]},{\"@type\":\"BreadcrumbList\",\"@id\":\"https:\/\/www.ca-autofinance.ch\/fr\/credit-prive\/#breadcrumb\",\"itemListElement\":[{\"@type\":\"ListItem\",\"position\":1,\"name\":\"Accueil\",\"item\":\"https:\/\/www.ca-autofinance.ch\/fr\/\"},{\"@type\":\"ListItem\",\"position\":2,\"name\":\"Cr\u00e9dit priv\u00e9\"}]},{\"@type\":\"WebSite\",\"@id\":\"https:\/\/www.ca-autofinance.ch\/fr\/#website\",\"url\":\"https:\/\/www.ca-autofinance.ch\/fr\/\",\"name\":\"CA Auto Finance Suisse SA\",\"description\":\"\",\"publisher\":{\"@id\":\"https:\/\/www.ca-autofinance.ch\/fr\/#organization\"},\"potentialAction\":[{\"@type\":\"SearchAction\",\"target\":{\"@type\":\"EntryPoint\",\"urlTemplate\":\"https:\/\/www.ca-autofinance.ch\/fr\/?s={search_term_string}\"},\"query-input\":{\"@type\":\"PropertyValueSpecification\",\"valueRequired\":true,\"valueName\":\"search_term_string\"}}],\"inLanguage\":\"fr-FR\"},{\"@type\":\"Organization\",\"@id\":\"https:\/\/www.ca-autofinance.ch\/fr\/#organization\",\"name\":\"CA Auto Finance Suisse SA\",\"url\":\"https:\/\/www.ca-autofinance.ch\/fr\/\",\"logo\":{\"@type\":\"ImageObject\",\"inLanguage\":\"fr-FR\",\"@id\":\"https:\/\/www.ca-autofinance.ch\/fr\/#\/schema\/logo\/image\/\",\"url\":\"https:\/\/www.ca-autofinance.ch\/wp-content\/uploads\/sites\/14\/2023\/04\/LOGO-CA-AUTO-FINANCE_696x696.png\",\"contentUrl\":\"https:\/\/www.ca-autofinance.ch\/wp-content\/uploads\/sites\/14\/2023\/04\/LOGO-CA-AUTO-FINANCE_696x696.png\",\"width\":696,\"height\":696,\"caption\":\"CA Auto Finance Suisse SA\"},\"image\":{\"@id\":\"https:\/\/www.ca-autofinance.ch\/fr\/#\/schema\/logo\/image\/\"}}]}<\/script>\n<!-- \/ Yoast SEO plugin. -->","yoast_head_json":{"title":"Cr\u00e9dit priv\u00e9 - CA Auto Finance Suisse SA","robots":{"index":"index","follow":"follow","max-snippet":"max-snippet:-1","max-image-preview":"max-image-preview:large","max-video-preview":"max-video-preview:-1"},"canonical":"https:\/\/www.ca-autofinance.ch\/fr\/credit-prive\/","og_locale":"fr_FR","og_type":"article","og_title":"Cr\u00e9dit priv\u00e9 - CA Auto Finance Suisse SA","og_url":"https:\/\/www.ca-autofinance.ch\/fr\/credit-prive\/","og_site_name":"CA Auto Finance Suisse SA","article_modified_time":"2023-05-23T10:04:43+00:00","og_image":[{"width":1200,"height":675,"url":"https:\/\/www.ca-autofinance.ch\/wp-content\/uploads\/sites\/14\/2023\/04\/LOGO-CA-AUTO-FINANCE_1200x675.png","type":"image\/png"}],"twitter_card":"summary_large_image","schema":{"@context":"https:\/\/schema.org","@graph":[{"@type":"WebPage","@id":"https:\/\/www.ca-autofinance.ch\/fr\/credit-prive\/","url":"https:\/\/www.ca-autofinance.ch\/fr\/credit-prive\/","name":"Cr\u00e9dit priv\u00e9 - CA Auto Finance Suisse SA","isPartOf":{"@id":"https:\/\/www.ca-autofinance.ch\/fr\/#website"},"datePublished":"2023-02-20T16:07:26+00:00","dateModified":"2023-05-23T10:04:43+00:00","breadcrumb":{"@id":"https:\/\/www.ca-autofinance.ch\/fr\/credit-prive\/#breadcrumb"},"inLanguage":"fr-FR","potentialAction":[{"@type":"ReadAction","target":["https:\/\/www.ca-autofinance.ch\/fr\/credit-prive\/"]}]},{"@type":"BreadcrumbList","@id":"https:\/\/www.ca-autofinance.ch\/fr\/credit-prive\/#breadcrumb","itemListElement":[{"@type":"ListItem","position":1,"name":"Accueil","item":"https:\/\/www.ca-autofinance.ch\/fr\/"},{"@type":"ListItem","position":2,"name":"Cr\u00e9dit priv\u00e9"}]},{"@type":"WebSite","@id":"https:\/\/www.ca-autofinance.ch\/fr\/#website","url":"https:\/\/www.ca-autofinance.ch\/fr\/","name":"CA Auto Finance Suisse SA","description":"","publisher":{"@id":"https:\/\/www.ca-autofinance.ch\/fr\/#organization"},"potentialAction":[{"@type":"SearchAction","target":{"@type":"EntryPoint","urlTemplate":"https:\/\/www.ca-autofinance.ch\/fr\/?s={search_term_string}"},"query-input":{"@type":"PropertyValueSpecification","valueRequired":true,"valueName":"search_term_string"}}],"inLanguage":"fr-FR"},{"@type":"Organization","@id":"https:\/\/www.ca-autofinance.ch\/fr\/#organization","name":"CA Auto Finance Suisse SA","url":"https:\/\/www.ca-autofinance.ch\/fr\/","logo":{"@type":"ImageObject","inLanguage":"fr-FR","@id":"https:\/\/www.ca-autofinance.ch\/fr\/#\/schema\/logo\/image\/","url":"https:\/\/www.ca-autofinance.ch\/wp-content\/uploads\/sites\/14\/2023\/04\/LOGO-CA-AUTO-FINANCE_696x696.png","contentUrl":"https:\/\/www.ca-autofinance.ch\/wp-content\/uploads\/sites\/14\/2023\/04\/LOGO-CA-AUTO-FINANCE_696x696.png","width":696,"height":696,"caption":"CA Auto Finance Suisse SA"},"image":{"@id":"https:\/\/www.ca-autofinance.ch\/fr\/#\/schema\/logo\/image\/"}}]}},"_links":{"self":[{"href":"https:\/\/www.ca-autofinance.ch\/fr\/wp-json\/wp\/v2\/pages\/648","targetHints":{"allow":["GET"]}}],"collection":[{"href":"https:\/\/www.ca-autofinance.ch\/fr\/wp-json\/wp\/v2\/pages"}],"about":[{"href":"https:\/\/www.ca-autofinance.ch\/fr\/wp-json\/wp\/v2\/types\/page"}],"author":[{"embeddable":true,"href":"https:\/\/www.ca-autofinance.ch\/fr\/wp-json\/wp\/v2\/users\/35"}],"replies":[{"embeddable":true,"href":"https:\/\/www.ca-autofinance.ch\/fr\/wp-json\/wp\/v2\/comments?post=648"}],"version-history":[{"count":2,"href":"https:\/\/www.ca-autofinance.ch\/fr\/wp-json\/wp\/v2\/pages\/648\/revisions"}],"predecessor-version":[{"id":3447,"href":"https:\/\/www.ca-autofinance.ch\/fr\/wp-json\/wp\/v2\/pages\/648\/revisions\/3447"}],"wp:attachment":[{"href":"https:\/\/www.ca-autofinance.ch\/fr\/wp-json\/wp\/v2\/media?parent=648"}],"curies":[{"name":"wp","href":"https:\/\/api.w.org\/{rel}","templated":true}]}}