{"id":590,"date":"2023-02-20T14:55:35","date_gmt":"2023-02-20T14:55:35","guid":{"rendered":"https:\/\/www.ca-autofinance.ch\/a-propos\/carriere\/"},"modified":"2026-04-16T14:01:01","modified_gmt":"2026-04-16T14:01:01","slug":"carriere","status":"publish","type":"page","link":"https:\/\/www.ca-autofinance.ch\/fr\/a-propos\/carriere\/","title":{"rendered":"Carri\u00e8re"},"content":{"rendered":"\n        <div\n            id=\"block_a168d273-c165-4590-a6a9-35e787e8cd02\"\n            class=\"wp-block internal-header-block \"\n                    >\n\n        <h1><strong>CARRI\u00c8RE<\/strong><\/h1>\n    <div class=\"cms-txt\"><p>De grands talents et une forte passion sont essentiels \u00e0 la cr\u00e9ation d\u2019une grande entreprise.<\/p>\n<\/div>\n\n\n        <\/div>\n    \n\n\n\n\n\n\n        <div\n            id=\"block_c567b004-149d-47ac-a067-afcdf2ad8a25\"\n            class=\"wp-block rich-text-block rich-text-block-bg-transparent \"\n                    >\n\n        \n<div class=\"cms-txt\"><p>Les personnes talentueuses et passionn\u00e9es sont les bienvenues dans notre soci\u00e9t\u00e9. C\u2019est pourquoi nous recherchons des personnes qui souhaitent travailler avec nous et non pour nous. Quelqu\u2019un pr\u00eat \u00e0 relever les d\u00e9fis et partager les succ\u00e8s avec nous.<br \/>\nNous offrons la possibilit\u00e9 d\u2019\u00e9largir les propres exp\u00e9riences et d\u2019exploiter le potentiel dans un environnement dynamique et international.<\/p>\n<p>Rejoignez notre \u00e9quipe.<\/p>\n<p><a href=\"https:\/\/www.linkedin.com\/jobs\/view\/4400421150\/?alternateChannel=search&amp;trk=d_flagship3_company&amp;refId=FfP%2F4sXwZ6%2FuiClLll%2BM3A%3D%3D&amp;trackingId=J8dW8u8f68X53a1OATRC4A%3D%3D\">Agent Service Clients<\/a><\/p>\n<p><a href=\"https:\/\/www.linkedin.com\/jobs\/view\/4380260332\/?trk=mcm\">Agent Underwriting<\/a><\/p>\n<\/div>\n\n\n        <\/div>\n    ","protected":false},"excerpt":{"rendered":"","protected":false},"author":35,"featured_media":0,"parent":586,"menu_order":0,"comment_status":"closed","ping_status":"closed","template":"templates\/template-innerpage.php","meta":{"_acf_changed":false,"_relevanssi_hide_post":"","_relevanssi_hide_content":"","_relevanssi_pin_for_all":"","_relevanssi_pin_keywords":"","_relevanssi_unpin_keywords":"","_relevanssi_related_keywords":"","_relevanssi_related_include_ids":"","_relevanssi_related_exclude_ids":"","_relevanssi_related_no_append":"","_relevanssi_related_not_related":"","_relevanssi_related_posts":"","_relevanssi_noindex_reason":"","footnotes":""},"class_list":["post-590","page","type-page","status-publish","hentry"],"acf":[],"yoast_head":"<!-- This site is optimized with the Yoast SEO plugin v27.4 - https:\/\/yoast.com\/product\/yoast-seo-wordpress\/ -->\n<title>Carri\u00e8re - CA Auto Finance Suisse SA<\/title>\n<meta name=\"robots\" content=\"index, follow, max-snippet:-1, max-image-preview:large, max-video-preview:-1\" \/>\n<link rel=\"canonical\" href=\"https:\/\/www.ca-autofinance.ch\/fr\/a-propos\/carriere\/\" \/>\n<meta property=\"og:locale\" content=\"fr_FR\" \/>\n<meta property=\"og:type\" content=\"article\" \/>\n<meta property=\"og:title\" content=\"Carri\u00e8re - CA Auto Finance Suisse SA\" \/>\n<meta property=\"og:url\" content=\"https:\/\/www.ca-autofinance.ch\/fr\/a-propos\/carriere\/\" \/>\n<meta property=\"og:site_name\" content=\"CA Auto Finance Suisse SA\" \/>\n<meta property=\"article:modified_time\" content=\"2026-04-16T14:01:01+00:00\" \/>\n<meta property=\"og:image\" content=\"https:\/\/www.ca-autofinance.ch\/wp-content\/uploads\/sites\/14\/2023\/04\/LOGO-CA-AUTO-FINANCE_1200x675.png\" \/>\n\t<meta property=\"og:image:width\" content=\"1200\" \/>\n\t<meta property=\"og:image:height\" content=\"675\" \/>\n\t<meta property=\"og:image:type\" content=\"image\/png\" \/>\n<meta name=\"twitter:card\" content=\"summary_large_image\" \/>\n<script type=\"application\/ld+json\" class=\"yoast-schema-graph\">{\"@context\":\"https:\\\/\\\/schema.org\",\"@graph\":[{\"@type\":\"WebPage\",\"@id\":\"https:\\\/\\\/www.ca-autofinance.ch\\\/fr\\\/a-propos\\\/carriere\\\/\",\"url\":\"https:\\\/\\\/www.ca-autofinance.ch\\\/fr\\\/a-propos\\\/carriere\\\/\",\"name\":\"Carri\u00e8re - CA Auto Finance Suisse SA\",\"isPartOf\":{\"@id\":\"https:\\\/\\\/www.ca-autofinance.ch\\\/fr\\\/#website\"},\"datePublished\":\"2023-02-20T14:55:35+00:00\",\"dateModified\":\"2026-04-16T14:01:01+00:00\",\"breadcrumb\":{\"@id\":\"https:\\\/\\\/www.ca-autofinance.ch\\\/fr\\\/a-propos\\\/carriere\\\/#breadcrumb\"},\"inLanguage\":\"fr-FR\",\"potentialAction\":[{\"@type\":\"ReadAction\",\"target\":[\"https:\\\/\\\/www.ca-autofinance.ch\\\/fr\\\/a-propos\\\/carriere\\\/\"]}]},{\"@type\":\"BreadcrumbList\",\"@id\":\"https:\\\/\\\/www.ca-autofinance.ch\\\/fr\\\/a-propos\\\/carriere\\\/#breadcrumb\",\"itemListElement\":[{\"@type\":\"ListItem\",\"position\":1,\"name\":\"Accueil\",\"item\":\"https:\\\/\\\/www.ca-autofinance.ch\\\/fr\\\/\"},{\"@type\":\"ListItem\",\"position\":2,\"name\":\"\u00c0 propos\",\"item\":\"https:\\\/\\\/www.ca-autofinance.ch\\\/fr\\\/a-propos\\\/\"},{\"@type\":\"ListItem\",\"position\":3,\"name\":\"Carri\u00e8re\"}]},{\"@type\":\"WebSite\",\"@id\":\"https:\\\/\\\/www.ca-autofinance.ch\\\/fr\\\/#website\",\"url\":\"https:\\\/\\\/www.ca-autofinance.ch\\\/fr\\\/\",\"name\":\"CA Auto Finance Suisse SA\",\"description\":\"\",\"publisher\":{\"@id\":\"https:\\\/\\\/www.ca-autofinance.ch\\\/fr\\\/#organization\"},\"potentialAction\":[{\"@type\":\"SearchAction\",\"target\":{\"@type\":\"EntryPoint\",\"urlTemplate\":\"https:\\\/\\\/www.ca-autofinance.ch\\\/fr\\\/?s={search_term_string}\"},\"query-input\":{\"@type\":\"PropertyValueSpecification\",\"valueRequired\":true,\"valueName\":\"search_term_string\"}}],\"inLanguage\":\"fr-FR\"},{\"@type\":\"Organization\",\"@id\":\"https:\\\/\\\/www.ca-autofinance.ch\\\/fr\\\/#organization\",\"name\":\"CA Auto Finance Suisse SA\",\"url\":\"https:\\\/\\\/www.ca-autofinance.ch\\\/fr\\\/\",\"logo\":{\"@type\":\"ImageObject\",\"inLanguage\":\"fr-FR\",\"@id\":\"https:\\\/\\\/www.ca-autofinance.ch\\\/fr\\\/#\\\/schema\\\/logo\\\/image\\\/\",\"url\":\"https:\\\/\\\/www.ca-autofinance.ch\\\/wp-content\\\/uploads\\\/sites\\\/14\\\/2023\\\/04\\\/LOGO-CA-AUTO-FINANCE_696x696.png\",\"contentUrl\":\"https:\\\/\\\/www.ca-autofinance.ch\\\/wp-content\\\/uploads\\\/sites\\\/14\\\/2023\\\/04\\\/LOGO-CA-AUTO-FINANCE_696x696.png\",\"width\":696,\"height\":696,\"caption\":\"CA Auto Finance Suisse SA\"},\"image\":{\"@id\":\"https:\\\/\\\/www.ca-autofinance.ch\\\/fr\\\/#\\\/schema\\\/logo\\\/image\\\/\"}}]}<\/script>\n<!-- \/ Yoast SEO plugin. -->","yoast_head_json":{"title":"Carri\u00e8re - CA Auto Finance Suisse SA","robots":{"index":"index","follow":"follow","max-snippet":"max-snippet:-1","max-image-preview":"max-image-preview:large","max-video-preview":"max-video-preview:-1"},"canonical":"https:\/\/www.ca-autofinance.ch\/fr\/a-propos\/carriere\/","og_locale":"fr_FR","og_type":"article","og_title":"Carri\u00e8re - CA Auto Finance Suisse SA","og_url":"https:\/\/www.ca-autofinance.ch\/fr\/a-propos\/carriere\/","og_site_name":"CA Auto Finance Suisse SA","article_modified_time":"2026-04-16T14:01:01+00:00","og_image":[{"width":1200,"height":675,"url":"https:\/\/www.ca-autofinance.ch\/wp-content\/uploads\/sites\/14\/2023\/04\/LOGO-CA-AUTO-FINANCE_1200x675.png","type":"image\/png"}],"twitter_card":"summary_large_image","schema":{"@context":"https:\/\/schema.org","@graph":[{"@type":"WebPage","@id":"https:\/\/www.ca-autofinance.ch\/fr\/a-propos\/carriere\/","url":"https:\/\/www.ca-autofinance.ch\/fr\/a-propos\/carriere\/","name":"Carri\u00e8re - CA Auto Finance Suisse SA","isPartOf":{"@id":"https:\/\/www.ca-autofinance.ch\/fr\/#website"},"datePublished":"2023-02-20T14:55:35+00:00","dateModified":"2026-04-16T14:01:01+00:00","breadcrumb":{"@id":"https:\/\/www.ca-autofinance.ch\/fr\/a-propos\/carriere\/#breadcrumb"},"inLanguage":"fr-FR","potentialAction":[{"@type":"ReadAction","target":["https:\/\/www.ca-autofinance.ch\/fr\/a-propos\/carriere\/"]}]},{"@type":"BreadcrumbList","@id":"https:\/\/www.ca-autofinance.ch\/fr\/a-propos\/carriere\/#breadcrumb","itemListElement":[{"@type":"ListItem","position":1,"name":"Accueil","item":"https:\/\/www.ca-autofinance.ch\/fr\/"},{"@type":"ListItem","position":2,"name":"\u00c0 propos","item":"https:\/\/www.ca-autofinance.ch\/fr\/a-propos\/"},{"@type":"ListItem","position":3,"name":"Carri\u00e8re"}]},{"@type":"WebSite","@id":"https:\/\/www.ca-autofinance.ch\/fr\/#website","url":"https:\/\/www.ca-autofinance.ch\/fr\/","name":"CA Auto Finance Suisse SA","description":"","publisher":{"@id":"https:\/\/www.ca-autofinance.ch\/fr\/#organization"},"potentialAction":[{"@type":"SearchAction","target":{"@type":"EntryPoint","urlTemplate":"https:\/\/www.ca-autofinance.ch\/fr\/?s={search_term_string}"},"query-input":{"@type":"PropertyValueSpecification","valueRequired":true,"valueName":"search_term_string"}}],"inLanguage":"fr-FR"},{"@type":"Organization","@id":"https:\/\/www.ca-autofinance.ch\/fr\/#organization","name":"CA Auto Finance Suisse SA","url":"https:\/\/www.ca-autofinance.ch\/fr\/","logo":{"@type":"ImageObject","inLanguage":"fr-FR","@id":"https:\/\/www.ca-autofinance.ch\/fr\/#\/schema\/logo\/image\/","url":"https:\/\/www.ca-autofinance.ch\/wp-content\/uploads\/sites\/14\/2023\/04\/LOGO-CA-AUTO-FINANCE_696x696.png","contentUrl":"https:\/\/www.ca-autofinance.ch\/wp-content\/uploads\/sites\/14\/2023\/04\/LOGO-CA-AUTO-FINANCE_696x696.png","width":696,"height":696,"caption":"CA Auto Finance Suisse SA"},"image":{"@id":"https:\/\/www.ca-autofinance.ch\/fr\/#\/schema\/logo\/image\/"}}]}},"_links":{"self":[{"href":"https:\/\/www.ca-autofinance.ch\/fr\/wp-json\/wp\/v2\/pages\/590","targetHints":{"allow":["GET"]}}],"collection":[{"href":"https:\/\/www.ca-autofinance.ch\/fr\/wp-json\/wp\/v2\/pages"}],"about":[{"href":"https:\/\/www.ca-autofinance.ch\/fr\/wp-json\/wp\/v2\/types\/page"}],"author":[{"embeddable":true,"href":"https:\/\/www.ca-autofinance.ch\/fr\/wp-json\/wp\/v2\/users\/35"}],"replies":[{"embeddable":true,"href":"https:\/\/www.ca-autofinance.ch\/fr\/wp-json\/wp\/v2\/comments?post=590"}],"version-history":[{"count":5,"href":"https:\/\/www.ca-autofinance.ch\/fr\/wp-json\/wp\/v2\/pages\/590\/revisions"}],"predecessor-version":[{"id":10472,"href":"https:\/\/www.ca-autofinance.ch\/fr\/wp-json\/wp\/v2\/pages\/590\/revisions\/10472"}],"up":[{"embeddable":true,"href":"https:\/\/www.ca-autofinance.ch\/fr\/wp-json\/wp\/v2\/pages\/586"}],"wp:attachment":[{"href":"https:\/\/www.ca-autofinance.ch\/fr\/wp-json\/wp\/v2\/media?parent=590"}],"curies":[{"name":"wp","href":"https:\/\/api.w.org\/{rel}","templated":true}]}}