{"id":589,"date":"2023-02-20T14:53:33","date_gmt":"2023-02-20T14:53:33","guid":{"rendered":"https:\/\/www.ca-autofinance.ch\/a-propos\/activites\/"},"modified":"2023-09-21T08:14:48","modified_gmt":"2023-09-21T08:14:48","slug":"activites","status":"publish","type":"page","link":"https:\/\/www.ca-autofinance.ch\/fr\/a-propos\/activites\/","title":{"rendered":"Activit\u00e9s"},"content":{"rendered":"\n        <div\n            id=\"block_a4397999-4ddd-4378-b51a-d01935b89da3\"\n            class=\"wp-block internal-header-block \"\n                    >\n\n        <h1><strong>Activit\u00e9s<\/strong><\/h1>\n    <div class=\"cms-txt\"><p>CA Auto Finance Suisse SA est une soci\u00e9t\u00e9 qui offre des services et des solutions de financement et d&rsquo;assurance avantageux et toujours sur mesure pour l&rsquo;achat de voitures, de motos et de camping-cars de marques prestigieuses.<\/p>\n<\/div>\n\n\n        <\/div>\n    \n\n\n\n\n\n\n        <div\n            id=\"block_664476d7-1932-4674-82dc-55ca3178dd1a\"\n            class=\"wp-block rich-text-block rich-text-block-bg-transparent \"\n                    >\n\n        \n<div class=\"cms-txt\"><p>Depuis pr\u00e8s d&rsquo;un si\u00e8cle, gr\u00e2ce \u00e0 notre exp\u00e9rience en mati\u00e8re de financement automobile, nous r\u00e9alisons les souhaits des automobilistes, particuliers et entreprises.<\/p>\n<\/div>\n\n\n        <\/div>\n    \n\n\n        <div\n            id=\"block_ad2b1530-ef20-44d8-9e6e-2a05ae95dccf\"\n            class=\"wp-block rich-text-block rich-text-block-bg-transparent \"\n                    >\n\n        \n<div class=\"cms-txt\"><h2>TOUTES LES ACTIVIT\u00c9S<\/h2>\n<h3>Financement clients<\/h3>\n<p>Qu\u2019elles soient traditionnelles ou innovantes, nos solutions financi\u00e8res sont aussi vari\u00e9es que les besoins de nos clients. En outre, elles sont combinables avec des produits d\u2019assurance et des services d\u2019entretien afin que vous puissiez conduire sans souci. D\u00e9couvrez nos produits:<\/p>\n<\/div>\n\n\n        <\/div>\n    \n\n\n        <div\n            id=\"block_bc8d9cf2-4009-4a5c-aad0-3d2939c3e0f5\"\n            class=\"wp-block ctas-block ctas-block--left \"\n                    >\n\n        \n\n\n            <a\n            class=\"cta--simple cta--fuchsia\"\n            href=\"https:\/\/www.ca-autofinance.ch\/fr\/financement-services\/auto\/\"\n            aria-label=\" nos produits\"\n                                > nos produits<\/a>\n        \n        <\/div>\n    \n\n\n\n\n\n\n        <div\n            id=\"block_6cda22a3-4b8d-4259-8669-2ac87db014c2\"\n            class=\"wp-block rich-text-block rich-text-block-bg-transparent \"\n                    >\n\n        \n<div class=\"cms-txt\"><h3>Financement concessionnaires<\/h3>\n<p>Nous proposons des solutions financi\u00e8res sp\u00e9cifiques \u00e0 nos concessionnaires pour une couverture optimale des activit\u00e9s quotidiennes.<br \/>\nAvec notre soutien, il est plus facile de r\u00e9pondre aux besoins des clients en leur pr\u00e9sentant une gamme compl\u00e8te de v\u00e9hicules ainsi qu\u2019un service personnalis\u00e9.<\/p>\n<p>Nous proposons:<\/p>\n<ul>\n<li>des solutions financi\u00e8res pour l\u2019achat de stock de v\u00e9hicules neufs<\/li>\n<li>des solutions financi\u00e8res pour l\u2019achat de stock de pi\u00e8ces de rechanges<\/li>\n<li>des solutions financi\u00e8res pour l\u2019achat de stock de v\u00e9hicules d\u2019occasion<\/li>\n<li>des solutions financi\u00e8res sur mesure<\/li>\n<\/ul>\n<\/div>\n\n\n        <\/div>\n    ","protected":false},"excerpt":{"rendered":"","protected":false},"author":35,"featured_media":0,"parent":586,"menu_order":0,"comment_status":"closed","ping_status":"closed","template":"templates\/template-innerpage.php","meta":{"_acf_changed":false,"_relevanssi_hide_post":"","_relevanssi_hide_content":"","_relevanssi_pin_for_all":"","_relevanssi_pin_keywords":"","_relevanssi_unpin_keywords":"","_relevanssi_related_keywords":"","_relevanssi_related_include_ids":"","_relevanssi_related_exclude_ids":"","_relevanssi_related_no_append":"","_relevanssi_related_not_related":"","_relevanssi_related_posts":"","_relevanssi_noindex_reason":"","footnotes":""},"class_list":["post-589","page","type-page","status-publish","hentry"],"acf":[],"yoast_head":"<!-- This site is optimized with the Yoast SEO plugin v26.1.1 - https:\/\/yoast.com\/wordpress\/plugins\/seo\/ -->\n<title>Activit\u00e9s - CA Auto Finance Suisse SA<\/title>\n<meta name=\"robots\" content=\"index, follow, max-snippet:-1, max-image-preview:large, max-video-preview:-1\" \/>\n<link rel=\"canonical\" href=\"https:\/\/www.ca-autofinance.ch\/fr\/a-propos\/activites\/\" \/>\n<meta property=\"og:locale\" content=\"fr_FR\" \/>\n<meta property=\"og:type\" content=\"article\" \/>\n<meta property=\"og:title\" content=\"Activit\u00e9s - CA Auto Finance Suisse SA\" \/>\n<meta property=\"og:url\" content=\"https:\/\/www.ca-autofinance.ch\/fr\/a-propos\/activites\/\" \/>\n<meta property=\"og:site_name\" content=\"CA Auto Finance Suisse SA\" \/>\n<meta property=\"article:modified_time\" content=\"2023-09-21T08:14:48+00:00\" \/>\n<meta property=\"og:image\" content=\"https:\/\/www.ca-autofinance.ch\/wp-content\/uploads\/sites\/14\/2023\/04\/LOGO-CA-AUTO-FINANCE_1200x675.png\" \/>\n\t<meta property=\"og:image:width\" content=\"1200\" \/>\n\t<meta property=\"og:image:height\" content=\"675\" \/>\n\t<meta property=\"og:image:type\" content=\"image\/png\" \/>\n<meta name=\"twitter:card\" content=\"summary_large_image\" \/>\n<script type=\"application\/ld+json\" class=\"yoast-schema-graph\">{\"@context\":\"https:\/\/schema.org\",\"@graph\":[{\"@type\":\"WebPage\",\"@id\":\"https:\/\/www.ca-autofinance.ch\/fr\/a-propos\/activites\/\",\"url\":\"https:\/\/www.ca-autofinance.ch\/fr\/a-propos\/activites\/\",\"name\":\"Activit\u00e9s - CA Auto Finance Suisse SA\",\"isPartOf\":{\"@id\":\"https:\/\/www.ca-autofinance.ch\/fr\/#website\"},\"datePublished\":\"2023-02-20T14:53:33+00:00\",\"dateModified\":\"2023-09-21T08:14:48+00:00\",\"breadcrumb\":{\"@id\":\"https:\/\/www.ca-autofinance.ch\/fr\/a-propos\/activites\/#breadcrumb\"},\"inLanguage\":\"fr-FR\",\"potentialAction\":[{\"@type\":\"ReadAction\",\"target\":[\"https:\/\/www.ca-autofinance.ch\/fr\/a-propos\/activites\/\"]}]},{\"@type\":\"BreadcrumbList\",\"@id\":\"https:\/\/www.ca-autofinance.ch\/fr\/a-propos\/activites\/#breadcrumb\",\"itemListElement\":[{\"@type\":\"ListItem\",\"position\":1,\"name\":\"Accueil\",\"item\":\"https:\/\/www.ca-autofinance.ch\/fr\/\"},{\"@type\":\"ListItem\",\"position\":2,\"name\":\"\u00c0 propos\",\"item\":\"https:\/\/www.ca-autofinance.ch\/fr\/a-propos\/\"},{\"@type\":\"ListItem\",\"position\":3,\"name\":\"Activit\u00e9s\"}]},{\"@type\":\"WebSite\",\"@id\":\"https:\/\/www.ca-autofinance.ch\/fr\/#website\",\"url\":\"https:\/\/www.ca-autofinance.ch\/fr\/\",\"name\":\"CA Auto Finance Suisse SA\",\"description\":\"\",\"publisher\":{\"@id\":\"https:\/\/www.ca-autofinance.ch\/fr\/#organization\"},\"potentialAction\":[{\"@type\":\"SearchAction\",\"target\":{\"@type\":\"EntryPoint\",\"urlTemplate\":\"https:\/\/www.ca-autofinance.ch\/fr\/?s={search_term_string}\"},\"query-input\":{\"@type\":\"PropertyValueSpecification\",\"valueRequired\":true,\"valueName\":\"search_term_string\"}}],\"inLanguage\":\"fr-FR\"},{\"@type\":\"Organization\",\"@id\":\"https:\/\/www.ca-autofinance.ch\/fr\/#organization\",\"name\":\"CA Auto Finance Suisse SA\",\"url\":\"https:\/\/www.ca-autofinance.ch\/fr\/\",\"logo\":{\"@type\":\"ImageObject\",\"inLanguage\":\"fr-FR\",\"@id\":\"https:\/\/www.ca-autofinance.ch\/fr\/#\/schema\/logo\/image\/\",\"url\":\"https:\/\/www.ca-autofinance.ch\/wp-content\/uploads\/sites\/14\/2023\/04\/LOGO-CA-AUTO-FINANCE_696x696.png\",\"contentUrl\":\"https:\/\/www.ca-autofinance.ch\/wp-content\/uploads\/sites\/14\/2023\/04\/LOGO-CA-AUTO-FINANCE_696x696.png\",\"width\":696,\"height\":696,\"caption\":\"CA Auto Finance Suisse SA\"},\"image\":{\"@id\":\"https:\/\/www.ca-autofinance.ch\/fr\/#\/schema\/logo\/image\/\"}}]}<\/script>\n<!-- \/ Yoast SEO plugin. -->","yoast_head_json":{"title":"Activit\u00e9s - CA Auto Finance Suisse SA","robots":{"index":"index","follow":"follow","max-snippet":"max-snippet:-1","max-image-preview":"max-image-preview:large","max-video-preview":"max-video-preview:-1"},"canonical":"https:\/\/www.ca-autofinance.ch\/fr\/a-propos\/activites\/","og_locale":"fr_FR","og_type":"article","og_title":"Activit\u00e9s - CA Auto Finance Suisse SA","og_url":"https:\/\/www.ca-autofinance.ch\/fr\/a-propos\/activites\/","og_site_name":"CA Auto Finance Suisse SA","article_modified_time":"2023-09-21T08:14:48+00:00","og_image":[{"width":1200,"height":675,"url":"https:\/\/www.ca-autofinance.ch\/wp-content\/uploads\/sites\/14\/2023\/04\/LOGO-CA-AUTO-FINANCE_1200x675.png","type":"image\/png"}],"twitter_card":"summary_large_image","schema":{"@context":"https:\/\/schema.org","@graph":[{"@type":"WebPage","@id":"https:\/\/www.ca-autofinance.ch\/fr\/a-propos\/activites\/","url":"https:\/\/www.ca-autofinance.ch\/fr\/a-propos\/activites\/","name":"Activit\u00e9s - CA Auto Finance Suisse SA","isPartOf":{"@id":"https:\/\/www.ca-autofinance.ch\/fr\/#website"},"datePublished":"2023-02-20T14:53:33+00:00","dateModified":"2023-09-21T08:14:48+00:00","breadcrumb":{"@id":"https:\/\/www.ca-autofinance.ch\/fr\/a-propos\/activites\/#breadcrumb"},"inLanguage":"fr-FR","potentialAction":[{"@type":"ReadAction","target":["https:\/\/www.ca-autofinance.ch\/fr\/a-propos\/activites\/"]}]},{"@type":"BreadcrumbList","@id":"https:\/\/www.ca-autofinance.ch\/fr\/a-propos\/activites\/#breadcrumb","itemListElement":[{"@type":"ListItem","position":1,"name":"Accueil","item":"https:\/\/www.ca-autofinance.ch\/fr\/"},{"@type":"ListItem","position":2,"name":"\u00c0 propos","item":"https:\/\/www.ca-autofinance.ch\/fr\/a-propos\/"},{"@type":"ListItem","position":3,"name":"Activit\u00e9s"}]},{"@type":"WebSite","@id":"https:\/\/www.ca-autofinance.ch\/fr\/#website","url":"https:\/\/www.ca-autofinance.ch\/fr\/","name":"CA Auto Finance Suisse SA","description":"","publisher":{"@id":"https:\/\/www.ca-autofinance.ch\/fr\/#organization"},"potentialAction":[{"@type":"SearchAction","target":{"@type":"EntryPoint","urlTemplate":"https:\/\/www.ca-autofinance.ch\/fr\/?s={search_term_string}"},"query-input":{"@type":"PropertyValueSpecification","valueRequired":true,"valueName":"search_term_string"}}],"inLanguage":"fr-FR"},{"@type":"Organization","@id":"https:\/\/www.ca-autofinance.ch\/fr\/#organization","name":"CA Auto Finance Suisse SA","url":"https:\/\/www.ca-autofinance.ch\/fr\/","logo":{"@type":"ImageObject","inLanguage":"fr-FR","@id":"https:\/\/www.ca-autofinance.ch\/fr\/#\/schema\/logo\/image\/","url":"https:\/\/www.ca-autofinance.ch\/wp-content\/uploads\/sites\/14\/2023\/04\/LOGO-CA-AUTO-FINANCE_696x696.png","contentUrl":"https:\/\/www.ca-autofinance.ch\/wp-content\/uploads\/sites\/14\/2023\/04\/LOGO-CA-AUTO-FINANCE_696x696.png","width":696,"height":696,"caption":"CA Auto Finance Suisse SA"},"image":{"@id":"https:\/\/www.ca-autofinance.ch\/fr\/#\/schema\/logo\/image\/"}}]}},"_links":{"self":[{"href":"https:\/\/www.ca-autofinance.ch\/fr\/wp-json\/wp\/v2\/pages\/589","targetHints":{"allow":["GET"]}}],"collection":[{"href":"https:\/\/www.ca-autofinance.ch\/fr\/wp-json\/wp\/v2\/pages"}],"about":[{"href":"https:\/\/www.ca-autofinance.ch\/fr\/wp-json\/wp\/v2\/types\/page"}],"author":[{"embeddable":true,"href":"https:\/\/www.ca-autofinance.ch\/fr\/wp-json\/wp\/v2\/users\/35"}],"replies":[{"embeddable":true,"href":"https:\/\/www.ca-autofinance.ch\/fr\/wp-json\/wp\/v2\/comments?post=589"}],"version-history":[{"count":3,"href":"https:\/\/www.ca-autofinance.ch\/fr\/wp-json\/wp\/v2\/pages\/589\/revisions"}],"predecessor-version":[{"id":4313,"href":"https:\/\/www.ca-autofinance.ch\/fr\/wp-json\/wp\/v2\/pages\/589\/revisions\/4313"}],"up":[{"embeddable":true,"href":"https:\/\/www.ca-autofinance.ch\/fr\/wp-json\/wp\/v2\/pages\/586"}],"wp:attachment":[{"href":"https:\/\/www.ca-autofinance.ch\/fr\/wp-json\/wp\/v2\/media?parent=589"}],"curies":[{"name":"wp","href":"https:\/\/api.w.org\/{rel}","templated":true}]}}