{"id":5764,"date":"2024-06-07T09:17:55","date_gmt":"2024-06-07T09:17:55","guid":{"rendered":"https:\/\/www.ca-autofinance.ch\/durabilite\/"},"modified":"2024-06-11T12:39:24","modified_gmt":"2024-06-11T12:39:24","slug":"durabilite","status":"publish","type":"page","link":"https:\/\/www.ca-autofinance.ch\/fr\/durabilite\/","title":{"rendered":"Durabilit\u00e9"},"content":{"rendered":"\n        <div\n            id=\"block_0983d15c-6ac8-45ff-922d-f001dcae5745\"\n            class=\"wp-block internal-header-block \"\n                    >\n\n        <h1><strong>DURABILIT\u00c9<br \/>\n<\/strong>LE MOTEUR DE NOTRE ENGAGEMENT: LA VOLONT\u00c9 DE CR\u00c9ER DE LA VALEUR POUR LA PLAN\u00c8TE<\/h1>\n    <div class=\"cms-txt\"><p>Anim\u00e9s par cette volont\u00e9, nous avons d\u00e9velopp\u00e9 une culture d\u2019entreprise bas\u00e9e sur les principes ESG (Environnemental, Social et Gouvernemental).<\/p>\n<\/div>\n\n\n        <\/div>\n    \n\n\n\n\n        <div\n            id=\"block_86f66113-57d9-474c-8ff7-68ec025f5302\"\n            class=\"wp-block two-columns-container-masonry-block \"\n                        data-block-js-component=\"twoColumnsContainerMasonryBlock\"\n                    >\n\n        \n\n    \n\n        <div\n            id=\"block_7ca0ff3c-6187-4f67-9b86-ee3b57532602\"\n            class=\"wp-block content-preview-card-block innerfriendly \"\n                    >\n\n        \n    <div class=\"card content-inner-friendly  bgcolor bgcolor-green-light hovercard\">\n                <a\n            target=\"_self\"\n            href=\"https:\/\/www.ca-autofinance.ch\/fr\/durabilite\/esg\/\"\n                                >\n                                    <div class=\"card-body\">\n                                                <h3 class=\"card-title\n                text-style-uppercase\n                text-weight-bold\n                text-size-bigger\"\n                >\n                    ESG                <\/h3>\n\n                <div class=\"card-text cms-txt\"><p>Notre identit\u00e9 ESG repose sur quatre piliers : la mobilit\u00e9 durable, l\u2019innovation, la digitalisation, les personnes et l\u2019environnement. Ces th\u00e8mes repr\u00e9sentent notre vision de la durabilit\u00e9 et guident les actions du groupe dans la cr\u00e9ation de valeur.<\/p>\n<\/div>\n                                                            <p\n                            class=\"cta--simple cta--simple--white\"\n                                                    >\n                            En savoir plus                        <\/p>\n                                                <\/div>\n                    <\/a>\n    \n    <\/div>\n\n\n        <\/div>\n    \n\n\n\n\n\n\n        <div\n            id=\"block_35457660-c023-4855-a172-e539fe92091c\"\n            class=\"wp-block highlight-text-block innerfriendly \"\n                    >\n\n        \n<p class=\"content-inner-friendly\n        text-weight-light\n        text-lh-small\n        text-green\"\n>\nNous souhaitons parvenir \u00e0 une croissance responsable et inclusive ayant un impact positif sur les personnes et l\u2019environnement.<\/p>\n\n\n        <\/div>\n    \n\n\n\n\n\n\n        <div\n            id=\"block_1b2c2080-7ad0-4857-b42b-497b72899e3d\"\n            class=\"wp-block content-preview-card-block innerfriendly \"\n                    >\n\n        \n    <div class=\"card content-inner-friendly  bgcolor bgcolor-green-medium hovercard\">\n                <a\n            target=\"_self\"\n            href=\"https:\/\/www.ca-autofinance.ch\/fr\/durabilite\/plan-de-developpement-durable\/\"\n                                >\n                                    <div class=\"card-body\">\n                                                <h3 class=\"card-title\n                text-style-uppercase\n                text-weight-bold\n                text-size-bigger\"\n                >\n                    PLAN DE D\u00c9VELOPPEMENT DURABLE                <\/h3>\n\n                <div class=\"card-text cms-txt\"><p>Nos activit\u00e9s et nos r\u00e9sultats sont collect\u00e9s et rapport\u00e9s de mani\u00e8re transparente et compl\u00e8te.<\/p>\n<\/div>\n                                                            <p\n                            class=\"cta--simple cta--simple--white\"\n                                                    >\n                            En savoir plus                        <\/p>\n                                                <\/div>\n                    <\/a>\n    \n    <\/div>\n\n\n        <\/div>\n    \n\n\n\n\n\n\n        <div\n            id=\"block_387a107f-2f15-451a-aeec-ea0463e7182d\"\n            class=\"wp-block content-preview-card-block innerfriendly \"\n                    >\n\n        \n    <div class=\"card content-inner-friendly  standard hovercard\">\n                <a\n            target=\"_self\"\n            href=\"https:\/\/www.ca-autofinance.ch\/fr\/durabilite\/projets-rse\/\"\n                                >\n                                        <img decoding=\"async\" loading=\"lazy\" class=\"card-img-top\" src=\"https:\/\/www.ca-autofinance.ch\/wp-content\/uploads\/sites\/14\/2024\/06\/progetti-csr-660x400-1.jpg\" alt=\"\"\/>\n                        <div class=\"card-body\">\n                                                <h3 class=\"card-title\n                text-style-uppercase\n                text-weight-bold\n                text-size-bigger\"\n                >\n                    PROJETS RSE                <\/h3>\n\n                <div class=\"card-text cms-txt\"><p><span class=\"text-nowrap\">CA Auto Bank<\/span> encourage, les projets de responsabilit\u00e9 sociale d\u2019entreprise (RS) dans les domaines environnementaux, sociaux et culturels. CSR (Corporate Social Resposibility) steht f\u00fcr verantwortliches unternehmerisches Handeln.<\/p>\n<\/div>\n                                                            <p\n                            class=\"cta--simple\"\n                                                    >\n                            En savoir plus                        <\/p>\n                                                <\/div>\n                    <\/a>\n    \n    <\/div>\n\n\n        <\/div>\n    \n\n\n\n\n\n\n        <\/div>\n    \n\n\n\n\n        <div\n            id=\"block_27f7364f-f312-4eca-841c-1ee12e9cd8ae\"\n            class=\"wp-block spacer-block \"\n                    >\n\n        \n<div class=\"spacer-100\"><\/div>\n\n\n        <\/div>\n    \n\n\n\n","protected":false},"excerpt":{"rendered":"","protected":false},"author":35,"featured_media":0,"parent":0,"menu_order":0,"comment_status":"closed","ping_status":"closed","template":"templates\/template-innerpage.php","meta":{"_acf_changed":false,"_relevanssi_hide_post":"","_relevanssi_hide_content":"","_relevanssi_pin_for_all":"","_relevanssi_pin_keywords":"","_relevanssi_unpin_keywords":"","_relevanssi_related_keywords":"","_relevanssi_related_include_ids":"","_relevanssi_related_exclude_ids":"","_relevanssi_related_no_append":"","_relevanssi_related_not_related":"","_relevanssi_related_posts":"","_relevanssi_noindex_reason":"","footnotes":""},"class_list":["post-5764","page","type-page","status-publish","hentry"],"acf":[],"yoast_head":"<!-- This site is optimized with the Yoast SEO plugin v24.9 - https:\/\/yoast.com\/wordpress\/plugins\/seo\/ -->\n<title>Durabilit\u00e9 - CA Auto Finance Suisse SA<\/title>\n<meta name=\"robots\" content=\"index, follow, max-snippet:-1, max-image-preview:large, max-video-preview:-1\" \/>\n<link rel=\"canonical\" href=\"https:\/\/www.ca-autofinance.ch\/fr\/durabilite\/\" \/>\n<meta property=\"og:locale\" content=\"fr_FR\" \/>\n<meta property=\"og:type\" content=\"article\" \/>\n<meta property=\"og:title\" content=\"Durabilit\u00e9 - CA Auto Finance Suisse SA\" \/>\n<meta property=\"og:url\" content=\"https:\/\/www.ca-autofinance.ch\/fr\/durabilite\/\" \/>\n<meta property=\"og:site_name\" content=\"CA Auto Finance Suisse SA\" \/>\n<meta property=\"article:modified_time\" content=\"2024-06-11T12:39:24+00:00\" \/>\n<meta property=\"og:image\" content=\"https:\/\/www.ca-autofinance.ch\/wp-content\/uploads\/sites\/14\/2023\/04\/LOGO-CA-AUTO-FINANCE_1200x675.png\" \/>\n\t<meta property=\"og:image:width\" content=\"1200\" \/>\n\t<meta property=\"og:image:height\" content=\"675\" \/>\n\t<meta property=\"og:image:type\" content=\"image\/png\" \/>\n<meta name=\"twitter:card\" content=\"summary_large_image\" \/>\n<script type=\"application\/ld+json\" class=\"yoast-schema-graph\">{\"@context\":\"https:\/\/schema.org\",\"@graph\":[{\"@type\":\"WebPage\",\"@id\":\"https:\/\/www.ca-autofinance.ch\/fr\/durabilite\/\",\"url\":\"https:\/\/www.ca-autofinance.ch\/fr\/durabilite\/\",\"name\":\"Durabilit\u00e9 - CA Auto Finance Suisse SA\",\"isPartOf\":{\"@id\":\"https:\/\/www.ca-autofinance.ch\/fr\/#website\"},\"datePublished\":\"2024-06-07T09:17:55+00:00\",\"dateModified\":\"2024-06-11T12:39:24+00:00\",\"breadcrumb\":{\"@id\":\"https:\/\/www.ca-autofinance.ch\/fr\/durabilite\/#breadcrumb\"},\"inLanguage\":\"fr-FR\",\"potentialAction\":[{\"@type\":\"ReadAction\",\"target\":[\"https:\/\/www.ca-autofinance.ch\/fr\/durabilite\/\"]}]},{\"@type\":\"BreadcrumbList\",\"@id\":\"https:\/\/www.ca-autofinance.ch\/fr\/durabilite\/#breadcrumb\",\"itemListElement\":[{\"@type\":\"ListItem\",\"position\":1,\"name\":\"Accueil\",\"item\":\"https:\/\/www.ca-autofinance.ch\/fr\/\"},{\"@type\":\"ListItem\",\"position\":2,\"name\":\"Durabilit\u00e9\"}]},{\"@type\":\"WebSite\",\"@id\":\"https:\/\/www.ca-autofinance.ch\/fr\/#website\",\"url\":\"https:\/\/www.ca-autofinance.ch\/fr\/\",\"name\":\"CA Auto Finance Suisse SA\",\"description\":\"\",\"publisher\":{\"@id\":\"https:\/\/www.ca-autofinance.ch\/fr\/#organization\"},\"potentialAction\":[{\"@type\":\"SearchAction\",\"target\":{\"@type\":\"EntryPoint\",\"urlTemplate\":\"https:\/\/www.ca-autofinance.ch\/fr\/?s={search_term_string}\"},\"query-input\":{\"@type\":\"PropertyValueSpecification\",\"valueRequired\":true,\"valueName\":\"search_term_string\"}}],\"inLanguage\":\"fr-FR\"},{\"@type\":\"Organization\",\"@id\":\"https:\/\/www.ca-autofinance.ch\/fr\/#organization\",\"name\":\"CA Auto Finance Suisse SA\",\"url\":\"https:\/\/www.ca-autofinance.ch\/fr\/\",\"logo\":{\"@type\":\"ImageObject\",\"inLanguage\":\"fr-FR\",\"@id\":\"https:\/\/www.ca-autofinance.ch\/fr\/#\/schema\/logo\/image\/\",\"url\":\"https:\/\/www.ca-autofinance.ch\/wp-content\/uploads\/sites\/14\/2023\/04\/LOGO-CA-AUTO-FINANCE_696x696.png\",\"contentUrl\":\"https:\/\/www.ca-autofinance.ch\/wp-content\/uploads\/sites\/14\/2023\/04\/LOGO-CA-AUTO-FINANCE_696x696.png\",\"width\":696,\"height\":696,\"caption\":\"CA Auto Finance Suisse SA\"},\"image\":{\"@id\":\"https:\/\/www.ca-autofinance.ch\/fr\/#\/schema\/logo\/image\/\"}}]}<\/script>\n<!-- \/ Yoast SEO plugin. -->","yoast_head_json":{"title":"Durabilit\u00e9 - CA Auto Finance Suisse SA","robots":{"index":"index","follow":"follow","max-snippet":"max-snippet:-1","max-image-preview":"max-image-preview:large","max-video-preview":"max-video-preview:-1"},"canonical":"https:\/\/www.ca-autofinance.ch\/fr\/durabilite\/","og_locale":"fr_FR","og_type":"article","og_title":"Durabilit\u00e9 - CA Auto Finance Suisse SA","og_url":"https:\/\/www.ca-autofinance.ch\/fr\/durabilite\/","og_site_name":"CA Auto Finance Suisse SA","article_modified_time":"2024-06-11T12:39:24+00:00","og_image":[{"width":1200,"height":675,"url":"https:\/\/www.ca-autofinance.ch\/wp-content\/uploads\/sites\/14\/2023\/04\/LOGO-CA-AUTO-FINANCE_1200x675.png","type":"image\/png"}],"twitter_card":"summary_large_image","schema":{"@context":"https:\/\/schema.org","@graph":[{"@type":"WebPage","@id":"https:\/\/www.ca-autofinance.ch\/fr\/durabilite\/","url":"https:\/\/www.ca-autofinance.ch\/fr\/durabilite\/","name":"Durabilit\u00e9 - CA Auto Finance Suisse SA","isPartOf":{"@id":"https:\/\/www.ca-autofinance.ch\/fr\/#website"},"datePublished":"2024-06-07T09:17:55+00:00","dateModified":"2024-06-11T12:39:24+00:00","breadcrumb":{"@id":"https:\/\/www.ca-autofinance.ch\/fr\/durabilite\/#breadcrumb"},"inLanguage":"fr-FR","potentialAction":[{"@type":"ReadAction","target":["https:\/\/www.ca-autofinance.ch\/fr\/durabilite\/"]}]},{"@type":"BreadcrumbList","@id":"https:\/\/www.ca-autofinance.ch\/fr\/durabilite\/#breadcrumb","itemListElement":[{"@type":"ListItem","position":1,"name":"Accueil","item":"https:\/\/www.ca-autofinance.ch\/fr\/"},{"@type":"ListItem","position":2,"name":"Durabilit\u00e9"}]},{"@type":"WebSite","@id":"https:\/\/www.ca-autofinance.ch\/fr\/#website","url":"https:\/\/www.ca-autofinance.ch\/fr\/","name":"CA Auto Finance Suisse SA","description":"","publisher":{"@id":"https:\/\/www.ca-autofinance.ch\/fr\/#organization"},"potentialAction":[{"@type":"SearchAction","target":{"@type":"EntryPoint","urlTemplate":"https:\/\/www.ca-autofinance.ch\/fr\/?s={search_term_string}"},"query-input":{"@type":"PropertyValueSpecification","valueRequired":true,"valueName":"search_term_string"}}],"inLanguage":"fr-FR"},{"@type":"Organization","@id":"https:\/\/www.ca-autofinance.ch\/fr\/#organization","name":"CA Auto Finance Suisse SA","url":"https:\/\/www.ca-autofinance.ch\/fr\/","logo":{"@type":"ImageObject","inLanguage":"fr-FR","@id":"https:\/\/www.ca-autofinance.ch\/fr\/#\/schema\/logo\/image\/","url":"https:\/\/www.ca-autofinance.ch\/wp-content\/uploads\/sites\/14\/2023\/04\/LOGO-CA-AUTO-FINANCE_696x696.png","contentUrl":"https:\/\/www.ca-autofinance.ch\/wp-content\/uploads\/sites\/14\/2023\/04\/LOGO-CA-AUTO-FINANCE_696x696.png","width":696,"height":696,"caption":"CA Auto Finance Suisse SA"},"image":{"@id":"https:\/\/www.ca-autofinance.ch\/fr\/#\/schema\/logo\/image\/"}}]}},"_links":{"self":[{"href":"https:\/\/www.ca-autofinance.ch\/fr\/wp-json\/wp\/v2\/pages\/5764","targetHints":{"allow":["GET"]}}],"collection":[{"href":"https:\/\/www.ca-autofinance.ch\/fr\/wp-json\/wp\/v2\/pages"}],"about":[{"href":"https:\/\/www.ca-autofinance.ch\/fr\/wp-json\/wp\/v2\/types\/page"}],"author":[{"embeddable":true,"href":"https:\/\/www.ca-autofinance.ch\/fr\/wp-json\/wp\/v2\/users\/35"}],"replies":[{"embeddable":true,"href":"https:\/\/www.ca-autofinance.ch\/fr\/wp-json\/wp\/v2\/comments?post=5764"}],"version-history":[{"count":5,"href":"https:\/\/www.ca-autofinance.ch\/fr\/wp-json\/wp\/v2\/pages\/5764\/revisions"}],"predecessor-version":[{"id":5838,"href":"https:\/\/www.ca-autofinance.ch\/fr\/wp-json\/wp\/v2\/pages\/5764\/revisions\/5838"}],"wp:attachment":[{"href":"https:\/\/www.ca-autofinance.ch\/fr\/wp-json\/wp\/v2\/media?parent=5764"}],"curies":[{"name":"wp","href":"https:\/\/api.w.org\/{rel}","templated":true}]}}