{"id":576,"date":"2023-02-20T15:00:29","date_gmt":"2023-02-20T15:00:29","guid":{"rendered":"https:\/\/www.ca-autofinance.ch\/faq\/"},"modified":"2023-03-08T11:06:11","modified_gmt":"2023-03-08T11:06:11","slug":"faq","status":"publish","type":"page","link":"https:\/\/www.ca-autofinance.ch\/fr\/faq\/","title":{"rendered":"Faq"},"content":{"rendered":"\n        <div\n            id=\"block_576aeca8-edd6-4606-a074-6169d1db10d2\"\n            class=\"wp-block internal-header-block \"\n                    >\n\n        <h1><strong>FAQ<\/strong><\/h1>\n    <div class=\"cms-txt\"><p>Dans cette section, vous trouverez toutes les r\u00e9ponses et les informations concernant le leasing et le financement.<\/p>\n<\/div>\n\n\n        <\/div>\n    \n\n\n\n\n\n\n        <div\n            id=\"block_eaa6132e-572e-4993-95d0-d3b6d1230625\"\n            class=\"wp-block accordion-text-block \"\n                        data-block-js-component=\"accordion\"\n                    >\n\n            <button class=\"js-toggle-accordion-block accordion-text-block__title\">\n        <div class=\"label-accordion\">\n            <span>Quels sont les avantages du leasing de CA Auto Finance?<\/span>\n        <\/div>\n    <\/button>\n    <div class=\"accordion-text-block__content\" inert>\n        <div class=\"accordion-text-block__text\">\n            <div class=\"cms-txt\">\n                <p>En optant pour un leasing de CA Auto Finance, vous pouvez utiliser le v\u00e9hicule sans en \u00eatre le propri\u00e9taire et sans immobiliser votre.<\/p>\n            <\/div>\n                    <\/div>\n    <\/div>\n\n\n        <\/div>\n    \n\n\n\n        <div\n            id=\"block_f7c8856f-9130-4502-800a-0b37d2bfc128\"\n            class=\"wp-block accordion-text-block \"\n                        data-block-js-component=\"accordion\"\n                    >\n\n            <button class=\"js-toggle-accordion-block accordion-text-block__title\">\n        <div class=\"label-accordion\">\n            <span>Quels sont les avantages du produit Libero de CA Auto Finance?<\/span>\n        <\/div>\n    <\/button>\n    <div class=\"accordion-text-block__content\" inert>\n        <div class=\"accordion-text-block__text\">\n            <div class=\"cms-txt\">\n                <p>\u00c0 l\u2019\u00e9ch\u00e9ance du contrat, le client a quatre possibilit\u00e9s:<\/p>\n<ul>\n<li>\u00e9changer le v\u00e9hicule pour en acqu\u00e9rir un autre<\/li>\n<li>acheter le v\u00e9hicule en payant le paiement optionnel<\/li>\n<li>refinancer le paiement optionnel<\/li>\n<li>restituer le v\u00e9hicule au concessionnaire<\/li>\n<\/ul>\n            <\/div>\n                    <\/div>\n    <\/div>\n\n\n        <\/div>\n    \n\n\n\n        <div\n            id=\"block_799623bb-2e15-44cb-b49a-be2e4a92fd9b\"\n            class=\"wp-block accordion-text-block \"\n                        data-block-js-component=\"accordion\"\n                    >\n\n            <button class=\"js-toggle-accordion-block accordion-text-block__title\">\n        <div class=\"label-accordion\">\n            <span>Quels sont les avantages du financement de CA Auto Finance?<\/span>\n        <\/div>\n    <\/button>\n    <div class=\"accordion-text-block__content\" inert>\n        <div class=\"accordion-text-block__text\">\n            <div class=\"cms-txt\">\n                <p>Chez <span class=\"text-nowrap\">CA Auto Finance<\/span>, vous pouvez acheter le v\u00e9hicule d\u00e9sir\u00e9 en le payant en plusieurs mensualit\u00e9s convenues. Vous avez \u00e9galement la possibilit\u00e9 de combiner le financement avec des services d\u2019assurance exclusifs.<\/p>\n            <\/div>\n                    <\/div>\n    <\/div>\n\n\n        <\/div>\n    \n\n\n\n        <div\n            id=\"block_4fb229c3-b78f-4fd8-9989-3769b822de03\"\n            class=\"wp-block accordion-text-block \"\n                        data-block-js-component=\"accordion\"\n                    >\n\n            <button class=\"js-toggle-accordion-block accordion-text-block__title\">\n        <div class=\"label-accordion\">\n            <span>Pourquoi choisir  CA Auto Finance?<\/span>\n        <\/div>\n    <\/button>\n    <div class=\"accordion-text-block__content\" inert>\n        <div class=\"accordion-text-block__text\">\n            <div class=\"cms-txt\">\n                <p>Gr\u00e2ce \u00e0 son exp\u00e9rience et \u00e0 sa coop\u00e9ration \u00e9troite avec le r\u00e9seau de concessionnaires, <span class=\"text-nowrap\">CA Auto Finance<\/span> propose des solutions de financement innovantes et flexibles adapt\u00e9es \u00e0 vos besoins. En plus, <span class=\"text-nowrap\">CA Auto Finance<\/span> vous offre la possibilit\u00e9 d\u2019ajouter des services d\u2019assurance exclusifs \u00e0 chaque financement.<\/p>\n            <\/div>\n                    <\/div>\n    <\/div>\n\n\n        <\/div>\n    \n\n\n\n        <div\n            id=\"block_19134396-c40c-4c4f-85b6-a7e2190b3687\"\n            class=\"wp-block accordion-text-block \"\n                        data-block-js-component=\"accordion\"\n                    >\n\n            <button class=\"js-toggle-accordion-block accordion-text-block__title\">\n        <div class=\"label-accordion\">\n            <span>Comment puis-je obtenir un leasing\/financement?<\/span>\n        <\/div>\n    <\/button>\n    <div class=\"accordion-text-block__content\" inert>\n        <div class=\"accordion-text-block__text\">\n            <div class=\"cms-txt\">\n                <p>Pour obtenir un leasing\/financement, il suffit de s\u2019adresser \u00e0 un concessionnaire. Les conseillers de vente seront \u00e0 votre disposition afin de vous proposer la solution qui convient le mieux \u00e0 vos besoins.<\/p>\n            <\/div>\n                    <\/div>\n    <\/div>\n\n\n        <\/div>\n    \n\n\n\n        <div\n            id=\"block_4b1d8ede-a7bd-41f1-8979-1c38272b65da\"\n            class=\"wp-block accordion-text-block \"\n                        data-block-js-component=\"accordion\"\n                    >\n\n            <button class=\"js-toggle-accordion-block accordion-text-block__title\">\n        <div class=\"label-accordion\">\n            <span>Que peut-on financer?<\/span>\n        <\/div>\n    <\/button>\n    <div class=\"accordion-text-block__content\" inert>\n        <div class=\"accordion-text-block__text\">\n            <div class=\"cms-txt\">\n                <p>Nous offrons des solutions financi\u00e8res pour v\u00e9hicules neufs et d\u2019occasion et nous sommes sp\u00e9cialis\u00e9s dans les marques Fiat, Abarth, Alfa Romeo, Jeep et Maserati.<\/p>\n            <\/div>\n                    <\/div>\n    <\/div>\n\n\n        <\/div>\n    \n\n\n\n        <div\n            id=\"block_3d02fb0c-54ae-4e64-a464-373f8e54bac0\"\n            class=\"wp-block accordion-text-block \"\n                        data-block-js-component=\"accordion\"\n                    >\n\n            <button class=\"js-toggle-accordion-block accordion-text-block__title\">\n        <div class=\"label-accordion\">\n            <span>Dans quel d\u00e9lai recevrai-je une r\u00e9ponse \u00e0 ma demande de financement? Qui va me contacter?<\/span>\n        <\/div>\n    <\/button>\n    <div class=\"accordion-text-block__content\" inert>\n        <div class=\"accordion-text-block__text\">\n            <div class=\"cms-txt\">\n                <p><span class=\"text-nowrap\">CA Auto Finance<\/span> donnera une r\u00e9ponse au concessionnaire dans les 8 heures de travail \u00e0 compter de la r\u00e9ception de la demande de financement. Ensuite, le concessionnaire vous contactera pour vous informer.<\/p>\n            <\/div>\n                    <\/div>\n    <\/div>\n\n\n        <\/div>\n    \n\n\n\n        <div\n            id=\"block_22618fc9-435e-4c50-9a17-bc2de7ce825a\"\n            class=\"wp-block accordion-text-block \"\n                        data-block-js-component=\"accordion\"\n                    >\n\n            <button class=\"js-toggle-accordion-block accordion-text-block__title\">\n        <div class=\"label-accordion\">\n            <span>Comment puis-je faire une demande de leasing\/financement?<\/span>\n        <\/div>\n    <\/button>\n    <div class=\"accordion-text-block__content\" inert>\n        <div class=\"accordion-text-block__text\">\n            <div class=\"cms-txt\">\n                <p>Rendez-vous chez le concessionnaire le plus proche, o\u00f9 les conseillers de vente vous informerons sur nos produits. Pour plus d\u2019informations sur le r\u00e9seau de vente, cliquez ici.<\/p>\n            <\/div>\n                    <\/div>\n    <\/div>\n\n\n        <\/div>\n    \n\n\n\n        <div\n            id=\"block_eebf57e0-63cd-421a-a047-02d2dcc32217\"\n            class=\"wp-block accordion-text-block \"\n                        data-block-js-component=\"accordion\"\n                    >\n\n            <button class=\"js-toggle-accordion-block accordion-text-block__title\">\n        <div class=\"label-accordion\">\n            <span>\u00c0 partir de quand dois-je payer les mensualit\u00e9s \u00e0 CA Auto Finance Suisse SA?<\/span>\n        <\/div>\n    <\/button>\n    <div class=\"accordion-text-block__content\" inert>\n        <div class=\"accordion-text-block__text\">\n            <div class=\"cms-txt\">\n                <p>Pour les produits de financement Leasing et Libero, le client est tenu \u00e0 payer la premi\u00e8re mensualit\u00e9 au concessionnaire lors de la livraison. En ce qui concerne le financement et le cr\u00e9dit priv\u00e9, la premi\u00e8re mensualit\u00e9 doit \u00eatre pay\u00e9e \u00e0 <span class=\"text-nowrap\">CA Auto Finance<\/span>. En cas de livraison avant du 15 du mois, la premi\u00e8re mensualit\u00e9 doit \u00eatre pay\u00e9e \u00e0 <span class=\"text-nowrap\">CA Auto Finance<\/span> le 1er du mois suivant. En cas de livraison apr\u00e8s le 15 du mois, la premi\u00e8re mensualit\u00e9 doit \u00eatre pay\u00e9e le deuxi\u00e8me mois suivant.<br \/>\nExemple :<br \/>\nLivraison jusqu\u2019au 15 septembre : premi\u00e8re mensualit\u00e9 \u00e0 <span class=\"text-nowrap\">CA Auto Finance<\/span> le 1er octobre.<br \/>\nLivraison \u00e0 partir du 16 septembre : mensualit\u00e9 \u00e0 <span class=\"text-nowrap\">CA Auto Finance<\/span> le 1er novembre.<\/p>\n            <\/div>\n                    <\/div>\n    <\/div>\n\n\n        <\/div>\n    \n\n\n\n        <div\n            id=\"block_da07a79e-0c0c-49fe-92ed-7b8f7726e797\"\n            class=\"wp-block accordion-text-block \"\n                        data-block-js-component=\"accordion\"\n                    >\n\n            <button class=\"js-toggle-accordion-block accordion-text-block__title\">\n        <div class=\"label-accordion\">\n            <span>Quel est mon solde?<\/span>\n        <\/div>\n    <\/button>\n    <div class=\"accordion-text-block__content\" inert>\n        <div class=\"accordion-text-block__text\">\n            <div class=\"cms-txt\">\n                <p>Pour toute question relative au solde, nous vous prions de consulter votre concessionnaire.<\/p>\n            <\/div>\n                    <\/div>\n    <\/div>\n\n\n        <\/div>\n    \n\n\n\n        <div\n            id=\"block_a80a9d16-e033-4df9-8e66-bb755a1346c9\"\n            class=\"wp-block accordion-text-block \"\n                        data-block-js-component=\"accordion\"\n                    >\n\n            <button class=\"js-toggle-accordion-block accordion-text-block__title\">\n        <div class=\"label-accordion\">\n            <span>J\u2019ai re\u00e7u le pr\u00e9avis de l\u2019\u00e9ch\u00e9ance de mon contrat. Comment dois-je proc\u00e9der?<\/span>\n        <\/div>\n    <\/button>\n    <div class=\"accordion-text-block__content\" inert>\n        <div class=\"accordion-text-block__text\">\n            <div class=\"cms-txt\">\n                <p>Veuillez contacter votre concessionnaire pour les prochaines \u00e9tapes.<\/p>\n            <\/div>\n                    <\/div>\n    <\/div>\n\n\n        <\/div>\n    \n\n\n\n        <div\n            id=\"block_183e3316-6955-4567-a18f-41860f447380\"\n            class=\"wp-block accordion-text-block \"\n                        data-block-js-component=\"accordion\"\n                    >\n\n            <button class=\"js-toggle-accordion-block accordion-text-block__title\">\n        <div class=\"label-accordion\">\n            <span>Puis-je immatriculer mon v\u00e9hicule \u00e0 une autre personne?<\/span>\n        <\/div>\n    <\/button>\n    <div class=\"accordion-text-block__content\" inert>\n        <div class=\"accordion-text-block__text\">\n            <div class=\"cms-txt\">\n                <p>Un changement de d\u00e9tenteur ou d\u2019assurance ne peut qu\u2019\u00eatre fait qu\u2019au nom de personnes vivant dans le m\u00eame m\u00e9nage, soit le\/la conjoint(e) et les enfants. Veuillez consulter la section <a href=\"https:\/\/www.ca-autofinance.ch\/fr\/my-ca-auto-bank\/\">Espace clients<\/a> afin de demander le changement. Les co\u00fbts pour un changement de d\u00e9tenteur sont de CHF 50.\u2013 plus TVA.<\/p>\n            <\/div>\n                    <\/div>\n    <\/div>\n\n\n        <\/div>\n    \n\n\n\n        <div\n            id=\"block_9567e51e-d42a-492b-a6fc-959204211162\"\n            class=\"wp-block accordion-text-block \"\n                        data-block-js-component=\"accordion\"\n                    >\n\n            <button class=\"js-toggle-accordion-block accordion-text-block__title\">\n        <div class=\"label-accordion\">\n            <span>J\u2019ai d\u00e9m\u00e9nag\u00e9. Comment puis-je communiquer le changement d\u2019adresse?<\/span>\n        <\/div>\n    <\/button>\n    <div class=\"accordion-text-block__content\" inert>\n        <div class=\"accordion-text-block__text\">\n            <div class=\"cms-txt\">\n                <p>Afin de nous communiquer un changement d\u2019adresse, veuillez consulter la section <a href=\"https:\/\/www.ca-autofinance.ch\/fr\/my-ca-auto-bank\/\">Espace Clients<\/a>.<\/p>\n            <\/div>\n                    <\/div>\n    <\/div>\n\n\n        <\/div>\n    \n\n\n\n        <div\n            id=\"block_9cbc5840-6f33-405c-9b53-41c06e9fcd4a\"\n            class=\"wp-block accordion-text-block \"\n                        data-block-js-component=\"accordion\"\n                    >\n\n            <button class=\"js-toggle-accordion-block accordion-text-block__title\">\n        <div class=\"label-accordion\">\n            <span>En g\u00e9n\u00e9ral<\/span>\n        <\/div>\n    <\/button>\n    <div class=\"accordion-text-block__content\" inert>\n        <div class=\"accordion-text-block__text\">\n            <div class=\"cms-txt\">\n                <ul>\n<li>Programmez votre ordre permanent afin d\u2019\u00e9viter des paiements exc\u00e9dentaires effectu\u00e9s<\/li>\n<li>Nous vous conseillons de payer les mensualit\u00e9s le 1er du mois pour \u00e9viter les rappels<\/li>\n<li>Veuillez noter qu\u2019apr\u00e8s la r\u00e9ception du paiement (d\u00e9compte final ou facture de la valeur r\u00e9siduelle), le code 178 sera automatiquement lib\u00e9r\u00e9 apr\u00e8s 2 ou 3 jours ouvrables<\/li>\n<\/ul>\n            <\/div>\n                    <\/div>\n    <\/div>\n\n\n        <\/div>\n    \n\n\n\n        <div\n            id=\"block_d0c963ea-0611-4527-b222-d2c2f6acbd75\"\n            class=\"wp-block spacer-block \"\n                    >\n\n        \n<div class=\"spacer-100\"><\/div>\n\n\n        <\/div>\n    \n\n\n\n","protected":false},"excerpt":{"rendered":"","protected":false},"author":35,"featured_media":0,"parent":0,"menu_order":0,"comment_status":"closed","ping_status":"closed","template":"templates\/template-servicepage.php","meta":{"_acf_changed":false,"_relevanssi_hide_post":"","_relevanssi_hide_content":"","_relevanssi_pin_for_all":"","_relevanssi_pin_keywords":"","_relevanssi_unpin_keywords":"","_relevanssi_related_keywords":"","_relevanssi_related_include_ids":"","_relevanssi_related_exclude_ids":"","_relevanssi_related_no_append":"","_relevanssi_related_not_related":"","_relevanssi_related_posts":"","_relevanssi_noindex_reason":"","footnotes":""},"class_list":["post-576","page","type-page","status-publish","hentry"],"acf":[],"yoast_head":"<!-- This site is optimized with the Yoast SEO plugin v25.6 - https:\/\/yoast.com\/wordpress\/plugins\/seo\/ -->\n<title>Faq - CA Auto Finance Suisse SA<\/title>\n<meta name=\"robots\" content=\"index, follow, max-snippet:-1, max-image-preview:large, max-video-preview:-1\" \/>\n<link rel=\"canonical\" href=\"https:\/\/www.ca-autofinance.ch\/fr\/faq\/\" \/>\n<meta property=\"og:locale\" content=\"fr_FR\" \/>\n<meta property=\"og:type\" content=\"article\" \/>\n<meta property=\"og:title\" content=\"Faq - CA Auto Finance Suisse SA\" \/>\n<meta property=\"og:url\" content=\"https:\/\/www.ca-autofinance.ch\/fr\/faq\/\" \/>\n<meta property=\"og:site_name\" content=\"CA Auto Finance Suisse SA\" \/>\n<meta property=\"article:modified_time\" content=\"2023-03-08T11:06:11+00:00\" \/>\n<meta property=\"og:image\" content=\"https:\/\/www.ca-autofinance.ch\/wp-content\/uploads\/sites\/14\/2023\/04\/LOGO-CA-AUTO-FINANCE_1200x675.png\" \/>\n\t<meta property=\"og:image:width\" content=\"1200\" \/>\n\t<meta property=\"og:image:height\" content=\"675\" \/>\n\t<meta property=\"og:image:type\" content=\"image\/png\" \/>\n<meta name=\"twitter:card\" content=\"summary_large_image\" \/>\n<script type=\"application\/ld+json\" class=\"yoast-schema-graph\">{\"@context\":\"https:\/\/schema.org\",\"@graph\":[{\"@type\":\"WebPage\",\"@id\":\"https:\/\/www.ca-autofinance.ch\/fr\/faq\/\",\"url\":\"https:\/\/www.ca-autofinance.ch\/fr\/faq\/\",\"name\":\"Faq - CA Auto Finance Suisse SA\",\"isPartOf\":{\"@id\":\"https:\/\/www.ca-autofinance.ch\/fr\/#website\"},\"datePublished\":\"2023-02-20T15:00:29+00:00\",\"dateModified\":\"2023-03-08T11:06:11+00:00\",\"breadcrumb\":{\"@id\":\"https:\/\/www.ca-autofinance.ch\/fr\/faq\/#breadcrumb\"},\"inLanguage\":\"fr-FR\",\"potentialAction\":[{\"@type\":\"ReadAction\",\"target\":[\"https:\/\/www.ca-autofinance.ch\/fr\/faq\/\"]}]},{\"@type\":\"BreadcrumbList\",\"@id\":\"https:\/\/www.ca-autofinance.ch\/fr\/faq\/#breadcrumb\",\"itemListElement\":[{\"@type\":\"ListItem\",\"position\":1,\"name\":\"Accueil\",\"item\":\"https:\/\/www.ca-autofinance.ch\/fr\/\"},{\"@type\":\"ListItem\",\"position\":2,\"name\":\"Faq\"}]},{\"@type\":\"WebSite\",\"@id\":\"https:\/\/www.ca-autofinance.ch\/fr\/#website\",\"url\":\"https:\/\/www.ca-autofinance.ch\/fr\/\",\"name\":\"CA Auto Finance Suisse SA\",\"description\":\"\",\"publisher\":{\"@id\":\"https:\/\/www.ca-autofinance.ch\/fr\/#organization\"},\"potentialAction\":[{\"@type\":\"SearchAction\",\"target\":{\"@type\":\"EntryPoint\",\"urlTemplate\":\"https:\/\/www.ca-autofinance.ch\/fr\/?s={search_term_string}\"},\"query-input\":{\"@type\":\"PropertyValueSpecification\",\"valueRequired\":true,\"valueName\":\"search_term_string\"}}],\"inLanguage\":\"fr-FR\"},{\"@type\":\"Organization\",\"@id\":\"https:\/\/www.ca-autofinance.ch\/fr\/#organization\",\"name\":\"CA Auto Finance Suisse SA\",\"url\":\"https:\/\/www.ca-autofinance.ch\/fr\/\",\"logo\":{\"@type\":\"ImageObject\",\"inLanguage\":\"fr-FR\",\"@id\":\"https:\/\/www.ca-autofinance.ch\/fr\/#\/schema\/logo\/image\/\",\"url\":\"https:\/\/www.ca-autofinance.ch\/wp-content\/uploads\/sites\/14\/2023\/04\/LOGO-CA-AUTO-FINANCE_696x696.png\",\"contentUrl\":\"https:\/\/www.ca-autofinance.ch\/wp-content\/uploads\/sites\/14\/2023\/04\/LOGO-CA-AUTO-FINANCE_696x696.png\",\"width\":696,\"height\":696,\"caption\":\"CA Auto Finance Suisse SA\"},\"image\":{\"@id\":\"https:\/\/www.ca-autofinance.ch\/fr\/#\/schema\/logo\/image\/\"}}]}<\/script>\n<!-- \/ Yoast SEO plugin. -->","yoast_head_json":{"title":"Faq - CA Auto Finance Suisse SA","robots":{"index":"index","follow":"follow","max-snippet":"max-snippet:-1","max-image-preview":"max-image-preview:large","max-video-preview":"max-video-preview:-1"},"canonical":"https:\/\/www.ca-autofinance.ch\/fr\/faq\/","og_locale":"fr_FR","og_type":"article","og_title":"Faq - CA Auto Finance Suisse SA","og_url":"https:\/\/www.ca-autofinance.ch\/fr\/faq\/","og_site_name":"CA Auto Finance Suisse SA","article_modified_time":"2023-03-08T11:06:11+00:00","og_image":[{"width":1200,"height":675,"url":"https:\/\/www.ca-autofinance.ch\/wp-content\/uploads\/sites\/14\/2023\/04\/LOGO-CA-AUTO-FINANCE_1200x675.png","type":"image\/png"}],"twitter_card":"summary_large_image","schema":{"@context":"https:\/\/schema.org","@graph":[{"@type":"WebPage","@id":"https:\/\/www.ca-autofinance.ch\/fr\/faq\/","url":"https:\/\/www.ca-autofinance.ch\/fr\/faq\/","name":"Faq - CA Auto Finance Suisse SA","isPartOf":{"@id":"https:\/\/www.ca-autofinance.ch\/fr\/#website"},"datePublished":"2023-02-20T15:00:29+00:00","dateModified":"2023-03-08T11:06:11+00:00","breadcrumb":{"@id":"https:\/\/www.ca-autofinance.ch\/fr\/faq\/#breadcrumb"},"inLanguage":"fr-FR","potentialAction":[{"@type":"ReadAction","target":["https:\/\/www.ca-autofinance.ch\/fr\/faq\/"]}]},{"@type":"BreadcrumbList","@id":"https:\/\/www.ca-autofinance.ch\/fr\/faq\/#breadcrumb","itemListElement":[{"@type":"ListItem","position":1,"name":"Accueil","item":"https:\/\/www.ca-autofinance.ch\/fr\/"},{"@type":"ListItem","position":2,"name":"Faq"}]},{"@type":"WebSite","@id":"https:\/\/www.ca-autofinance.ch\/fr\/#website","url":"https:\/\/www.ca-autofinance.ch\/fr\/","name":"CA Auto Finance Suisse SA","description":"","publisher":{"@id":"https:\/\/www.ca-autofinance.ch\/fr\/#organization"},"potentialAction":[{"@type":"SearchAction","target":{"@type":"EntryPoint","urlTemplate":"https:\/\/www.ca-autofinance.ch\/fr\/?s={search_term_string}"},"query-input":{"@type":"PropertyValueSpecification","valueRequired":true,"valueName":"search_term_string"}}],"inLanguage":"fr-FR"},{"@type":"Organization","@id":"https:\/\/www.ca-autofinance.ch\/fr\/#organization","name":"CA Auto Finance Suisse SA","url":"https:\/\/www.ca-autofinance.ch\/fr\/","logo":{"@type":"ImageObject","inLanguage":"fr-FR","@id":"https:\/\/www.ca-autofinance.ch\/fr\/#\/schema\/logo\/image\/","url":"https:\/\/www.ca-autofinance.ch\/wp-content\/uploads\/sites\/14\/2023\/04\/LOGO-CA-AUTO-FINANCE_696x696.png","contentUrl":"https:\/\/www.ca-autofinance.ch\/wp-content\/uploads\/sites\/14\/2023\/04\/LOGO-CA-AUTO-FINANCE_696x696.png","width":696,"height":696,"caption":"CA Auto Finance Suisse SA"},"image":{"@id":"https:\/\/www.ca-autofinance.ch\/fr\/#\/schema\/logo\/image\/"}}]}},"_links":{"self":[{"href":"https:\/\/www.ca-autofinance.ch\/fr\/wp-json\/wp\/v2\/pages\/576","targetHints":{"allow":["GET"]}}],"collection":[{"href":"https:\/\/www.ca-autofinance.ch\/fr\/wp-json\/wp\/v2\/pages"}],"about":[{"href":"https:\/\/www.ca-autofinance.ch\/fr\/wp-json\/wp\/v2\/types\/page"}],"author":[{"embeddable":true,"href":"https:\/\/www.ca-autofinance.ch\/fr\/wp-json\/wp\/v2\/users\/35"}],"replies":[{"embeddable":true,"href":"https:\/\/www.ca-autofinance.ch\/fr\/wp-json\/wp\/v2\/comments?post=576"}],"version-history":[{"count":0,"href":"https:\/\/www.ca-autofinance.ch\/fr\/wp-json\/wp\/v2\/pages\/576\/revisions"}],"wp:attachment":[{"href":"https:\/\/www.ca-autofinance.ch\/fr\/wp-json\/wp\/v2\/media?parent=576"}],"curies":[{"name":"wp","href":"https:\/\/api.w.org\/{rel}","templated":true}]}}