{"id":5754,"date":"2024-06-07T09:18:27","date_gmt":"2024-06-07T09:18:27","guid":{"rendered":"https:\/\/www.ca-autofinance.ch\/?page_id=5754"},"modified":"2024-06-11T12:39:24","modified_gmt":"2024-06-11T12:39:24","slug":"esg","status":"publish","type":"page","link":"https:\/\/www.ca-autofinance.ch\/fr\/durabilite\/esg\/","title":{"rendered":"ESG"},"content":{"rendered":"\n        <div\n            id=\"block_b9c9a042-17f7-4955-8a0e-87925e3b8d3c\"\n            class=\"wp-block internal-header-block \"\n                    >\n\n        <h1><strong>ESG<\/strong><br \/>\nENVIRONNEMENT, SOCIAL, GOUVERNANCE.<\/h1>\n    <div class=\"cms-txt\"><p>Notre objectif est de cr\u00e9er \u00ab chaque jour des solutions de mobilit\u00e9 pour une plan\u00e8te meilleure \u00bb. Il r\u00e9sume notre raison d\u2019\u00eatre : mener la transition vers une mobilit\u00e9 durable, gr\u00e2ce aux solutions financi\u00e8res promues par la Banque et \u00e0 la gamme de solutions de mobilit\u00e9 Drivalia. <\/p>\n<\/div>\n\n\n        <\/div>\n    \n\n\n\n\n        <div\n            id=\"block_7e5312f8-b389-4bb5-a6e5-da1c85e80e61\"\n            class=\"wp-block image-block \"\n                    >\n\n        \n<figure>\n            <img decoding=\"async\" src=\"https:\/\/www.ca-autofinance.ch\/wp-content\/uploads\/sites\/14\/2024\/06\/768x465_desk_Sostenibilita_ESG.webp\"\n             alt=\"\">\n        <figcaption><\/figcaption>\n<\/figure>\n\n\n        <\/div>\n    \n\n\n\n\n        <div\n            id=\"block_854e2668-773a-4a54-9149-7f9dcca74cf3\"\n            class=\"wp-block rich-text-block rich-text-block-bg-transparent \"\n                    >\n\n        \n<div class=\"cms-txt\"><p>Notre identit\u00e9 ESG repose sur quatre piliers : la mobilit\u00e9 durable, l\u2019innovation, la digitalisation, les personnes, l\u2019environnement. Ils constituent notre cadre de durabilit\u00e9 et guident nos processus de cr\u00e9ation de valeur pour nos parties prenantes. <\/p>\n<\/div>\n\n\n        <\/div>\n    \n        <div\n            id=\"block_5fc838bd-dd8a-4751-88d9-cb56cf0d6863\"\n            class=\"wp-block rich-text-block rich-text-block-bg-transparent \"\n                    >\n\n        \n<div class=\"cms-txt\"><h2>NOS PILIERS ESG<\/h2>\n<p><strong>La Mobilit\u00e9 <\/strong> <strong>Durable<\/strong> est le moteur d\u2019innovation de notre mod\u00e8le d\u2019entreprise. Nous promouvons des solutions financi\u00e8res innovantes pour rendre la mobilit\u00e9 durable accessible \u00e0 tous les clients. Avec Drivalia, nous favorisons la transition \u00e9lectrique gr\u00e2ce \u00e0 des formules de mobilit\u00e9 flexibles et \u00e0 une strat\u00e9gie d\u2019\u00e9lectrification visant \u00e0 d\u00e9velopper des infrastructures de recharge \u00e9lectrique dans toute l\u2019Europe.<\/p>\n<p>Nos comportements responsables \u00e0 l\u2019\u00e9gard de <strong>l\u2019Environnement<\/strong> s\u2019incarnent dans notre engagement \u00e0 r\u00e9duire notre empreinte carbone, \u00e0 \u00eatre une banque enti\u00e8rement num\u00e9rique et \u00e0 faciliter la transition de nos clients vers une mobilit\u00e9 plus durable.<\/p>\n<p>Notre succ\u00e8s repose sur les <strong>Personnes<\/strong> : nos employ\u00e9s et nos clients. Nous prenons soin de nos premi\u00e8res parties prenantes, les employ\u00e9s, en investissant en eux pour leur garantir un bon \u00e9quilibre entre vie professionnelle et vie priv\u00e9e. Nous sommes en m\u00eame temps un partenaire de confiance pour nos clients et mettons leurs besoins au c\u0153ur de nos pr\u00e9occupations.<\/p>\n<p>Nous sommes une banque innovante et digitale. Gr\u00e2ce \u00e0 l\u2019Innovation et \u00e0 la Digitalisation, nous optimisons l\u2019accessibilit\u00e9 et la transparence de nos services.<\/p>\n<\/div>\n\n\n        <\/div>\n    \n        <div\n            id=\"block_73680a81-47ea-4a5a-87b9-f7ccc475b929\"\n            class=\"wp-block spacer-block \"\n                    >\n\n        \n<div class=\"spacer-50\"><\/div>\n\n\n        <\/div>\n    \n\n\n\n","protected":false},"excerpt":{"rendered":"","protected":false},"author":35,"featured_media":0,"parent":5764,"menu_order":0,"comment_status":"closed","ping_status":"closed","template":"templates\/template-innerpage.php","meta":{"_acf_changed":false,"_relevanssi_hide_post":"","_relevanssi_hide_content":"","_relevanssi_pin_for_all":"","_relevanssi_pin_keywords":"","_relevanssi_unpin_keywords":"","_relevanssi_related_keywords":"","_relevanssi_related_include_ids":"","_relevanssi_related_exclude_ids":"","_relevanssi_related_no_append":"","_relevanssi_related_not_related":"","_relevanssi_related_posts":"","_relevanssi_noindex_reason":"","footnotes":""},"class_list":["post-5754","page","type-page","status-publish","hentry"],"acf":[],"yoast_head":"<!-- This site is optimized with the Yoast SEO plugin v24.9 - https:\/\/yoast.com\/wordpress\/plugins\/seo\/ -->\n<title>ESG - CA Auto Finance Suisse SA<\/title>\n<meta name=\"robots\" content=\"index, follow, max-snippet:-1, max-image-preview:large, max-video-preview:-1\" \/>\n<link rel=\"canonical\" href=\"https:\/\/www.ca-autofinance.ch\/fr\/durabilite\/esg\/\" \/>\n<meta property=\"og:locale\" content=\"fr_FR\" \/>\n<meta property=\"og:type\" content=\"article\" \/>\n<meta property=\"og:title\" content=\"ESG - CA Auto Finance Suisse SA\" \/>\n<meta property=\"og:url\" content=\"https:\/\/www.ca-autofinance.ch\/fr\/durabilite\/esg\/\" \/>\n<meta property=\"og:site_name\" content=\"CA Auto Finance Suisse SA\" \/>\n<meta property=\"article:modified_time\" content=\"2024-06-11T12:39:24+00:00\" \/>\n<meta property=\"og:image\" content=\"https:\/\/www.ca-autofinance.ch\/wp-content\/uploads\/sites\/14\/2023\/04\/LOGO-CA-AUTO-FINANCE_1200x675.png\" \/>\n\t<meta property=\"og:image:width\" content=\"1200\" \/>\n\t<meta property=\"og:image:height\" content=\"675\" \/>\n\t<meta property=\"og:image:type\" content=\"image\/png\" \/>\n<meta name=\"twitter:card\" content=\"summary_large_image\" \/>\n<script type=\"application\/ld+json\" class=\"yoast-schema-graph\">{\"@context\":\"https:\/\/schema.org\",\"@graph\":[{\"@type\":\"WebPage\",\"@id\":\"https:\/\/www.ca-autofinance.ch\/fr\/durabilite\/esg\/\",\"url\":\"https:\/\/www.ca-autofinance.ch\/fr\/durabilite\/esg\/\",\"name\":\"ESG - CA Auto Finance Suisse SA\",\"isPartOf\":{\"@id\":\"https:\/\/www.ca-autofinance.ch\/fr\/#website\"},\"datePublished\":\"2024-06-07T09:18:27+00:00\",\"dateModified\":\"2024-06-11T12:39:24+00:00\",\"breadcrumb\":{\"@id\":\"https:\/\/www.ca-autofinance.ch\/fr\/durabilite\/esg\/#breadcrumb\"},\"inLanguage\":\"fr-FR\",\"potentialAction\":[{\"@type\":\"ReadAction\",\"target\":[\"https:\/\/www.ca-autofinance.ch\/fr\/durabilite\/esg\/\"]}]},{\"@type\":\"BreadcrumbList\",\"@id\":\"https:\/\/www.ca-autofinance.ch\/fr\/durabilite\/esg\/#breadcrumb\",\"itemListElement\":[{\"@type\":\"ListItem\",\"position\":1,\"name\":\"Accueil\",\"item\":\"https:\/\/www.ca-autofinance.ch\/fr\/\"},{\"@type\":\"ListItem\",\"position\":2,\"name\":\"Durabilit\u00e9\",\"item\":\"https:\/\/www.ca-autofinance.ch\/fr\/durabilite\/\"},{\"@type\":\"ListItem\",\"position\":3,\"name\":\"ESG\"}]},{\"@type\":\"WebSite\",\"@id\":\"https:\/\/www.ca-autofinance.ch\/fr\/#website\",\"url\":\"https:\/\/www.ca-autofinance.ch\/fr\/\",\"name\":\"CA Auto Finance Suisse SA\",\"description\":\"\",\"publisher\":{\"@id\":\"https:\/\/www.ca-autofinance.ch\/fr\/#organization\"},\"potentialAction\":[{\"@type\":\"SearchAction\",\"target\":{\"@type\":\"EntryPoint\",\"urlTemplate\":\"https:\/\/www.ca-autofinance.ch\/fr\/?s={search_term_string}\"},\"query-input\":{\"@type\":\"PropertyValueSpecification\",\"valueRequired\":true,\"valueName\":\"search_term_string\"}}],\"inLanguage\":\"fr-FR\"},{\"@type\":\"Organization\",\"@id\":\"https:\/\/www.ca-autofinance.ch\/fr\/#organization\",\"name\":\"CA Auto Finance Suisse SA\",\"url\":\"https:\/\/www.ca-autofinance.ch\/fr\/\",\"logo\":{\"@type\":\"ImageObject\",\"inLanguage\":\"fr-FR\",\"@id\":\"https:\/\/www.ca-autofinance.ch\/fr\/#\/schema\/logo\/image\/\",\"url\":\"https:\/\/www.ca-autofinance.ch\/wp-content\/uploads\/sites\/14\/2023\/04\/LOGO-CA-AUTO-FINANCE_696x696.png\",\"contentUrl\":\"https:\/\/www.ca-autofinance.ch\/wp-content\/uploads\/sites\/14\/2023\/04\/LOGO-CA-AUTO-FINANCE_696x696.png\",\"width\":696,\"height\":696,\"caption\":\"CA Auto Finance Suisse SA\"},\"image\":{\"@id\":\"https:\/\/www.ca-autofinance.ch\/fr\/#\/schema\/logo\/image\/\"}}]}<\/script>\n<!-- \/ Yoast SEO plugin. -->","yoast_head_json":{"title":"ESG - CA Auto Finance Suisse SA","robots":{"index":"index","follow":"follow","max-snippet":"max-snippet:-1","max-image-preview":"max-image-preview:large","max-video-preview":"max-video-preview:-1"},"canonical":"https:\/\/www.ca-autofinance.ch\/fr\/durabilite\/esg\/","og_locale":"fr_FR","og_type":"article","og_title":"ESG - CA Auto Finance Suisse SA","og_url":"https:\/\/www.ca-autofinance.ch\/fr\/durabilite\/esg\/","og_site_name":"CA Auto Finance Suisse SA","article_modified_time":"2024-06-11T12:39:24+00:00","og_image":[{"width":1200,"height":675,"url":"https:\/\/www.ca-autofinance.ch\/wp-content\/uploads\/sites\/14\/2023\/04\/LOGO-CA-AUTO-FINANCE_1200x675.png","type":"image\/png"}],"twitter_card":"summary_large_image","schema":{"@context":"https:\/\/schema.org","@graph":[{"@type":"WebPage","@id":"https:\/\/www.ca-autofinance.ch\/fr\/durabilite\/esg\/","url":"https:\/\/www.ca-autofinance.ch\/fr\/durabilite\/esg\/","name":"ESG - CA Auto Finance Suisse SA","isPartOf":{"@id":"https:\/\/www.ca-autofinance.ch\/fr\/#website"},"datePublished":"2024-06-07T09:18:27+00:00","dateModified":"2024-06-11T12:39:24+00:00","breadcrumb":{"@id":"https:\/\/www.ca-autofinance.ch\/fr\/durabilite\/esg\/#breadcrumb"},"inLanguage":"fr-FR","potentialAction":[{"@type":"ReadAction","target":["https:\/\/www.ca-autofinance.ch\/fr\/durabilite\/esg\/"]}]},{"@type":"BreadcrumbList","@id":"https:\/\/www.ca-autofinance.ch\/fr\/durabilite\/esg\/#breadcrumb","itemListElement":[{"@type":"ListItem","position":1,"name":"Accueil","item":"https:\/\/www.ca-autofinance.ch\/fr\/"},{"@type":"ListItem","position":2,"name":"Durabilit\u00e9","item":"https:\/\/www.ca-autofinance.ch\/fr\/durabilite\/"},{"@type":"ListItem","position":3,"name":"ESG"}]},{"@type":"WebSite","@id":"https:\/\/www.ca-autofinance.ch\/fr\/#website","url":"https:\/\/www.ca-autofinance.ch\/fr\/","name":"CA Auto Finance Suisse SA","description":"","publisher":{"@id":"https:\/\/www.ca-autofinance.ch\/fr\/#organization"},"potentialAction":[{"@type":"SearchAction","target":{"@type":"EntryPoint","urlTemplate":"https:\/\/www.ca-autofinance.ch\/fr\/?s={search_term_string}"},"query-input":{"@type":"PropertyValueSpecification","valueRequired":true,"valueName":"search_term_string"}}],"inLanguage":"fr-FR"},{"@type":"Organization","@id":"https:\/\/www.ca-autofinance.ch\/fr\/#organization","name":"CA Auto Finance Suisse SA","url":"https:\/\/www.ca-autofinance.ch\/fr\/","logo":{"@type":"ImageObject","inLanguage":"fr-FR","@id":"https:\/\/www.ca-autofinance.ch\/fr\/#\/schema\/logo\/image\/","url":"https:\/\/www.ca-autofinance.ch\/wp-content\/uploads\/sites\/14\/2023\/04\/LOGO-CA-AUTO-FINANCE_696x696.png","contentUrl":"https:\/\/www.ca-autofinance.ch\/wp-content\/uploads\/sites\/14\/2023\/04\/LOGO-CA-AUTO-FINANCE_696x696.png","width":696,"height":696,"caption":"CA Auto Finance Suisse SA"},"image":{"@id":"https:\/\/www.ca-autofinance.ch\/fr\/#\/schema\/logo\/image\/"}}]}},"_links":{"self":[{"href":"https:\/\/www.ca-autofinance.ch\/fr\/wp-json\/wp\/v2\/pages\/5754","targetHints":{"allow":["GET"]}}],"collection":[{"href":"https:\/\/www.ca-autofinance.ch\/fr\/wp-json\/wp\/v2\/pages"}],"about":[{"href":"https:\/\/www.ca-autofinance.ch\/fr\/wp-json\/wp\/v2\/types\/page"}],"author":[{"embeddable":true,"href":"https:\/\/www.ca-autofinance.ch\/fr\/wp-json\/wp\/v2\/users\/35"}],"replies":[{"embeddable":true,"href":"https:\/\/www.ca-autofinance.ch\/fr\/wp-json\/wp\/v2\/comments?post=5754"}],"version-history":[{"count":1,"href":"https:\/\/www.ca-autofinance.ch\/fr\/wp-json\/wp\/v2\/pages\/5754\/revisions"}],"predecessor-version":[{"id":5755,"href":"https:\/\/www.ca-autofinance.ch\/fr\/wp-json\/wp\/v2\/pages\/5754\/revisions\/5755"}],"up":[{"embeddable":true,"href":"https:\/\/www.ca-autofinance.ch\/fr\/wp-json\/wp\/v2\/pages\/5764"}],"wp:attachment":[{"href":"https:\/\/www.ca-autofinance.ch\/fr\/wp-json\/wp\/v2\/media?parent=5754"}],"curies":[{"name":"wp","href":"https:\/\/api.w.org\/{rel}","templated":true}]}}