{"id":5746,"date":"2024-06-07T09:18:44","date_gmt":"2024-06-07T09:18:44","guid":{"rendered":"https:\/\/www.ca-autofinance.ch\/plan-de-developpement-durable\/"},"modified":"2024-11-26T16:03:47","modified_gmt":"2024-11-26T16:03:47","slug":"plan-de-developpement-durable","status":"publish","type":"page","link":"https:\/\/www.ca-autofinance.ch\/fr\/durabilite\/plan-de-developpement-durable\/","title":{"rendered":"PLAN DE D\u00c9VELOPPEMENT DURABLE"},"content":{"rendered":"\n        <div\n            id=\"block_36f379e3-9319-42a4-8164-2ed96e111e63\"\n            class=\"wp-block internal-header-block \"\n                    >\n\n        <h1><strong>PLAN DE D\u00c9VELOPPEMENT DURABLE<\/strong><\/h1>\n    <div class=\"cms-txt\"><p>Nous cr\u00e9ons des solutions de mobilit\u00e9 quotidienne pour une meilleure plan\u00e8te.<\/p>\n<\/div>\n\n\n        <\/div>\n    \n\n\n\n\n\n\n        <div\n            id=\"block_5bf83957-b848-4c81-97d1-5294555a704a\"\n            class=\"wp-block image-block \"\n                    >\n\n        \n<figure>\n            <img decoding=\"async\" class=\"d-none d-md-block\" src=\"https:\/\/www.ca-autofinance.ch\/wp-content\/uploads\/sites\/14\/2024\/06\/CAAB-Sustainibility_Plan-Desktop-1024x620-1.jpg\"\n             alt=\"\">\n        <img decoding=\"async\" class=\"d-block d-md-none\" src=\"https:\/\/www.ca-autofinance.ch\/wp-content\/uploads\/sites\/14\/2024\/06\/CAAB-Sustainibility_Plan-Mobile-660x400-1.jpg\"\n             alt=\"\">\n        <figcaption><\/figcaption>\n<\/figure>\n\n\n        <\/div>\n    \n\n\n\n\n\n\n        <div\n            id=\"block_d8a74291-bda3-4d33-aec7-382b4f47ea68\"\n            class=\"wp-block rich-text-block rich-text-block-bg-transparent \"\n                    >\n\n        \n<div class=\"cms-txt\"><p>Les objectifs environnementaux et sociaux deviennent de plus en plus importants et atteignent le m\u00eame niveau d&rsquo;importance que les objectifs de rendement financier.<\/p>\n<p>En tant que nouvelle \u00ab banque de la mobilit\u00e9 pour une meilleure plan\u00e8te \u00bb, nous contribuons fortement \u00e0 l&rsquo;\u00e9volution vers une \u00e9conomie durable et neutre sur le plan environnemental. Nous nous appuyons sur la force de notre histoire et sur le bon travail que nous avons accompli jusqu&rsquo;\u00e0 pr\u00e9sent.<\/p>\n<p>Notre plan de d\u00e9veloppement durable est le r\u00e9sultat d&rsquo;une analyse d\u00e9taill\u00e9e de la Banque. De plus, il incarne la maturit\u00e9 du groupe sur ces sujets.<\/p>\n<p>Cela nous a permis de partir d&rsquo;une base solide, visant \u00e0 d\u00e9finir des objectifs ambitieux qui combinent les activit\u00e9s de la Banque et les exigences des parties prenantes.<\/p>\n<p>Ces objectifs r\u00e9pondent aux attentes r\u00e9glementaires en mati\u00e8re de finance durable, de climat, de gouvernance et d\u2019environnement.<\/p>\n<p>Pour en savoir plus, t\u00e9l\u00e9chargez notre plan de d\u00e9veloppement durable 2024.<\/p>\n<\/div>\n\n\n        <\/div>\n    \n\n\n        <div\n            id=\"block_e6bd0332-e10e-44f5-8a45-06cea413c809\"\n            class=\"wp-block file-download-block \"\n                    >\n\n        \n<div class=\"file-download-block--container\">\n            \n\n    <div class=\"file-download\">\n        <a\n            href=\"https:\/\/www.ca-autofinance.ch\/wp-content\/uploads\/sites\/14\/2024\/11\/CA-AUTO-BANK-SUSTAINABILITY-PLAN-2024-2026-FR.pdf\"\n            target=\"_blank\"\n            class=\"\"\n            title=\"T\u00e9l\u00e9charger PLAN DE D\u00c9VELOPPEMENT DURABLE\"\n        >\n\n            \n            <div><strong>PLAN DE D\u00c9VELOPPEMENT DURABLE<\/strong><\/div>\n\n                    <\/a>\n                <div class=\"file-download__option\">\n            <div class=\"file-view-icon\">\n                <a\n                    href=\"https:\/\/www.ca-autofinance.ch\/wp-content\/uploads\/sites\/14\/2024\/11\/CA-AUTO-BANK-SUSTAINABILITY-PLAN-2024-2026-FR.pdf\"\n                    target=\"_blank\"\n                    title=\"Voir PLAN DE D\u00c9VELOPPEMENT DURABLE\"\n                >\n                    Voir                    <img decoding=\"async\"\n                        src=\"https:\/\/www.ca-autofinance.ch\/wp-content\/themes\/CAAB\/assets\/img\/icons\/view-file.svg\"\n                        alt=\"\"\n                    \/>\n                <\/a>\n            <\/div>\n            <div class=\"file-download-icon\">\n                <a\n                    href=\"https:\/\/www.ca-autofinance.ch\/wp-content\/uploads\/sites\/14\/2024\/11\/CA-AUTO-BANK-SUSTAINABILITY-PLAN-2024-2026-FR.pdf\"\n                    download\n                    target=\"_blank\"\n                    title=\"T\u00e9l\u00e9charger PLAN DE D\u00c9VELOPPEMENT DURABLE\"\"\n                >\n                    T\u00e9l\u00e9charger                    <img decoding=\"async\"\n                        src=\"https:\/\/www.ca-autofinance.ch\/wp-content\/themes\/CAAB\/assets\/img\/icons\/download.svg\"\n                        alt=\"\"\n                    \/>\n                <\/a>\n            <\/div>\n        <\/div>\n        \n    <\/div>\n\n<\/div>\n        <\/div>\n    \n\n\n\n\n\n\n        <div\n            id=\"block_9bf354eb-df42-4138-886d-494d9f223402\"\n            class=\"wp-block spacer-block \"\n                    >\n\n        \n<div class=\"spacer-50\"><\/div>\n\n\n        <\/div>\n    \n\n\n\n","protected":false},"excerpt":{"rendered":"","protected":false},"author":35,"featured_media":0,"parent":5764,"menu_order":0,"comment_status":"closed","ping_status":"closed","template":"templates\/template-innerpage.php","meta":{"_acf_changed":false,"_relevanssi_hide_post":"","_relevanssi_hide_content":"","_relevanssi_pin_for_all":"","_relevanssi_pin_keywords":"","_relevanssi_unpin_keywords":"","_relevanssi_related_keywords":"","_relevanssi_related_include_ids":"","_relevanssi_related_exclude_ids":"","_relevanssi_related_no_append":"","_relevanssi_related_not_related":"","_relevanssi_related_posts":"","_relevanssi_noindex_reason":"","footnotes":""},"class_list":["post-5746","page","type-page","status-publish","hentry"],"acf":[],"yoast_head":"<!-- This site is optimized with the Yoast SEO plugin v26.5 - https:\/\/yoast.com\/wordpress\/plugins\/seo\/ -->\n<title>PLAN DE D\u00c9VELOPPEMENT DURABLE - CA Auto Finance Suisse SA<\/title>\n<meta name=\"robots\" content=\"index, follow, max-snippet:-1, max-image-preview:large, max-video-preview:-1\" \/>\n<link rel=\"canonical\" href=\"https:\/\/www.ca-autofinance.ch\/fr\/durabilite\/plan-de-developpement-durable\/\" \/>\n<meta property=\"og:locale\" content=\"fr_FR\" \/>\n<meta property=\"og:type\" content=\"article\" \/>\n<meta property=\"og:title\" content=\"PLAN DE D\u00c9VELOPPEMENT DURABLE - CA Auto Finance Suisse SA\" \/>\n<meta property=\"og:url\" content=\"https:\/\/www.ca-autofinance.ch\/fr\/durabilite\/plan-de-developpement-durable\/\" \/>\n<meta property=\"og:site_name\" content=\"CA Auto Finance Suisse SA\" \/>\n<meta property=\"article:modified_time\" content=\"2024-11-26T16:03:47+00:00\" \/>\n<meta property=\"og:image\" content=\"https:\/\/www.ca-autofinance.ch\/wp-content\/uploads\/sites\/14\/2023\/04\/LOGO-CA-AUTO-FINANCE_1200x675.png\" \/>\n\t<meta property=\"og:image:width\" content=\"1200\" \/>\n\t<meta property=\"og:image:height\" content=\"675\" \/>\n\t<meta property=\"og:image:type\" content=\"image\/png\" \/>\n<meta name=\"twitter:card\" content=\"summary_large_image\" \/>\n<script type=\"application\/ld+json\" class=\"yoast-schema-graph\">{\"@context\":\"https:\/\/schema.org\",\"@graph\":[{\"@type\":\"WebPage\",\"@id\":\"https:\/\/www.ca-autofinance.ch\/fr\/durabilite\/plan-de-developpement-durable\/\",\"url\":\"https:\/\/www.ca-autofinance.ch\/fr\/durabilite\/plan-de-developpement-durable\/\",\"name\":\"PLAN DE D\u00c9VELOPPEMENT DURABLE - CA Auto Finance Suisse SA\",\"isPartOf\":{\"@id\":\"https:\/\/www.ca-autofinance.ch\/fr\/#website\"},\"datePublished\":\"2024-06-07T09:18:44+00:00\",\"dateModified\":\"2024-11-26T16:03:47+00:00\",\"breadcrumb\":{\"@id\":\"https:\/\/www.ca-autofinance.ch\/fr\/durabilite\/plan-de-developpement-durable\/#breadcrumb\"},\"inLanguage\":\"fr-FR\",\"potentialAction\":[{\"@type\":\"ReadAction\",\"target\":[\"https:\/\/www.ca-autofinance.ch\/fr\/durabilite\/plan-de-developpement-durable\/\"]}]},{\"@type\":\"BreadcrumbList\",\"@id\":\"https:\/\/www.ca-autofinance.ch\/fr\/durabilite\/plan-de-developpement-durable\/#breadcrumb\",\"itemListElement\":[{\"@type\":\"ListItem\",\"position\":1,\"name\":\"Accueil\",\"item\":\"https:\/\/www.ca-autofinance.ch\/fr\/\"},{\"@type\":\"ListItem\",\"position\":2,\"name\":\"Durabilit\u00e9\",\"item\":\"https:\/\/www.ca-autofinance.ch\/fr\/durabilite\/\"},{\"@type\":\"ListItem\",\"position\":3,\"name\":\"PLAN DE D\u00c9VELOPPEMENT DURABLE\"}]},{\"@type\":\"WebSite\",\"@id\":\"https:\/\/www.ca-autofinance.ch\/fr\/#website\",\"url\":\"https:\/\/www.ca-autofinance.ch\/fr\/\",\"name\":\"CA Auto Finance Suisse SA\",\"description\":\"\",\"publisher\":{\"@id\":\"https:\/\/www.ca-autofinance.ch\/fr\/#organization\"},\"potentialAction\":[{\"@type\":\"SearchAction\",\"target\":{\"@type\":\"EntryPoint\",\"urlTemplate\":\"https:\/\/www.ca-autofinance.ch\/fr\/?s={search_term_string}\"},\"query-input\":{\"@type\":\"PropertyValueSpecification\",\"valueRequired\":true,\"valueName\":\"search_term_string\"}}],\"inLanguage\":\"fr-FR\"},{\"@type\":\"Organization\",\"@id\":\"https:\/\/www.ca-autofinance.ch\/fr\/#organization\",\"name\":\"CA Auto Finance Suisse SA\",\"url\":\"https:\/\/www.ca-autofinance.ch\/fr\/\",\"logo\":{\"@type\":\"ImageObject\",\"inLanguage\":\"fr-FR\",\"@id\":\"https:\/\/www.ca-autofinance.ch\/fr\/#\/schema\/logo\/image\/\",\"url\":\"https:\/\/www.ca-autofinance.ch\/wp-content\/uploads\/sites\/14\/2023\/04\/LOGO-CA-AUTO-FINANCE_696x696.png\",\"contentUrl\":\"https:\/\/www.ca-autofinance.ch\/wp-content\/uploads\/sites\/14\/2023\/04\/LOGO-CA-AUTO-FINANCE_696x696.png\",\"width\":696,\"height\":696,\"caption\":\"CA Auto Finance Suisse SA\"},\"image\":{\"@id\":\"https:\/\/www.ca-autofinance.ch\/fr\/#\/schema\/logo\/image\/\"}}]}<\/script>\n<!-- \/ Yoast SEO plugin. -->","yoast_head_json":{"title":"PLAN DE D\u00c9VELOPPEMENT DURABLE - CA Auto Finance Suisse SA","robots":{"index":"index","follow":"follow","max-snippet":"max-snippet:-1","max-image-preview":"max-image-preview:large","max-video-preview":"max-video-preview:-1"},"canonical":"https:\/\/www.ca-autofinance.ch\/fr\/durabilite\/plan-de-developpement-durable\/","og_locale":"fr_FR","og_type":"article","og_title":"PLAN DE D\u00c9VELOPPEMENT DURABLE - CA Auto Finance Suisse SA","og_url":"https:\/\/www.ca-autofinance.ch\/fr\/durabilite\/plan-de-developpement-durable\/","og_site_name":"CA Auto Finance Suisse SA","article_modified_time":"2024-11-26T16:03:47+00:00","og_image":[{"width":1200,"height":675,"url":"https:\/\/www.ca-autofinance.ch\/wp-content\/uploads\/sites\/14\/2023\/04\/LOGO-CA-AUTO-FINANCE_1200x675.png","type":"image\/png"}],"twitter_card":"summary_large_image","schema":{"@context":"https:\/\/schema.org","@graph":[{"@type":"WebPage","@id":"https:\/\/www.ca-autofinance.ch\/fr\/durabilite\/plan-de-developpement-durable\/","url":"https:\/\/www.ca-autofinance.ch\/fr\/durabilite\/plan-de-developpement-durable\/","name":"PLAN DE D\u00c9VELOPPEMENT DURABLE - CA Auto Finance Suisse SA","isPartOf":{"@id":"https:\/\/www.ca-autofinance.ch\/fr\/#website"},"datePublished":"2024-06-07T09:18:44+00:00","dateModified":"2024-11-26T16:03:47+00:00","breadcrumb":{"@id":"https:\/\/www.ca-autofinance.ch\/fr\/durabilite\/plan-de-developpement-durable\/#breadcrumb"},"inLanguage":"fr-FR","potentialAction":[{"@type":"ReadAction","target":["https:\/\/www.ca-autofinance.ch\/fr\/durabilite\/plan-de-developpement-durable\/"]}]},{"@type":"BreadcrumbList","@id":"https:\/\/www.ca-autofinance.ch\/fr\/durabilite\/plan-de-developpement-durable\/#breadcrumb","itemListElement":[{"@type":"ListItem","position":1,"name":"Accueil","item":"https:\/\/www.ca-autofinance.ch\/fr\/"},{"@type":"ListItem","position":2,"name":"Durabilit\u00e9","item":"https:\/\/www.ca-autofinance.ch\/fr\/durabilite\/"},{"@type":"ListItem","position":3,"name":"PLAN DE D\u00c9VELOPPEMENT DURABLE"}]},{"@type":"WebSite","@id":"https:\/\/www.ca-autofinance.ch\/fr\/#website","url":"https:\/\/www.ca-autofinance.ch\/fr\/","name":"CA Auto Finance Suisse SA","description":"","publisher":{"@id":"https:\/\/www.ca-autofinance.ch\/fr\/#organization"},"potentialAction":[{"@type":"SearchAction","target":{"@type":"EntryPoint","urlTemplate":"https:\/\/www.ca-autofinance.ch\/fr\/?s={search_term_string}"},"query-input":{"@type":"PropertyValueSpecification","valueRequired":true,"valueName":"search_term_string"}}],"inLanguage":"fr-FR"},{"@type":"Organization","@id":"https:\/\/www.ca-autofinance.ch\/fr\/#organization","name":"CA Auto Finance Suisse SA","url":"https:\/\/www.ca-autofinance.ch\/fr\/","logo":{"@type":"ImageObject","inLanguage":"fr-FR","@id":"https:\/\/www.ca-autofinance.ch\/fr\/#\/schema\/logo\/image\/","url":"https:\/\/www.ca-autofinance.ch\/wp-content\/uploads\/sites\/14\/2023\/04\/LOGO-CA-AUTO-FINANCE_696x696.png","contentUrl":"https:\/\/www.ca-autofinance.ch\/wp-content\/uploads\/sites\/14\/2023\/04\/LOGO-CA-AUTO-FINANCE_696x696.png","width":696,"height":696,"caption":"CA Auto Finance Suisse SA"},"image":{"@id":"https:\/\/www.ca-autofinance.ch\/fr\/#\/schema\/logo\/image\/"}}]}},"_links":{"self":[{"href":"https:\/\/www.ca-autofinance.ch\/fr\/wp-json\/wp\/v2\/pages\/5746","targetHints":{"allow":["GET"]}}],"collection":[{"href":"https:\/\/www.ca-autofinance.ch\/fr\/wp-json\/wp\/v2\/pages"}],"about":[{"href":"https:\/\/www.ca-autofinance.ch\/fr\/wp-json\/wp\/v2\/types\/page"}],"author":[{"embeddable":true,"href":"https:\/\/www.ca-autofinance.ch\/fr\/wp-json\/wp\/v2\/users\/35"}],"replies":[{"embeddable":true,"href":"https:\/\/www.ca-autofinance.ch\/fr\/wp-json\/wp\/v2\/comments?post=5746"}],"version-history":[{"count":5,"href":"https:\/\/www.ca-autofinance.ch\/fr\/wp-json\/wp\/v2\/pages\/5746\/revisions"}],"predecessor-version":[{"id":6428,"href":"https:\/\/www.ca-autofinance.ch\/fr\/wp-json\/wp\/v2\/pages\/5746\/revisions\/6428"}],"up":[{"embeddable":true,"href":"https:\/\/www.ca-autofinance.ch\/fr\/wp-json\/wp\/v2\/pages\/5764"}],"wp:attachment":[{"href":"https:\/\/www.ca-autofinance.ch\/fr\/wp-json\/wp\/v2\/media?parent=5746"}],"curies":[{"name":"wp","href":"https:\/\/api.w.org\/{rel}","templated":true}]}}