{"id":1193,"date":"2023-03-06T16:40:34","date_gmt":"2023-03-06T16:40:34","guid":{"rendered":"https:\/\/www.ca-autofinance.ch\/transparence\/beschwerden\/"},"modified":"2024-02-16T13:46:18","modified_gmt":"2024-02-16T13:46:18","slug":"reclamations","status":"publish","type":"page","link":"https:\/\/www.ca-autofinance.ch\/fr\/transparence\/reclamations\/","title":{"rendered":"R\u00e9clamations"},"content":{"rendered":"\n        <div\n            id=\"block_cd75a4f9-f31b-47d0-a6cd-49f176676803\"\n            class=\"wp-block internal-header-block \"\n                    >\n\n        <h1><strong>R\u00e9clamations<\/strong><\/h1>\n\n\n        <\/div>\n    \n\n\n\n\n\n\n        <div\n            id=\"block_c4e8ac11-364e-4d12-8e77-5361396dfa52\"\n            class=\"wp-block rich-text-block rich-text-block-bg-transparent \"\n                    >\n\n        \n<div class=\"cms-txt\"><p>En cas de r\u00e9clamation, nous vous prions de bien vouloir nous communiquer votre exp\u00e9rience, en pr\u00e9cisant le num\u00e9ro de contrat et une br\u00e8ve description du cas \u00e0 l\u2019adresse e-mail suivante <a href=\"mailto:reclamation.ch@ca-autobank.com\">reclamation.ch@ca-autofinance.ch<\/a>. Nous analyserons le cas afin d\u2019offrir un service toujours meilleur.<\/p>\n<\/div>\n\n\n        <\/div>\n    ","protected":false},"excerpt":{"rendered":"","protected":false},"author":35,"featured_media":0,"parent":585,"menu_order":0,"comment_status":"closed","ping_status":"closed","template":"","meta":{"_acf_changed":false,"_relevanssi_hide_post":"","_relevanssi_hide_content":"","_relevanssi_pin_for_all":"","_relevanssi_pin_keywords":"","_relevanssi_unpin_keywords":"","_relevanssi_related_keywords":"","_relevanssi_related_include_ids":"","_relevanssi_related_exclude_ids":"","_relevanssi_related_no_append":"","_relevanssi_related_not_related":"","_relevanssi_related_posts":"1","_relevanssi_noindex_reason":"","footnotes":""},"class_list":["post-1193","page","type-page","status-publish","hentry"],"acf":[],"yoast_head":"<!-- This site is optimized with the Yoast SEO plugin v27.4 - https:\/\/yoast.com\/product\/yoast-seo-wordpress\/ -->\n<title>R\u00e9clamations - CA Auto Finance Suisse SA<\/title>\n<meta name=\"robots\" content=\"index, follow, max-snippet:-1, max-image-preview:large, max-video-preview:-1\" \/>\n<link rel=\"canonical\" href=\"https:\/\/www.ca-autofinance.ch\/fr\/transparence\/reclamations\/\" \/>\n<meta property=\"og:locale\" content=\"fr_FR\" \/>\n<meta property=\"og:type\" content=\"article\" \/>\n<meta property=\"og:title\" content=\"R\u00e9clamations - CA Auto Finance Suisse SA\" \/>\n<meta property=\"og:url\" content=\"https:\/\/www.ca-autofinance.ch\/fr\/transparence\/reclamations\/\" \/>\n<meta property=\"og:site_name\" content=\"CA Auto Finance Suisse SA\" \/>\n<meta property=\"article:modified_time\" content=\"2024-02-16T13:46:18+00:00\" \/>\n<meta property=\"og:image\" content=\"https:\/\/www.ca-autofinance.ch\/wp-content\/uploads\/sites\/14\/2023\/04\/LOGO-CA-AUTO-FINANCE_1200x675.png\" \/>\n\t<meta property=\"og:image:width\" content=\"1200\" \/>\n\t<meta property=\"og:image:height\" content=\"675\" \/>\n\t<meta property=\"og:image:type\" content=\"image\/png\" \/>\n<meta name=\"twitter:card\" content=\"summary_large_image\" \/>\n<script type=\"application\/ld+json\" class=\"yoast-schema-graph\">{\"@context\":\"https:\\\/\\\/schema.org\",\"@graph\":[{\"@type\":\"WebPage\",\"@id\":\"https:\\\/\\\/www.ca-autofinance.ch\\\/fr\\\/transparence\\\/reclamations\\\/\",\"url\":\"https:\\\/\\\/www.ca-autofinance.ch\\\/fr\\\/transparence\\\/reclamations\\\/\",\"name\":\"R\u00e9clamations - CA Auto Finance Suisse SA\",\"isPartOf\":{\"@id\":\"https:\\\/\\\/www.ca-autofinance.ch\\\/fr\\\/#website\"},\"datePublished\":\"2023-03-06T16:40:34+00:00\",\"dateModified\":\"2024-02-16T13:46:18+00:00\",\"breadcrumb\":{\"@id\":\"https:\\\/\\\/www.ca-autofinance.ch\\\/fr\\\/transparence\\\/reclamations\\\/#breadcrumb\"},\"inLanguage\":\"fr-FR\",\"potentialAction\":[{\"@type\":\"ReadAction\",\"target\":[\"https:\\\/\\\/www.ca-autofinance.ch\\\/fr\\\/transparence\\\/reclamations\\\/\"]}]},{\"@type\":\"BreadcrumbList\",\"@id\":\"https:\\\/\\\/www.ca-autofinance.ch\\\/fr\\\/transparence\\\/reclamations\\\/#breadcrumb\",\"itemListElement\":[{\"@type\":\"ListItem\",\"position\":1,\"name\":\"Accueil\",\"item\":\"https:\\\/\\\/www.ca-autofinance.ch\\\/fr\\\/\"},{\"@type\":\"ListItem\",\"position\":2,\"name\":\"Transparence\",\"item\":\"https:\\\/\\\/www.ca-autofinance.ch\\\/fr\\\/transparence\\\/\"},{\"@type\":\"ListItem\",\"position\":3,\"name\":\"R\u00e9clamations\"}]},{\"@type\":\"WebSite\",\"@id\":\"https:\\\/\\\/www.ca-autofinance.ch\\\/fr\\\/#website\",\"url\":\"https:\\\/\\\/www.ca-autofinance.ch\\\/fr\\\/\",\"name\":\"CA Auto Finance Suisse SA\",\"description\":\"\",\"publisher\":{\"@id\":\"https:\\\/\\\/www.ca-autofinance.ch\\\/fr\\\/#organization\"},\"potentialAction\":[{\"@type\":\"SearchAction\",\"target\":{\"@type\":\"EntryPoint\",\"urlTemplate\":\"https:\\\/\\\/www.ca-autofinance.ch\\\/fr\\\/?s={search_term_string}\"},\"query-input\":{\"@type\":\"PropertyValueSpecification\",\"valueRequired\":true,\"valueName\":\"search_term_string\"}}],\"inLanguage\":\"fr-FR\"},{\"@type\":\"Organization\",\"@id\":\"https:\\\/\\\/www.ca-autofinance.ch\\\/fr\\\/#organization\",\"name\":\"CA Auto Finance Suisse SA\",\"url\":\"https:\\\/\\\/www.ca-autofinance.ch\\\/fr\\\/\",\"logo\":{\"@type\":\"ImageObject\",\"inLanguage\":\"fr-FR\",\"@id\":\"https:\\\/\\\/www.ca-autofinance.ch\\\/fr\\\/#\\\/schema\\\/logo\\\/image\\\/\",\"url\":\"https:\\\/\\\/www.ca-autofinance.ch\\\/wp-content\\\/uploads\\\/sites\\\/14\\\/2023\\\/04\\\/LOGO-CA-AUTO-FINANCE_696x696.png\",\"contentUrl\":\"https:\\\/\\\/www.ca-autofinance.ch\\\/wp-content\\\/uploads\\\/sites\\\/14\\\/2023\\\/04\\\/LOGO-CA-AUTO-FINANCE_696x696.png\",\"width\":696,\"height\":696,\"caption\":\"CA Auto Finance Suisse SA\"},\"image\":{\"@id\":\"https:\\\/\\\/www.ca-autofinance.ch\\\/fr\\\/#\\\/schema\\\/logo\\\/image\\\/\"}}]}<\/script>\n<!-- \/ Yoast SEO plugin. -->","yoast_head_json":{"title":"R\u00e9clamations - CA Auto Finance Suisse SA","robots":{"index":"index","follow":"follow","max-snippet":"max-snippet:-1","max-image-preview":"max-image-preview:large","max-video-preview":"max-video-preview:-1"},"canonical":"https:\/\/www.ca-autofinance.ch\/fr\/transparence\/reclamations\/","og_locale":"fr_FR","og_type":"article","og_title":"R\u00e9clamations - CA Auto Finance Suisse SA","og_url":"https:\/\/www.ca-autofinance.ch\/fr\/transparence\/reclamations\/","og_site_name":"CA Auto Finance Suisse SA","article_modified_time":"2024-02-16T13:46:18+00:00","og_image":[{"width":1200,"height":675,"url":"https:\/\/www.ca-autofinance.ch\/wp-content\/uploads\/sites\/14\/2023\/04\/LOGO-CA-AUTO-FINANCE_1200x675.png","type":"image\/png"}],"twitter_card":"summary_large_image","schema":{"@context":"https:\/\/schema.org","@graph":[{"@type":"WebPage","@id":"https:\/\/www.ca-autofinance.ch\/fr\/transparence\/reclamations\/","url":"https:\/\/www.ca-autofinance.ch\/fr\/transparence\/reclamations\/","name":"R\u00e9clamations - CA Auto Finance Suisse SA","isPartOf":{"@id":"https:\/\/www.ca-autofinance.ch\/fr\/#website"},"datePublished":"2023-03-06T16:40:34+00:00","dateModified":"2024-02-16T13:46:18+00:00","breadcrumb":{"@id":"https:\/\/www.ca-autofinance.ch\/fr\/transparence\/reclamations\/#breadcrumb"},"inLanguage":"fr-FR","potentialAction":[{"@type":"ReadAction","target":["https:\/\/www.ca-autofinance.ch\/fr\/transparence\/reclamations\/"]}]},{"@type":"BreadcrumbList","@id":"https:\/\/www.ca-autofinance.ch\/fr\/transparence\/reclamations\/#breadcrumb","itemListElement":[{"@type":"ListItem","position":1,"name":"Accueil","item":"https:\/\/www.ca-autofinance.ch\/fr\/"},{"@type":"ListItem","position":2,"name":"Transparence","item":"https:\/\/www.ca-autofinance.ch\/fr\/transparence\/"},{"@type":"ListItem","position":3,"name":"R\u00e9clamations"}]},{"@type":"WebSite","@id":"https:\/\/www.ca-autofinance.ch\/fr\/#website","url":"https:\/\/www.ca-autofinance.ch\/fr\/","name":"CA Auto Finance Suisse SA","description":"","publisher":{"@id":"https:\/\/www.ca-autofinance.ch\/fr\/#organization"},"potentialAction":[{"@type":"SearchAction","target":{"@type":"EntryPoint","urlTemplate":"https:\/\/www.ca-autofinance.ch\/fr\/?s={search_term_string}"},"query-input":{"@type":"PropertyValueSpecification","valueRequired":true,"valueName":"search_term_string"}}],"inLanguage":"fr-FR"},{"@type":"Organization","@id":"https:\/\/www.ca-autofinance.ch\/fr\/#organization","name":"CA Auto Finance Suisse SA","url":"https:\/\/www.ca-autofinance.ch\/fr\/","logo":{"@type":"ImageObject","inLanguage":"fr-FR","@id":"https:\/\/www.ca-autofinance.ch\/fr\/#\/schema\/logo\/image\/","url":"https:\/\/www.ca-autofinance.ch\/wp-content\/uploads\/sites\/14\/2023\/04\/LOGO-CA-AUTO-FINANCE_696x696.png","contentUrl":"https:\/\/www.ca-autofinance.ch\/wp-content\/uploads\/sites\/14\/2023\/04\/LOGO-CA-AUTO-FINANCE_696x696.png","width":696,"height":696,"caption":"CA Auto Finance Suisse SA"},"image":{"@id":"https:\/\/www.ca-autofinance.ch\/fr\/#\/schema\/logo\/image\/"}}]}},"_links":{"self":[{"href":"https:\/\/www.ca-autofinance.ch\/fr\/wp-json\/wp\/v2\/pages\/1193","targetHints":{"allow":["GET"]}}],"collection":[{"href":"https:\/\/www.ca-autofinance.ch\/fr\/wp-json\/wp\/v2\/pages"}],"about":[{"href":"https:\/\/www.ca-autofinance.ch\/fr\/wp-json\/wp\/v2\/types\/page"}],"author":[{"embeddable":true,"href":"https:\/\/www.ca-autofinance.ch\/fr\/wp-json\/wp\/v2\/users\/35"}],"replies":[{"embeddable":true,"href":"https:\/\/www.ca-autofinance.ch\/fr\/wp-json\/wp\/v2\/comments?post=1193"}],"version-history":[{"count":2,"href":"https:\/\/www.ca-autofinance.ch\/fr\/wp-json\/wp\/v2\/pages\/1193\/revisions"}],"predecessor-version":[{"id":5191,"href":"https:\/\/www.ca-autofinance.ch\/fr\/wp-json\/wp\/v2\/pages\/1193\/revisions\/5191"}],"up":[{"embeddable":true,"href":"https:\/\/www.ca-autofinance.ch\/fr\/wp-json\/wp\/v2\/pages\/585"}],"wp:attachment":[{"href":"https:\/\/www.ca-autofinance.ch\/fr\/wp-json\/wp\/v2\/media?parent=1193"}],"curies":[{"name":"wp","href":"https:\/\/api.w.org\/{rel}","templated":true}]}}