{"id":1189,"date":"2023-03-06T16:39:33","date_gmt":"2023-03-06T16:39:33","guid":{"rendered":"https:\/\/www.ca-autofinance.ch\/transparence\/versicherungen\/"},"modified":"2025-12-17T14:04:30","modified_gmt":"2025-12-17T14:04:30","slug":"assurances","status":"publish","type":"page","link":"https:\/\/www.ca-autofinance.ch\/fr\/transparence\/assurances\/","title":{"rendered":"Assurances"},"content":{"rendered":"\n        <div\n            id=\"block_2cad9cca-fcda-4e8c-b0af-21c5c22e4395\"\n            class=\"wp-block internal-header-block \"\n                    >\n\n        <h1><strong>Assurances<\/strong><\/h1>\n\n\n        <\/div>\n    \n\n\n\n\n\n\n        <div\n            id=\"block_fa6786be-b8c4-4565-a8c7-8c51d7eb99b6\"\n            class=\"wp-block rich-text-block rich-text-block-bg-transparent \"\n                    >\n\n        \n<div class=\"cms-txt\"><h3>1. Assurance mensualit\u00e9s COMFORT<\/h3>\n<\/div>\n\n\n        <\/div>\n    \n\n\n        <div\n            id=\"block_722b3288-1403-46b5-b251-fa6cbe15f5ed\"\n            class=\"wp-block file-download-block \"\n                    >\n\n        \n<div class=\"file-download-block--container\">\n            \n\n    <div class=\"file-download\">\n        <a\n            href=\"https:\/\/www.ca-autofinance.ch\/wp-content\/uploads\/sites\/14\/2025\/11\/AXA-Information-clients-CPI.pdf\"\n            target=\"_blank\"\n            class=\"\"\n            title=\"T\u00e9l\u00e9charger Informations clients AXA\"\n        >\n\n            \n            <div><strong>Informations clients AXA<\/strong><\/div>\n\n                    <\/a>\n                <div class=\"file-download__option\">\n            <div class=\"file-view-icon\">\n                <a\n                    href=\"https:\/\/www.ca-autofinance.ch\/wp-content\/uploads\/sites\/14\/2025\/11\/AXA-Information-clients-CPI.pdf\"\n                    target=\"_blank\"\n                    title=\"Voir Informations clients AXA\"\n                >\n                    Voir                    <img decoding=\"async\"\n                        src=\"https:\/\/www.ca-autofinance.ch\/wp-content\/themes\/CAAB\/assets\/img\/icons\/view-file.svg\"\n                        alt=\"\"\n                    \/>\n                <\/a>\n            <\/div>\n            <div class=\"file-download-icon\">\n                <a\n                    href=\"https:\/\/www.ca-autofinance.ch\/wp-content\/uploads\/sites\/14\/2025\/11\/AXA-Information-clients-CPI.pdf\"\n                    download\n                    target=\"_blank\"\n                    title=\"T\u00e9l\u00e9charger Informations clients AXA\"\"\n                >\n                    T\u00e9l\u00e9charger                    <img decoding=\"async\"\n                        src=\"https:\/\/www.ca-autofinance.ch\/wp-content\/themes\/CAAB\/assets\/img\/icons\/download.svg\"\n                        alt=\"\"\n                    \/>\n                <\/a>\n            <\/div>\n        <\/div>\n        \n    <\/div>\n\n<\/div>\n        <\/div>\n    \n\n\n\n\n\n\n        <div\n            id=\"block_87677e0a-580c-4bc1-8ed2-ccde67056bf0\"\n            class=\"wp-block file-download-block \"\n                    >\n\n        \n<div class=\"file-download-block--container\">\n            \n\n    <div class=\"file-download\">\n        <a\n            href=\"https:\/\/www.ca-autofinance.ch\/wp-content\/uploads\/sites\/14\/2024\/11\/AXA-Declaration-dadhesion-CPI.pdf\"\n            target=\"_blank\"\n            class=\"\"\n            title=\"T\u00e9l\u00e9charger D\u00e9claration d\u2019adh\u00e9sion AXA\"\n        >\n\n            \n            <div><strong>D\u00e9claration d\u2019adh\u00e9sion AXA<\/strong><\/div>\n\n                    <\/a>\n                <div class=\"file-download__option\">\n            <div class=\"file-view-icon\">\n                <a\n                    href=\"https:\/\/www.ca-autofinance.ch\/wp-content\/uploads\/sites\/14\/2024\/11\/AXA-Declaration-dadhesion-CPI.pdf\"\n                    target=\"_blank\"\n                    title=\"Voir D\u00e9claration d\u2019adh\u00e9sion AXA\"\n                >\n                    Voir                    <img decoding=\"async\"\n                        src=\"https:\/\/www.ca-autofinance.ch\/wp-content\/themes\/CAAB\/assets\/img\/icons\/view-file.svg\"\n                        alt=\"\"\n                    \/>\n                <\/a>\n            <\/div>\n            <div class=\"file-download-icon\">\n                <a\n                    href=\"https:\/\/www.ca-autofinance.ch\/wp-content\/uploads\/sites\/14\/2024\/11\/AXA-Declaration-dadhesion-CPI.pdf\"\n                    download\n                    target=\"_blank\"\n                    title=\"T\u00e9l\u00e9charger D\u00e9claration d\u2019adh\u00e9sion AXA\"\"\n                >\n                    T\u00e9l\u00e9charger                    <img decoding=\"async\"\n                        src=\"https:\/\/www.ca-autofinance.ch\/wp-content\/themes\/CAAB\/assets\/img\/icons\/download.svg\"\n                        alt=\"\"\n                    \/>\n                <\/a>\n            <\/div>\n        <\/div>\n        \n    <\/div>\n\n<\/div>\n        <\/div>\n    \n\n\n\n\n\n\n        <div\n            id=\"block_15de2377-c1f3-41fb-952f-307f4964cf45\"\n            class=\"wp-block file-download-block \"\n                    >\n\n        \n<div class=\"file-download-block--container\">\n            \n\n    <div class=\"file-download\">\n        <a\n            href=\"https:\/\/www.ca-autofinance.ch\/wp-content\/uploads\/sites\/14\/2025\/11\/AXA-Conditions-generals-CPI.pdf\"\n            target=\"_blank\"\n            class=\"\"\n            title=\"T\u00e9l\u00e9charger Conditions g\u00e9n\u00e9rales d'assurance AXA \"\n        >\n\n            \n            <div><strong>Conditions g\u00e9n\u00e9rales d&rsquo;assurance AXA <\/strong><\/div>\n\n                    <\/a>\n                <div class=\"file-download__option\">\n            <div class=\"file-view-icon\">\n                <a\n                    href=\"https:\/\/www.ca-autofinance.ch\/wp-content\/uploads\/sites\/14\/2025\/11\/AXA-Conditions-generals-CPI.pdf\"\n                    target=\"_blank\"\n                    title=\"Voir Conditions g\u00e9n\u00e9rales d'assurance AXA \"\n                >\n                    Voir                    <img decoding=\"async\"\n                        src=\"https:\/\/www.ca-autofinance.ch\/wp-content\/themes\/CAAB\/assets\/img\/icons\/view-file.svg\"\n                        alt=\"\"\n                    \/>\n                <\/a>\n            <\/div>\n            <div class=\"file-download-icon\">\n                <a\n                    href=\"https:\/\/www.ca-autofinance.ch\/wp-content\/uploads\/sites\/14\/2025\/11\/AXA-Conditions-generals-CPI.pdf\"\n                    download\n                    target=\"_blank\"\n                    title=\"T\u00e9l\u00e9charger Conditions g\u00e9n\u00e9rales d'assurance AXA \"\"\n                >\n                    T\u00e9l\u00e9charger                    <img decoding=\"async\"\n                        src=\"https:\/\/www.ca-autofinance.ch\/wp-content\/themes\/CAAB\/assets\/img\/icons\/download.svg\"\n                        alt=\"\"\n                    \/>\n                <\/a>\n            <\/div>\n        <\/div>\n        \n    <\/div>\n\n<\/div>\n        <\/div>\n    \n\n\n\n\n\n\n        <div\n            id=\"block_d28dccdc-7ec6-40b4-8d73-1ab4876a42b7\"\n            class=\"wp-block spacer-block \"\n                    >\n\n        \n<div class=\"spacer-50\"><\/div>\n\n\n        <\/div>\n    \n\n\n\n\n\n\n        <div\n            id=\"block_88b32a8b-2488-4a8a-804d-16f5a3c748d6\"\n            class=\"wp-block rich-text-block rich-text-block-bg-transparent \"\n                    >\n\n        \n<div class=\"cms-txt\"><h3>2. Assurance GAP \u2013 protection du prix d\u2019achat<\/h3>\n<\/div>\n\n\n        <\/div>\n    \n\n\n        <div\n            id=\"block_595e3636-c472-4ec6-be09-e2a7a3565aef\"\n            class=\"wp-block file-download-block \"\n                    >\n\n        \n<div class=\"file-download-block--container\">\n            \n\n    <div class=\"file-download\">\n        <a\n            href=\"https:\/\/www.ca-autofinance.ch\/wp-content\/uploads\/sites\/14\/2025\/09\/AXA-Information-clients-GAP.pdf\"\n            target=\"_blank\"\n            class=\"\"\n            title=\"T\u00e9l\u00e9charger Information clients AXA\"\n        >\n\n            \n            <div><strong>Information clients AXA<\/strong><\/div>\n\n                    <\/a>\n                <div class=\"file-download__option\">\n            <div class=\"file-view-icon\">\n                <a\n                    href=\"https:\/\/www.ca-autofinance.ch\/wp-content\/uploads\/sites\/14\/2025\/09\/AXA-Information-clients-GAP.pdf\"\n                    target=\"_blank\"\n                    title=\"Voir Information clients AXA\"\n                >\n                    Voir                    <img decoding=\"async\"\n                        src=\"https:\/\/www.ca-autofinance.ch\/wp-content\/themes\/CAAB\/assets\/img\/icons\/view-file.svg\"\n                        alt=\"\"\n                    \/>\n                <\/a>\n            <\/div>\n            <div class=\"file-download-icon\">\n                <a\n                    href=\"https:\/\/www.ca-autofinance.ch\/wp-content\/uploads\/sites\/14\/2025\/09\/AXA-Information-clients-GAP.pdf\"\n                    download\n                    target=\"_blank\"\n                    title=\"T\u00e9l\u00e9charger Information clients AXA\"\"\n                >\n                    T\u00e9l\u00e9charger                    <img decoding=\"async\"\n                        src=\"https:\/\/www.ca-autofinance.ch\/wp-content\/themes\/CAAB\/assets\/img\/icons\/download.svg\"\n                        alt=\"\"\n                    \/>\n                <\/a>\n            <\/div>\n        <\/div>\n        \n    <\/div>\n\n<\/div>\n        <\/div>\n    \n\n\n\n\n\n\n        <div\n            id=\"block_01e05e9e-ed0e-4a4c-98bb-d6807ee7672e\"\n            class=\"wp-block file-download-block \"\n                    >\n\n        \n<div class=\"file-download-block--container\">\n            \n\n    <div class=\"file-download\">\n        <a\n            href=\"https:\/\/www.ca-autofinance.ch\/wp-content\/uploads\/sites\/14\/2025\/09\/AXA-Conditons-generales-GAP.pdf\"\n            target=\"_blank\"\n            class=\"\"\n            title=\"T\u00e9l\u00e9charger Conditions g\u00e9n\u00e9rales assurance AXA\"\n        >\n\n            \n            <div><strong>Conditions g\u00e9n\u00e9rales assurance AXA<\/strong><\/div>\n\n                    <\/a>\n                <div class=\"file-download__option\">\n            <div class=\"file-view-icon\">\n                <a\n                    href=\"https:\/\/www.ca-autofinance.ch\/wp-content\/uploads\/sites\/14\/2025\/09\/AXA-Conditons-generales-GAP.pdf\"\n                    target=\"_blank\"\n                    title=\"Voir Conditions g\u00e9n\u00e9rales assurance AXA\"\n                >\n                    Voir                    <img decoding=\"async\"\n                        src=\"https:\/\/www.ca-autofinance.ch\/wp-content\/themes\/CAAB\/assets\/img\/icons\/view-file.svg\"\n                        alt=\"\"\n                    \/>\n                <\/a>\n            <\/div>\n            <div class=\"file-download-icon\">\n                <a\n                    href=\"https:\/\/www.ca-autofinance.ch\/wp-content\/uploads\/sites\/14\/2025\/09\/AXA-Conditons-generales-GAP.pdf\"\n                    download\n                    target=\"_blank\"\n                    title=\"T\u00e9l\u00e9charger Conditions g\u00e9n\u00e9rales assurance AXA\"\"\n                >\n                    T\u00e9l\u00e9charger                    <img decoding=\"async\"\n                        src=\"https:\/\/www.ca-autofinance.ch\/wp-content\/themes\/CAAB\/assets\/img\/icons\/download.svg\"\n                        alt=\"\"\n                    \/>\n                <\/a>\n            <\/div>\n        <\/div>\n        \n    <\/div>\n\n<\/div>\n        <\/div>\n    \n\n\n\n\n\n\n        <div\n            id=\"block_22a53665-116c-454d-a46e-9cc293422cec\"\n            class=\"wp-block file-download-block \"\n                    >\n\n        \n<div class=\"file-download-block--container\">\n            \n\n    <div class=\"file-download\">\n        <a\n            href=\"https:\/\/www.ca-autofinance.ch\/wp-content\/uploads\/sites\/14\/2024\/09\/AXA-Declaration-dadhesion-GAP.pdf\"\n            target=\"_blank\"\n            class=\"\"\n            title=\"T\u00e9l\u00e9charger D\u00e9claration d'adh\u00e9sion AXA\"\n        >\n\n            \n            <div><strong>D\u00e9claration d&rsquo;adh\u00e9sion AXA<\/strong><\/div>\n\n                    <\/a>\n                <div class=\"file-download__option\">\n            <div class=\"file-view-icon\">\n                <a\n                    href=\"https:\/\/www.ca-autofinance.ch\/wp-content\/uploads\/sites\/14\/2024\/09\/AXA-Declaration-dadhesion-GAP.pdf\"\n                    target=\"_blank\"\n                    title=\"Voir D\u00e9claration d'adh\u00e9sion AXA\"\n                >\n                    Voir                    <img decoding=\"async\"\n                        src=\"https:\/\/www.ca-autofinance.ch\/wp-content\/themes\/CAAB\/assets\/img\/icons\/view-file.svg\"\n                        alt=\"\"\n                    \/>\n                <\/a>\n            <\/div>\n            <div class=\"file-download-icon\">\n                <a\n                    href=\"https:\/\/www.ca-autofinance.ch\/wp-content\/uploads\/sites\/14\/2024\/09\/AXA-Declaration-dadhesion-GAP.pdf\"\n                    download\n                    target=\"_blank\"\n                    title=\"T\u00e9l\u00e9charger D\u00e9claration d'adh\u00e9sion AXA\"\"\n                >\n                    T\u00e9l\u00e9charger                    <img decoding=\"async\"\n                        src=\"https:\/\/www.ca-autofinance.ch\/wp-content\/themes\/CAAB\/assets\/img\/icons\/download.svg\"\n                        alt=\"\"\n                    \/>\n                <\/a>\n            <\/div>\n        <\/div>\n        \n    <\/div>\n\n<\/div>\n        <\/div>\n    \n\n\n\n\n\n\n        <div\n            id=\"block_c0569208-ac43-4374-b373-212d3c441979\"\n            class=\"wp-block spacer-block \"\n                    >\n\n        \n<div class=\"spacer-50\"><\/div>\n\n\n        <\/div>\n    \n\n\n\n\n\n\n\n\n\n\n\n\n\n\n\n\n        <div\n            id=\"block_14ece316-8265-48b6-a874-88189c6ded9d\"\n            class=\"wp-block rich-text-block rich-text-block-bg-transparent \"\n                    >\n\n        \n<div class=\"cms-txt\"><h3>4. Assurance de protection juridique AXA-ARAG<\/h3>\n<\/div>\n\n\n        <\/div>\n    \n\n\n        <div\n            id=\"block_a6622a69-c599-48df-b10e-44c6cbc7431e\"\n            class=\"wp-block file-download-block \"\n                    >\n\n        \n<div class=\"file-download-block--container\">\n            \n\n    <div class=\"file-download\">\n        <a\n            href=\"https:\/\/www.ca-autofinance.ch\/wp-content\/uploads\/sites\/14\/2025\/09\/AVB_AXA-ARAG_CAAF_2023-05_FR.pdf\"\n            target=\"_blank\"\n            class=\"\"\n            title=\"T\u00e9l\u00e9charger Conditions g\u00e9n\u00e9rales\"\n        >\n\n            \n            <div><strong>Conditions g\u00e9n\u00e9rales<\/strong><\/div>\n\n                    <\/a>\n                <div class=\"file-download__option\">\n            <div class=\"file-view-icon\">\n                <a\n                    href=\"https:\/\/www.ca-autofinance.ch\/wp-content\/uploads\/sites\/14\/2025\/09\/AVB_AXA-ARAG_CAAF_2023-05_FR.pdf\"\n                    target=\"_blank\"\n                    title=\"Voir Conditions g\u00e9n\u00e9rales\"\n                >\n                    Voir                    <img decoding=\"async\"\n                        src=\"https:\/\/www.ca-autofinance.ch\/wp-content\/themes\/CAAB\/assets\/img\/icons\/view-file.svg\"\n                        alt=\"\"\n                    \/>\n                <\/a>\n            <\/div>\n            <div class=\"file-download-icon\">\n                <a\n                    href=\"https:\/\/www.ca-autofinance.ch\/wp-content\/uploads\/sites\/14\/2025\/09\/AVB_AXA-ARAG_CAAF_2023-05_FR.pdf\"\n                    download\n                    target=\"_blank\"\n                    title=\"T\u00e9l\u00e9charger Conditions g\u00e9n\u00e9rales\"\"\n                >\n                    T\u00e9l\u00e9charger                    <img decoding=\"async\"\n                        src=\"https:\/\/www.ca-autofinance.ch\/wp-content\/themes\/CAAB\/assets\/img\/icons\/download.svg\"\n                        alt=\"\"\n                    \/>\n                <\/a>\n            <\/div>\n        <\/div>\n        \n    <\/div>\n\n<\/div>\n        <\/div>\n    \n\n\n\n\n\n\n        <div\n            id=\"block_0ac21d0b-92cf-4b5b-827f-006545daf215\"\n            class=\"wp-block spacer-block \"\n                    >\n\n        \n<div class=\"spacer-100\"><\/div>\n\n\n        <\/div>\n    \n\n\n\n","protected":false},"excerpt":{"rendered":"","protected":false},"author":35,"featured_media":0,"parent":585,"menu_order":0,"comment_status":"closed","ping_status":"closed","template":"","meta":{"_acf_changed":false,"_relevanssi_hide_post":"","_relevanssi_hide_content":"","_relevanssi_pin_for_all":"","_relevanssi_pin_keywords":"","_relevanssi_unpin_keywords":"","_relevanssi_related_keywords":"","_relevanssi_related_include_ids":"","_relevanssi_related_exclude_ids":"","_relevanssi_related_no_append":"","_relevanssi_related_not_related":"","_relevanssi_related_posts":"1","_relevanssi_noindex_reason":"","footnotes":""},"class_list":["post-1189","page","type-page","status-publish","hentry"],"acf":[],"yoast_head":"<!-- This site is optimized with the Yoast SEO plugin v26.5 - https:\/\/yoast.com\/wordpress\/plugins\/seo\/ -->\n<title>Assurances - CA Auto Finance Suisse SA<\/title>\n<meta name=\"robots\" content=\"index, follow, max-snippet:-1, max-image-preview:large, max-video-preview:-1\" \/>\n<link rel=\"canonical\" href=\"https:\/\/www.ca-autofinance.ch\/fr\/transparence\/assurances\/\" \/>\n<meta property=\"og:locale\" content=\"fr_FR\" \/>\n<meta property=\"og:type\" content=\"article\" \/>\n<meta property=\"og:title\" content=\"Assurances - CA Auto Finance Suisse SA\" \/>\n<meta property=\"og:url\" content=\"https:\/\/www.ca-autofinance.ch\/fr\/transparence\/assurances\/\" \/>\n<meta property=\"og:site_name\" content=\"CA Auto Finance Suisse SA\" \/>\n<meta property=\"article:modified_time\" content=\"2025-12-17T14:04:30+00:00\" \/>\n<meta property=\"og:image\" content=\"https:\/\/www.ca-autofinance.ch\/wp-content\/uploads\/sites\/14\/2023\/04\/LOGO-CA-AUTO-FINANCE_1200x675.png\" \/>\n\t<meta property=\"og:image:width\" content=\"1200\" \/>\n\t<meta property=\"og:image:height\" content=\"675\" \/>\n\t<meta property=\"og:image:type\" content=\"image\/png\" \/>\n<meta name=\"twitter:card\" content=\"summary_large_image\" \/>\n<script type=\"application\/ld+json\" class=\"yoast-schema-graph\">{\"@context\":\"https:\/\/schema.org\",\"@graph\":[{\"@type\":\"WebPage\",\"@id\":\"https:\/\/www.ca-autofinance.ch\/fr\/transparence\/assurances\/\",\"url\":\"https:\/\/www.ca-autofinance.ch\/fr\/transparence\/assurances\/\",\"name\":\"Assurances - CA Auto Finance Suisse SA\",\"isPartOf\":{\"@id\":\"https:\/\/www.ca-autofinance.ch\/fr\/#website\"},\"datePublished\":\"2023-03-06T16:39:33+00:00\",\"dateModified\":\"2025-12-17T14:04:30+00:00\",\"breadcrumb\":{\"@id\":\"https:\/\/www.ca-autofinance.ch\/fr\/transparence\/assurances\/#breadcrumb\"},\"inLanguage\":\"fr-FR\",\"potentialAction\":[{\"@type\":\"ReadAction\",\"target\":[\"https:\/\/www.ca-autofinance.ch\/fr\/transparence\/assurances\/\"]}]},{\"@type\":\"BreadcrumbList\",\"@id\":\"https:\/\/www.ca-autofinance.ch\/fr\/transparence\/assurances\/#breadcrumb\",\"itemListElement\":[{\"@type\":\"ListItem\",\"position\":1,\"name\":\"Accueil\",\"item\":\"https:\/\/www.ca-autofinance.ch\/fr\/\"},{\"@type\":\"ListItem\",\"position\":2,\"name\":\"Transparence\",\"item\":\"https:\/\/www.ca-autofinance.ch\/fr\/transparence\/\"},{\"@type\":\"ListItem\",\"position\":3,\"name\":\"Assurances\"}]},{\"@type\":\"WebSite\",\"@id\":\"https:\/\/www.ca-autofinance.ch\/fr\/#website\",\"url\":\"https:\/\/www.ca-autofinance.ch\/fr\/\",\"name\":\"CA Auto Finance Suisse SA\",\"description\":\"\",\"publisher\":{\"@id\":\"https:\/\/www.ca-autofinance.ch\/fr\/#organization\"},\"potentialAction\":[{\"@type\":\"SearchAction\",\"target\":{\"@type\":\"EntryPoint\",\"urlTemplate\":\"https:\/\/www.ca-autofinance.ch\/fr\/?s={search_term_string}\"},\"query-input\":{\"@type\":\"PropertyValueSpecification\",\"valueRequired\":true,\"valueName\":\"search_term_string\"}}],\"inLanguage\":\"fr-FR\"},{\"@type\":\"Organization\",\"@id\":\"https:\/\/www.ca-autofinance.ch\/fr\/#organization\",\"name\":\"CA Auto Finance Suisse SA\",\"url\":\"https:\/\/www.ca-autofinance.ch\/fr\/\",\"logo\":{\"@type\":\"ImageObject\",\"inLanguage\":\"fr-FR\",\"@id\":\"https:\/\/www.ca-autofinance.ch\/fr\/#\/schema\/logo\/image\/\",\"url\":\"https:\/\/www.ca-autofinance.ch\/wp-content\/uploads\/sites\/14\/2023\/04\/LOGO-CA-AUTO-FINANCE_696x696.png\",\"contentUrl\":\"https:\/\/www.ca-autofinance.ch\/wp-content\/uploads\/sites\/14\/2023\/04\/LOGO-CA-AUTO-FINANCE_696x696.png\",\"width\":696,\"height\":696,\"caption\":\"CA Auto Finance Suisse SA\"},\"image\":{\"@id\":\"https:\/\/www.ca-autofinance.ch\/fr\/#\/schema\/logo\/image\/\"}}]}<\/script>\n<!-- \/ Yoast SEO plugin. -->","yoast_head_json":{"title":"Assurances - CA Auto Finance Suisse SA","robots":{"index":"index","follow":"follow","max-snippet":"max-snippet:-1","max-image-preview":"max-image-preview:large","max-video-preview":"max-video-preview:-1"},"canonical":"https:\/\/www.ca-autofinance.ch\/fr\/transparence\/assurances\/","og_locale":"fr_FR","og_type":"article","og_title":"Assurances - CA Auto Finance Suisse SA","og_url":"https:\/\/www.ca-autofinance.ch\/fr\/transparence\/assurances\/","og_site_name":"CA Auto Finance Suisse SA","article_modified_time":"2025-12-17T14:04:30+00:00","og_image":[{"width":1200,"height":675,"url":"https:\/\/www.ca-autofinance.ch\/wp-content\/uploads\/sites\/14\/2023\/04\/LOGO-CA-AUTO-FINANCE_1200x675.png","type":"image\/png"}],"twitter_card":"summary_large_image","schema":{"@context":"https:\/\/schema.org","@graph":[{"@type":"WebPage","@id":"https:\/\/www.ca-autofinance.ch\/fr\/transparence\/assurances\/","url":"https:\/\/www.ca-autofinance.ch\/fr\/transparence\/assurances\/","name":"Assurances - CA Auto Finance Suisse SA","isPartOf":{"@id":"https:\/\/www.ca-autofinance.ch\/fr\/#website"},"datePublished":"2023-03-06T16:39:33+00:00","dateModified":"2025-12-17T14:04:30+00:00","breadcrumb":{"@id":"https:\/\/www.ca-autofinance.ch\/fr\/transparence\/assurances\/#breadcrumb"},"inLanguage":"fr-FR","potentialAction":[{"@type":"ReadAction","target":["https:\/\/www.ca-autofinance.ch\/fr\/transparence\/assurances\/"]}]},{"@type":"BreadcrumbList","@id":"https:\/\/www.ca-autofinance.ch\/fr\/transparence\/assurances\/#breadcrumb","itemListElement":[{"@type":"ListItem","position":1,"name":"Accueil","item":"https:\/\/www.ca-autofinance.ch\/fr\/"},{"@type":"ListItem","position":2,"name":"Transparence","item":"https:\/\/www.ca-autofinance.ch\/fr\/transparence\/"},{"@type":"ListItem","position":3,"name":"Assurances"}]},{"@type":"WebSite","@id":"https:\/\/www.ca-autofinance.ch\/fr\/#website","url":"https:\/\/www.ca-autofinance.ch\/fr\/","name":"CA Auto Finance Suisse SA","description":"","publisher":{"@id":"https:\/\/www.ca-autofinance.ch\/fr\/#organization"},"potentialAction":[{"@type":"SearchAction","target":{"@type":"EntryPoint","urlTemplate":"https:\/\/www.ca-autofinance.ch\/fr\/?s={search_term_string}"},"query-input":{"@type":"PropertyValueSpecification","valueRequired":true,"valueName":"search_term_string"}}],"inLanguage":"fr-FR"},{"@type":"Organization","@id":"https:\/\/www.ca-autofinance.ch\/fr\/#organization","name":"CA Auto Finance Suisse SA","url":"https:\/\/www.ca-autofinance.ch\/fr\/","logo":{"@type":"ImageObject","inLanguage":"fr-FR","@id":"https:\/\/www.ca-autofinance.ch\/fr\/#\/schema\/logo\/image\/","url":"https:\/\/www.ca-autofinance.ch\/wp-content\/uploads\/sites\/14\/2023\/04\/LOGO-CA-AUTO-FINANCE_696x696.png","contentUrl":"https:\/\/www.ca-autofinance.ch\/wp-content\/uploads\/sites\/14\/2023\/04\/LOGO-CA-AUTO-FINANCE_696x696.png","width":696,"height":696,"caption":"CA Auto Finance Suisse SA"},"image":{"@id":"https:\/\/www.ca-autofinance.ch\/fr\/#\/schema\/logo\/image\/"}}]}},"_links":{"self":[{"href":"https:\/\/www.ca-autofinance.ch\/fr\/wp-json\/wp\/v2\/pages\/1189","targetHints":{"allow":["GET"]}}],"collection":[{"href":"https:\/\/www.ca-autofinance.ch\/fr\/wp-json\/wp\/v2\/pages"}],"about":[{"href":"https:\/\/www.ca-autofinance.ch\/fr\/wp-json\/wp\/v2\/types\/page"}],"author":[{"embeddable":true,"href":"https:\/\/www.ca-autofinance.ch\/fr\/wp-json\/wp\/v2\/users\/35"}],"replies":[{"embeddable":true,"href":"https:\/\/www.ca-autofinance.ch\/fr\/wp-json\/wp\/v2\/comments?post=1189"}],"version-history":[{"count":5,"href":"https:\/\/www.ca-autofinance.ch\/fr\/wp-json\/wp\/v2\/pages\/1189\/revisions"}],"predecessor-version":[{"id":9467,"href":"https:\/\/www.ca-autofinance.ch\/fr\/wp-json\/wp\/v2\/pages\/1189\/revisions\/9467"}],"up":[{"embeddable":true,"href":"https:\/\/www.ca-autofinance.ch\/fr\/wp-json\/wp\/v2\/pages\/585"}],"wp:attachment":[{"href":"https:\/\/www.ca-autofinance.ch\/fr\/wp-json\/wp\/v2\/media?parent=1189"}],"curies":[{"name":"wp","href":"https:\/\/api.w.org\/{rel}","templated":true}]}}